{"id":8278,"date":"2024-11-28T12:41:10","date_gmt":"2024-11-28T12:41:10","guid":{"rendered":"https:\/\/whitelip.com\/cuba-black-ice-spearmint\/"},"modified":"2026-05-06T10:11:12","modified_gmt":"2026-05-06T10:11:12","slug":"cuba-black-ice-spearmint","status":"publish","type":"product","link":"https:\/\/whitelip.com\/da\/cuba\/cuba-black-ice-spearmint\/","title":{"rendered":"CUBA Black Ice Spearmint"},"content":{"rendered":"<h2><b>CUBA Black Ice Spearmint<\/b><\/h2>\n<p><span style=\"font-weight: 400;\">CUBA Black Ice Spearmint nikotinpuder tilbyder en frisk spearmintsmag kombineret med et potent nikotinindhold p\u00e5 43 mg pr. pude, hvilket leverer en st\u00e6rk og oplivende oplevelse. Hver slim, helt hvid pude er designet til diskrethed og komfort, hvilket sikrer en ikke-farvet oplevelse. De sorte puder tilf\u00f8jer en sleek \u00e6stetik til din nikotingl\u00e6de. Hver d\u00e5se indeholder 20 puder, hvilket giver rigeligt udbud til dine behov. Produceret af CUBA, en polsk producent kendt for at blande samtidsmetoder med traditionel kvalitet, eksemplificerer disse puder h\u00f8je standarder og innovative smagskombinatorer.<\/span><\/p>\n<table>\n<tbody>\n<tr>\n<td><b>Attribute<\/b><\/td>\n<td><b>Detaljer<\/b><\/td>\n<\/tr>\n<tr>\n<td><b>Indhold pr. d\u00e5se<\/b><\/td>\n<td><span style=\"font-weight: 400;\">13g (20 poser)<\/span><\/td>\n<\/tr>\n<tr>\n<td><b>Nikotinindhold<\/b><\/td>\n<td><span style=\"font-weight: 400;\">43 mg\/g (43 mg per pouch)<\/span><\/td>\n<\/tr>\n<tr>\n<td><b>Poseformat<\/b><\/td>\n<td><span style=\"font-weight: 400;\">Slim<\/span><\/td>\n<\/tr>\n<tr>\n<td><b>Producent<\/b><\/td>\n<td><span style=\"font-weight: 400;\">CUBA<\/span><\/td>\n<\/tr>\n<tr>\n<td><b>Smag<\/b><\/td>\n<td><span style=\"font-weight: 400;\">Spearmint<\/span><\/td>\n<\/tr>\n<tr>\n<td><b>Type<\/b><\/td>\n<td><span style=\"font-weight: 400;\">Helt hvid pose<\/span><\/td>\n<\/tr>\n<\/tbody>\n<\/table>\n<p>\u00a0<\/p>","protected":false},"excerpt":{"rendered":"<p>Opfriskende <strong data-start=\"11\" data-end=\"41\">gr\u00f8n mynte <\/strong>med iskolde k\u00f8ling til en st\u00e6rk, oplivende smag. Den <strong data-start=\"80\" data-end=\"95\">smalle, <\/strong>sorte puder sidder diskret og bekvemt under l\u00e6ben til en ren, ikke-farvet oplevelse. Hver pude indeholder <strong data-start=\"207\" data-end=\"235\">43 mg nikotin per pouch<\/strong>, med 20 poser pr. d\u00e5se fra CUBA.<\/p>","protected":false},"featured_media":8279,"comment_status":"open","ping_status":"closed","template":"","format":[206],"meta":{"_acf_changed":false},"product_brand":[],"product_cat":[46],"product_tag":[16567],"flavours":[199],"nicotine":[227,233],"class_list":{"0":"post-8278","1":"product","2":"type-product","3":"status-publish","4":"has-post-thumbnail","6":"product_cat-cuba","7":"product_tag-43-mg-pouch","8":"pa_quantity-1-pack","9":"pa_quantity-10-pack","10":"pa_quantity-3-pack","11":"pa_quantity-30-pack","12":"pa_quantity-5-pack","13":"pa_quantity-60-pack","14":"flavours-mint","15":"format-slim","16":"nicotine-43-mg-g","17":"nicotine-extreme","19":"first","20":"outofstock","21":"taxable","22":"shipping-taxable","23":"purchasable","24":"product-type-variable"},"acf":[],"_links":{"self":[{"href":"https:\/\/whitelip.com\/da\/wp-json\/wp\/v2\/product\/8278","targetHints":{"allow":["GET"]}}],"collection":[{"href":"https:\/\/whitelip.com\/da\/wp-json\/wp\/v2\/product"}],"about":[{"href":"https:\/\/whitelip.com\/da\/wp-json\/wp\/v2\/types\/product"}],"replies":[{"embeddable":true,"href":"https:\/\/whitelip.com\/da\/wp-json\/wp\/v2\/comments?post=8278"}],"wp:featuredmedia":[{"embeddable":true,"href":"https:\/\/whitelip.com\/da\/wp-json\/wp\/v2\/media\/8279"}],"wp:attachment":[{"href":"https:\/\/whitelip.com\/da\/wp-json\/wp\/v2\/media?parent=8278"}],"wp:term":[{"taxonomy":"product_brand","embeddable":true,"href":"https:\/\/whitelip.com\/da\/wp-json\/wp\/v2\/product_brand?post=8278"},{"taxonomy":"product_cat","embeddable":true,"href":"https:\/\/whitelip.com\/da\/wp-json\/wp\/v2\/product_cat?post=8278"},{"taxonomy":"product_tag","embeddable":true,"href":"https:\/\/whitelip.com\/da\/wp-json\/wp\/v2\/product_tag?post=8278"},{"taxonomy":"flavours","embeddable":true,"href":"https:\/\/whitelip.com\/da\/wp-json\/wp\/v2\/flavours?post=8278"},{"taxonomy":"format","embeddable":true,"href":"https:\/\/whitelip.com\/da\/wp-json\/wp\/v2\/format?post=8278"},{"taxonomy":"nicotine","embeddable":true,"href":"https:\/\/whitelip.com\/da\/wp-json\/wp\/v2\/nicotine?post=8278"}],"curies":[{"name":"wp","href":"https:\/\/api.w.org\/{rel}","templated":true}]}}