{"id":8260,"date":"2024-11-28T12:40:46","date_gmt":"2024-11-28T12:40:46","guid":{"rendered":"https:\/\/whitelip.com\/hit-dr-cherry\/"},"modified":"2026-03-09T18:59:57","modified_gmt":"2026-03-09T18:59:57","slug":"hit-dr-cherry","status":"publish","type":"product","link":"https:\/\/whitelip.com\/da\/hit\/hit-dr-cherry\/","title":{"rendered":"HIT DR. Cherry"},"content":{"rendered":"<h2><b>HIT Dr. Kirseb\u00e6r<\/b><\/h2>\n<p><span style=\"font-weight: 400;\">HIT Dr. Cherry nikotinposer tilbyder en unik fusion af s\u00f8d og syrlig kirseb\u00e6rsmag, som minder om den klassiske Dr. Pepper sodavand. Hver slim-format pose indeholder 20 mg nikotin pr. gram, svarende til cirka 10 mg pr. pose, der leverer en potent oplevelse, der er velegnet til erfarne brugere. Poserne er designet til diskret brug uden at plette t\u00e6nderne, hvilket g\u00f8r dem ideelle til nydelse p\u00e5 farten. Produceret af HIT, en svensk producent kendt for at blande samtidsmetoder med traditionel kvalitet, eksemplificerer disse poser h\u00f8je standarder og innovative smagudblandinger.<\/span><\/p>\n<table>\n<tbody>\n<tr>\n<td><b>Attribute<\/b><\/td>\n<td><b>Detaljer<\/b><\/td>\n<\/tr>\n<tr>\n<td><b>Indhold pr. d\u00e5se<\/b><\/td>\n<td><span style=\"font-weight: 400;\">15g (20 poser)<\/span><\/td>\n<\/tr>\n<tr>\n<td><b>Nikotinindhold<\/b><\/td>\n<td><span style=\"font-weight: 400;\">20 mg\/g (10 mg pr. pose)<\/span><\/td>\n<\/tr>\n<tr>\n<td><b>Poseformat<\/b><\/td>\n<td><span style=\"font-weight: 400;\">Slim<\/span><\/td>\n<\/tr>\n<tr>\n<td><b>Producent<\/b><\/td>\n<td><span style=\"font-weight: 400;\">HIT<\/span><\/td>\n<\/tr>\n<tr>\n<td><b>Smag<\/b><\/td>\n<td><span style=\"font-weight: 400;\">Kirseb\u00e6r (inspireret af Dr. Pepper)<\/span><\/td>\n<\/tr>\n<tr>\n<td><b>Type<\/b><\/td>\n<td><span style=\"font-weight: 400;\">Helt hvid pose<\/span><\/td>\n<\/tr>\n<\/tbody>\n<\/table>","protected":false},"excerpt":{"rendered":"<p>S\u00f8d, syrlig <strong data-start=\"13\" data-end=\"27\">kirseb\u00e6r<\/strong> minder om klassisk sodavand. <strong data-start=\"57\" data-end=\"65\">Slim<\/strong> poser sidder diskret under l\u00e6ben og vil ikke farve t\u00e6nderne. Hver pose indeholder <strong data-start=\"146\" data-end=\"165\">~10 mg nikotin<\/strong> (20 mg\/g), der leverer en potent oplevelse for erfarne brugere. Produceret af HIT (Sverige).<\/p>","protected":false},"featured_media":3030,"comment_status":"open","ping_status":"closed","template":"","format":[206],"meta":{"_acf_changed":false},"product_brand":[],"product_cat":[66],"product_tag":[16587],"flavours":[196],"nicotine":[218,232],"class_list":{"0":"post-8260","1":"product","2":"type-product","3":"status-publish","4":"has-post-thumbnail","6":"product_cat-hit","7":"product_tag-10-mg-pouch","8":"pa_quantity-1-pack","9":"pa_quantity-10-pack","10":"pa_quantity-3-pack","11":"pa_quantity-30-pack","12":"pa_quantity-5-pack","13":"pa_quantity-60-pack","14":"flavours-fruits-berries","15":"format-slim","16":"nicotine-20-mg-g","17":"nicotine-extra-strong","19":"first","20":"outofstock","21":"taxable","22":"shipping-taxable","23":"purchasable","24":"product-type-variable"},"acf":[],"_links":{"self":[{"href":"https:\/\/whitelip.com\/da\/wp-json\/wp\/v2\/product\/8260","targetHints":{"allow":["GET"]}}],"collection":[{"href":"https:\/\/whitelip.com\/da\/wp-json\/wp\/v2\/product"}],"about":[{"href":"https:\/\/whitelip.com\/da\/wp-json\/wp\/v2\/types\/product"}],"replies":[{"embeddable":true,"href":"https:\/\/whitelip.com\/da\/wp-json\/wp\/v2\/comments?post=8260"}],"wp:featuredmedia":[{"embeddable":true,"href":"https:\/\/whitelip.com\/da\/wp-json\/wp\/v2\/media\/3030"}],"wp:attachment":[{"href":"https:\/\/whitelip.com\/da\/wp-json\/wp\/v2\/media?parent=8260"}],"wp:term":[{"taxonomy":"product_brand","embeddable":true,"href":"https:\/\/whitelip.com\/da\/wp-json\/wp\/v2\/product_brand?post=8260"},{"taxonomy":"product_cat","embeddable":true,"href":"https:\/\/whitelip.com\/da\/wp-json\/wp\/v2\/product_cat?post=8260"},{"taxonomy":"product_tag","embeddable":true,"href":"https:\/\/whitelip.com\/da\/wp-json\/wp\/v2\/product_tag?post=8260"},{"taxonomy":"flavours","embeddable":true,"href":"https:\/\/whitelip.com\/da\/wp-json\/wp\/v2\/flavours?post=8260"},{"taxonomy":"format","embeddable":true,"href":"https:\/\/whitelip.com\/da\/wp-json\/wp\/v2\/format?post=8260"},{"taxonomy":"nicotine","embeddable":true,"href":"https:\/\/whitelip.com\/da\/wp-json\/wp\/v2\/nicotine?post=8260"}],"curies":[{"name":"wp","href":"https:\/\/api.w.org\/{rel}","templated":true}]}}