{"id":8256,"date":"2024-11-28T12:40:23","date_gmt":"2024-11-28T12:40:23","guid":{"rendered":"https:\/\/whitelip.com\/helwit-violet\/"},"modified":"2026-05-06T10:11:12","modified_gmt":"2026-05-06T10:11:12","slug":"helwit-violet","status":"publish","type":"product","link":"https:\/\/whitelip.com\/da\/helwit\/helwit-violet\/","title":{"rendered":"HELWIT Violet"},"content":{"rendered":"<h2><b>HELWIT Violet<\/b><\/h2>\n<p><span style=\"font-weight: 400;\">HELWIT Violet nikotinposer tilbyder en unik og raffineret smag, der kombinerer blomster-, s\u00f8d- og let parfumerede noter af viol. Denne velafbalancerede smag giver et s\u00e6rpr\u00e6get alternativ til traditionelle mint- eller frugtsmag. Hver slim-format pose indeholder 3.5 mg nikotin, hvilket giver en subtil og alligevel tilfredsstillende oplevelse. Poserne er designet til diskret brug uden tandpletning, hvilket g\u00f8r dem ideelle til brug p\u00e5 farten. Produceret af YOIK AB i Gransholm, Sverige, l\u00e6gger HELWIT v\u00e6gt p\u00e5 b\u00e6redygtighed ved at udnytte selvforsynende vandkraft og milj\u00f8venlige fyrretr\u00e6-containere.<\/span><\/p>\n<table>\n<tbody>\n<tr>\n<td><b>Attribute<\/b><\/td>\n<td><b>Detaljer<\/b><\/td>\n<\/tr>\n<tr>\n<td><b>Indhold pr. d\u00e5se<\/b><\/td>\n<td><span style=\"font-weight: 400;\">10g (20 poser)<\/span><\/td>\n<\/tr>\n<tr>\n<td><b>Nikotinindhold<\/b><\/td>\n<td><span style=\"font-weight: 400;\">3.5 mg pr. pose<\/span><\/td>\n<\/tr>\n<tr>\n<td><b>Poseformat<\/b><\/td>\n<td><span style=\"font-weight: 400;\">Slim<\/span><\/td>\n<\/tr>\n<tr>\n<td><b>Producent<\/b><\/td>\n<td><span style=\"font-weight: 400;\">YOIK AB<\/span><\/td>\n<\/tr>\n<tr>\n<td><b>Smag<\/b><\/td>\n<td><span style=\"font-weight: 400;\">Viol<\/span><\/td>\n<\/tr>\n<tr>\n<td><b>Type<\/b><\/td>\n<td><span style=\"font-weight: 400;\">Helt hvid pose<\/span><\/td>\n<\/tr>\n<\/tbody>\n<\/table>","protected":false},"excerpt":{"rendered":"<p>Unik, raffineret <strong data-start=\"16\" data-end=\"26\">violet<\/strong> med blomster-, s\u00f8d-, let parfumerede noter. <strong data-start=\"72\" data-end=\"80\">Slim<\/strong> poser sidder diskret under l\u00e6ben og vil ikke farve t\u00e6nderne. Hver pose indeholder <strong data-start=\"161\" data-end=\"180\">3.5 mg nikotin<\/strong>, hvilket giver en subtil, tilfredsstillende oplevelse. Produceret af YOIK AB i Gransholm, Sverige, ved hj\u00e6lp af selvforsynende vandkraft og milj\u00f8venlige fyrretr\u00e6-containere.<\/p>","protected":false},"featured_media":8257,"comment_status":"open","ping_status":"closed","template":"","format":[206],"meta":{"_acf_changed":false},"product_brand":[],"product_cat":[52],"product_tag":[16597],"flavours":[195],"nicotine":[229,235],"class_list":{"0":"post-8256","1":"product","2":"type-product","3":"status-publish","4":"has-post-thumbnail","6":"product_cat-helwit","7":"product_tag-3-5-mg-pouch","8":"pa_quantity-1-pack","9":"pa_quantity-10-pack","10":"pa_quantity-3-pack","11":"pa_quantity-30-pack","12":"pa_quantity-5-pack","13":"pa_quantity-60-pack","14":"flavours-flower","15":"format-slim","16":"nicotine-7-mg-g","17":"nicotine-normal","19":"first","20":"instock","21":"taxable","22":"shipping-taxable","23":"purchasable","24":"product-type-variable"},"acf":[],"_links":{"self":[{"href":"https:\/\/whitelip.com\/da\/wp-json\/wp\/v2\/product\/8256","targetHints":{"allow":["GET"]}}],"collection":[{"href":"https:\/\/whitelip.com\/da\/wp-json\/wp\/v2\/product"}],"about":[{"href":"https:\/\/whitelip.com\/da\/wp-json\/wp\/v2\/types\/product"}],"replies":[{"embeddable":true,"href":"https:\/\/whitelip.com\/da\/wp-json\/wp\/v2\/comments?post=8256"}],"wp:featuredmedia":[{"embeddable":true,"href":"https:\/\/whitelip.com\/da\/wp-json\/wp\/v2\/media\/8257"}],"wp:attachment":[{"href":"https:\/\/whitelip.com\/da\/wp-json\/wp\/v2\/media?parent=8256"}],"wp:term":[{"taxonomy":"product_brand","embeddable":true,"href":"https:\/\/whitelip.com\/da\/wp-json\/wp\/v2\/product_brand?post=8256"},{"taxonomy":"product_cat","embeddable":true,"href":"https:\/\/whitelip.com\/da\/wp-json\/wp\/v2\/product_cat?post=8256"},{"taxonomy":"product_tag","embeddable":true,"href":"https:\/\/whitelip.com\/da\/wp-json\/wp\/v2\/product_tag?post=8256"},{"taxonomy":"flavours","embeddable":true,"href":"https:\/\/whitelip.com\/da\/wp-json\/wp\/v2\/flavours?post=8256"},{"taxonomy":"format","embeddable":true,"href":"https:\/\/whitelip.com\/da\/wp-json\/wp\/v2\/format?post=8256"},{"taxonomy":"nicotine","embeddable":true,"href":"https:\/\/whitelip.com\/da\/wp-json\/wp\/v2\/nicotine?post=8256"}],"curies":[{"name":"wp","href":"https:\/\/api.w.org\/{rel}","templated":true}]}}