{"id":8214,"date":"2024-11-28T12:39:36","date_gmt":"2024-11-28T12:39:36","guid":{"rendered":"https:\/\/whitelip.com\/killa-melon\/"},"modified":"2026-04-14T19:40:19","modified_gmt":"2026-04-14T19:40:19","slug":"killa-melon","status":"publish","type":"product","link":"https:\/\/whitelip.com\/da\/killa\/killa-melon\/","title":{"rendered":"KILLA Melon"},"content":{"rendered":"<h2><strong>KILLA Melon<\/strong><\/h2>\n<p>KILLA Melon &#8211; M\u00e6rk den iskolde k\u00f8ling under l\u00e6ben med smagen af k\u00f8lig melon. D\u00e5sen indeholder 20 slim poser med en nikotinstyrke p\u00e5 16mg\/g.<\/p>\n<ul>\n<li>Smag: Melon<\/li>\n<li>Format: Slankt<\/li>\n<li>Poser: 20 stk.<\/li>\n<li>Nikotin: 16 mg\/g<\/li>\n<li>V\u00e6gt: 16 g<\/li>\n<li>Brand: <a href=\"https:\/\/whitelip.com\/da\/killa\/\">KILLA<\/a><\/li>\n<li>Producent: <a href=\"https:\/\/ngpeurope.eu\/en\/\" target=\"_blank\" rel=\"noopener\">N.G.P EUROPE<\/a><\/li>\n<\/ul>\n<p><em><strong>Om brand'et: KILLA<\/strong><\/em><\/p>\n<p>Udforsk billige og h\u00f8j-kvalitets KILLA nikotinposer &#8211; en budgetvenlig serie, der ikke g\u00e5r p\u00e5 kompromis med kvaliteten. Med forskellige sp\u00e6ndende smagsvarianter og nikotinstyrker tilg\u00e6ngelige tilbyder KILLA en \u00f8konomisk og tilfredsstillende l\u00f8sning til at opfylde dine nikotinbehov. Udforsk vores serie af billige KILLA nikotinposer og nyd en \u00f8konomisk og smagerig nikotinoplevelse n\u00e5r som helst og hvor som helst.<\/p>\n<p><em><strong>Om Whitelip.se:\u00a0<\/strong><\/em><\/p>\n<p><span data-contrast=\"auto\">Velkommen til Whitelip.se, dit ultimative destination for nikotinposer af h\u00f8j kvalitet. Udforsk vores omfattende produktudvalg designet til at im\u00f8dekomme dine nikotinbehov, med levering til USA og Europa alt sammen bekvemt tilg\u00e6ngeligt med gratis forsendelse ved kassen. H\u00e6v din tilfredsstillelse med hvert k\u00f8b, da vi bringer dig topklasse m\u00e6rker og problemfri levering til din d\u00f8r. Oplev den ultimative bekvemmelighed og pr\u00e6miumkvalitet udelukkende p\u00e5 Whitelip.se. Shop nu og nyd forn\u00f8jelsen af pr\u00e6mium hvide nikotinposer.<\/span><\/p>","protected":false},"excerpt":{"rendered":"<p>K\u00f8lig <strong data-start=\"8\" data-end=\"17\">melon<\/strong> smag med en iskold, friskende kulde. <strong data-start=\"56\" data-end=\"64\">Slim<\/strong>, tobaksofrie poser sidder diskret under l\u00e6ben til en ren, glat oplevelse. Hver pose indeholder <strong data-start=\"168\" data-end=\"188\">16 mg\/g nikotin<\/strong>, der leverer et kraftigt, tilfredsstillende kick; <strong data-start=\"228\" data-end=\"250\">20 poser pr. d\u00e5se<\/strong>.<\/p>","protected":false},"featured_media":8215,"comment_status":"open","ping_status":"closed","template":"","format":[206],"meta":{"_acf_changed":false},"product_brand":[],"product_cat":[64],"product_tag":[16676],"flavours":[196],"nicotine":[213,232],"class_list":{"0":"post-8214","1":"product","2":"type-product","3":"status-publish","4":"has-post-thumbnail","6":"product_cat-killa","7":"product_tag-12-8-mg-pouch","8":"pa_quantity-1-pack","9":"pa_quantity-10-pack","10":"pa_quantity-3-pack","11":"pa_quantity-30-pack","12":"pa_quantity-5-pack","13":"pa_quantity-60-pack","14":"flavours-fruits-berries","15":"format-slim","16":"nicotine-16-mg-g","17":"nicotine-extra-strong","19":"first","20":"instock","21":"taxable","22":"shipping-taxable","23":"purchasable","24":"product-type-variable"},"acf":[],"_links":{"self":[{"href":"https:\/\/whitelip.com\/da\/wp-json\/wp\/v2\/product\/8214","targetHints":{"allow":["GET"]}}],"collection":[{"href":"https:\/\/whitelip.com\/da\/wp-json\/wp\/v2\/product"}],"about":[{"href":"https:\/\/whitelip.com\/da\/wp-json\/wp\/v2\/types\/product"}],"replies":[{"embeddable":true,"href":"https:\/\/whitelip.com\/da\/wp-json\/wp\/v2\/comments?post=8214"}],"wp:featuredmedia":[{"embeddable":true,"href":"https:\/\/whitelip.com\/da\/wp-json\/wp\/v2\/media\/8215"}],"wp:attachment":[{"href":"https:\/\/whitelip.com\/da\/wp-json\/wp\/v2\/media?parent=8214"}],"wp:term":[{"taxonomy":"product_brand","embeddable":true,"href":"https:\/\/whitelip.com\/da\/wp-json\/wp\/v2\/product_brand?post=8214"},{"taxonomy":"product_cat","embeddable":true,"href":"https:\/\/whitelip.com\/da\/wp-json\/wp\/v2\/product_cat?post=8214"},{"taxonomy":"product_tag","embeddable":true,"href":"https:\/\/whitelip.com\/da\/wp-json\/wp\/v2\/product_tag?post=8214"},{"taxonomy":"flavours","embeddable":true,"href":"https:\/\/whitelip.com\/da\/wp-json\/wp\/v2\/flavours?post=8214"},{"taxonomy":"format","embeddable":true,"href":"https:\/\/whitelip.com\/da\/wp-json\/wp\/v2\/format?post=8214"},{"taxonomy":"nicotine","embeddable":true,"href":"https:\/\/whitelip.com\/da\/wp-json\/wp\/v2\/nicotine?post=8214"}],"curies":[{"name":"wp","href":"https:\/\/api.w.org\/{rel}","templated":true}]}}