{"id":8204,"date":"2024-11-28T12:39:13","date_gmt":"2024-11-28T12:39:13","guid":{"rendered":"https:\/\/whitelip.com\/zxs-ice-slim\/"},"modified":"2026-04-16T09:22:49","modified_gmt":"2026-04-16T09:22:49","slug":"zxs-ice-slim","status":"publish","type":"product","link":"https:\/\/whitelip.com\/da\/zxs\/zxs-ice-slim\/","title":{"rendered":"Z!XS Ice Strong  Slim"},"content":{"rendered":"<h2><b>Z!XS Ice Slim<\/b><\/h2>\n<p><span style=\"font-weight: 400;\">Z!XS Ice Slim leverer en <\/span><b>ren og oplivende ismintsmagssmag<\/b><span style=\"font-weight: 400;\">, som byder p\u00e5 en knasende og opfriskende k\u00f8lef\u00f8lelse med hver pose. Designet til brugere, der nyder en ren og ligetil mintprofil, giver denne nikotinpose en vitaliserande oplevelse, der er perfekt til daglig brug. Hver slim, helt hvid pose indeholder <\/span><b>10 mg nikotin<\/b><span style=\"font-weight: 400;\">, hvilket leverer en st\u00e6rk og stabil frigivelse for at opfylde dine nikotinbehov.<\/span><\/p>\n<p><span style=\"font-weight: 400;\">Det slanke format sikrer en diskret og komfortabel pasform under l\u00e6ben, hvilket giver en ren, pletfri mulighed, der kan nydes n\u00e5r som helst og hvor som helst. Helt tobaksfrit og fremstillet af h\u00f8jkvalitetets plantebasserede materialer, tilbyder Z!XS Ice Slim et moderne nikotinalternativ for dem, der s\u00f8ger en glat, mintete og k\u00f8lig fornemmelse.<\/span><\/p>\n<table>\n<tbody>\n<tr>\n<td><b>Attribute<\/b><\/td>\n<td><b>Detaljer<\/b><\/td>\n<\/tr>\n<tr>\n<td><b>M\u00e6rke<\/b><\/td>\n<td><span style=\"font-weight: 400;\">Z!XS<\/span><\/td>\n<\/tr>\n<tr>\n<td><b>Produkttype<\/b><\/td>\n<td><span style=\"font-weight: 400;\">Alt hvide nikotinposer<\/span><\/td>\n<\/tr>\n<tr>\n<td><b>Format<\/b><\/td>\n<td><span style=\"font-weight: 400;\">Slim<\/span><\/td>\n<\/tr>\n<tr>\n<td><b>Smag<\/b><\/td>\n<td><span style=\"font-weight: 400;\">Icy Mint<\/span><\/td>\n<\/tr>\n<tr>\n<td><b>Nikotinstyrke<\/b><\/td>\n<td><span style=\"font-weight: 400;\">10 mg pr. pouch<\/span><\/td>\n<\/tr>\n<tr>\n<td><b>Portionsv\u00e6gt<\/b><\/td>\n<td><span style=\"font-weight: 400;\">0,7 gram<\/span><\/td>\n<\/tr>\n<tr>\n<td><b>Antal portioner<\/b><\/td>\n<td><span style=\"font-weight: 400;\">20 pr. d\u00e5se<\/span><\/td>\n<\/tr>\n<tr>\n<td><b>Samlet d\u00e5sev\u00e6gt<\/b><\/td>\n<td><span style=\"font-weight: 400;\">14 gram<\/span><\/td>\n<\/tr>\n<tr>\n<td><b>Producent<\/b><\/td>\n<td><span style=\"font-weight: 400;\">Z!XS International<\/span><\/td>\n<\/tr>\n<tr>\n<td><b>Bem\u00e6rkelsesv\u00e6rdige funktioner<\/b><\/td>\n<td><span style=\"font-weight: 400;\">Tobaksfrit, slankt format, ren og knasende ismintsmagssmag<\/span><\/td>\n<\/tr>\n<\/tbody>\n<\/table>","protected":false},"excerpt":{"rendered":"<p>Z!XS <strong data-start=\"5\" data-end=\"12\">Is<\/strong> <strong data-start=\"13\" data-end=\"21\">slim<\/strong> leverer ren, oplivende ismintet med en knasende, opfriskende k\u00f8lef\u00f8lelse. De helt hvide poser er diskrete og komfortable. Hver pose indeholder <strong data-start=\"175\" data-end=\"193\">10 mg nikotin<\/strong> for en st\u00e6rk, stabil frigivelse.<\/p>","protected":false},"featured_media":8205,"comment_status":"open","ping_status":"closed","template":"","format":[206],"meta":{"_acf_changed":false},"product_brand":[],"product_cat":[39],"product_tag":[16587],"flavours":[199],"nicotine":[211,232],"class_list":{"0":"post-8204","1":"product","2":"type-product","3":"status-publish","4":"has-post-thumbnail","6":"product_cat-zxs","7":"product_tag-10-mg-pouch","8":"pa_quantity-1-pack","9":"pa_quantity-10-pack","10":"pa_quantity-3-pack","11":"pa_quantity-30-pack","12":"pa_quantity-5-pack","13":"pa_quantity-60-pack","14":"flavours-mint","15":"format-slim","16":"nicotine-14-mg-g","17":"nicotine-extra-strong","19":"first","20":"instock","21":"taxable","22":"shipping-taxable","23":"purchasable","24":"product-type-variable"},"acf":[],"_links":{"self":[{"href":"https:\/\/whitelip.com\/da\/wp-json\/wp\/v2\/product\/8204","targetHints":{"allow":["GET"]}}],"collection":[{"href":"https:\/\/whitelip.com\/da\/wp-json\/wp\/v2\/product"}],"about":[{"href":"https:\/\/whitelip.com\/da\/wp-json\/wp\/v2\/types\/product"}],"replies":[{"embeddable":true,"href":"https:\/\/whitelip.com\/da\/wp-json\/wp\/v2\/comments?post=8204"}],"wp:featuredmedia":[{"embeddable":true,"href":"https:\/\/whitelip.com\/da\/wp-json\/wp\/v2\/media\/8205"}],"wp:attachment":[{"href":"https:\/\/whitelip.com\/da\/wp-json\/wp\/v2\/media?parent=8204"}],"wp:term":[{"taxonomy":"product_brand","embeddable":true,"href":"https:\/\/whitelip.com\/da\/wp-json\/wp\/v2\/product_brand?post=8204"},{"taxonomy":"product_cat","embeddable":true,"href":"https:\/\/whitelip.com\/da\/wp-json\/wp\/v2\/product_cat?post=8204"},{"taxonomy":"product_tag","embeddable":true,"href":"https:\/\/whitelip.com\/da\/wp-json\/wp\/v2\/product_tag?post=8204"},{"taxonomy":"flavours","embeddable":true,"href":"https:\/\/whitelip.com\/da\/wp-json\/wp\/v2\/flavours?post=8204"},{"taxonomy":"format","embeddable":true,"href":"https:\/\/whitelip.com\/da\/wp-json\/wp\/v2\/format?post=8204"},{"taxonomy":"nicotine","embeddable":true,"href":"https:\/\/whitelip.com\/da\/wp-json\/wp\/v2\/nicotine?post=8204"}],"curies":[{"name":"wp","href":"https:\/\/api.w.org\/{rel}","templated":true}]}}