{"id":8162,"date":"2024-11-28T12:38:26","date_gmt":"2024-11-28T12:38:26","guid":{"rendered":"https:\/\/whitelip.com\/apres-raspberry-liqorice\/"},"modified":"2026-05-06T10:11:11","modified_gmt":"2026-05-06T10:11:11","slug":"apres-raspberry-liqorice","status":"publish","type":"product","link":"https:\/\/whitelip.com\/da\/apres\/apres-raspberry-liqorice\/","title":{"rendered":"APR\u00c8S Raspberry Liqorice"},"content":{"rendered":"<h2><b>APR\u00c8S Raspberry Licorice<\/b><\/h2>\n<p><span style=\"font-weight: 400;\">APR\u00c8S Raspberry Licorice nikotinpuder tilbyder en balanceret blanding af s\u00f8t hindb\u00e6r og rig lakridssmag, som skaber en harmonisk smagoplevelse. Hver slim, hvid pude indeholder 4,4 mg nikotin og giver en mild fornemmelse egnet til dem, der s\u00f8ger en blid nikotineffekt. Det diskrete design sikrer en behagelig pasform under l\u00e6ben, s\u00e5 du kan bruge det n\u00e5r som helst uden at f\u00e5 pletter p\u00e5 t\u00e6nderne. Produceret af APR\u00c8S Nicotine AB, eksemplificerer disse tobaksefri puder h\u00f8je kvalitetsstandarder og innovative smakombinationer.<\/span><\/p>\n<table>\n<tbody>\n<tr>\n<td><b>Attribute<\/b><\/td>\n<td><b>Detaljer<\/b><\/td>\n<\/tr>\n<tr>\n<td><b>Indhold pr. d\u00e5se<\/b><\/td>\n<td><span style=\"font-weight: 400;\">11g (20 pouches)<\/span><\/td>\n<\/tr>\n<tr>\n<td><b>Nikotinindhold<\/b><\/td>\n<td><span style=\"font-weight: 400;\">8 mg\/g (4,4 mg pr. pouch)<\/span><\/td>\n<\/tr>\n<tr>\n<td><b>Poseformat<\/b><\/td>\n<td><span style=\"font-weight: 400;\">Slim<\/span><\/td>\n<\/tr>\n<tr>\n<td><b>Producent<\/b><\/td>\n<td><span style=\"font-weight: 400;\">APR\u00c8S Nicotine AB<\/span><\/td>\n<\/tr>\n<tr>\n<td><b>Smag<\/b><\/td>\n<td><span style=\"font-weight: 400;\">Hindb\u00e6r og Lakrids<\/span><\/td>\n<\/tr>\n<tr>\n<td><b>Type<\/b><\/td>\n<td><span style=\"font-weight: 400;\">Helt hvid pose<\/span><\/td>\n<\/tr>\n<\/tbody>\n<\/table>\n<p>\u00a0<\/p>","protected":false},"excerpt":{"rendered":"<p>Balanceret <strong data-start=\"9\" data-end=\"35\">hindb\u00e6r og lakrids<\/strong> for en harmonisk, s\u00f8t og rig smag. De <strong data-start=\"80\" data-end=\"99\">smalle, <\/strong>hvide poser sidder diskret og komfortabelt under l\u00e6ben til rent, n\u00e5r som helst brug. Hver pose indeholder <strong data-start=\"197\" data-end=\"216\">4,4 mg nikotin<\/strong>og giver en blid, tilg\u00e6ngelig effekt fra APR\u00c8S Nicotine AB.<\/p>","protected":false},"featured_media":8163,"comment_status":"open","ping_status":"closed","template":"","format":[206],"meta":{"_acf_changed":false},"product_brand":[],"product_cat":[41],"product_tag":[16549],"flavours":[198],"nicotine":[230,236],"class_list":{"0":"post-8162","1":"product","2":"type-product","3":"status-publish","4":"has-post-thumbnail","6":"product_cat-apres","7":"product_tag-4-4-mg-pouch","8":"pa_quantity-1-pack","9":"pa_quantity-10-pack","10":"pa_quantity-3-pack","11":"pa_quantity-30-pack","12":"pa_quantity-5-pack","13":"pa_quantity-60-pack","14":"flavours-licorice","15":"format-slim","16":"nicotine-8-mg-g","17":"nicotine-strong","19":"first","20":"instock","21":"taxable","22":"shipping-taxable","23":"purchasable","24":"product-type-variable"},"acf":[],"_links":{"self":[{"href":"https:\/\/whitelip.com\/da\/wp-json\/wp\/v2\/product\/8162","targetHints":{"allow":["GET"]}}],"collection":[{"href":"https:\/\/whitelip.com\/da\/wp-json\/wp\/v2\/product"}],"about":[{"href":"https:\/\/whitelip.com\/da\/wp-json\/wp\/v2\/types\/product"}],"replies":[{"embeddable":true,"href":"https:\/\/whitelip.com\/da\/wp-json\/wp\/v2\/comments?post=8162"}],"wp:featuredmedia":[{"embeddable":true,"href":"https:\/\/whitelip.com\/da\/wp-json\/wp\/v2\/media\/8163"}],"wp:attachment":[{"href":"https:\/\/whitelip.com\/da\/wp-json\/wp\/v2\/media?parent=8162"}],"wp:term":[{"taxonomy":"product_brand","embeddable":true,"href":"https:\/\/whitelip.com\/da\/wp-json\/wp\/v2\/product_brand?post=8162"},{"taxonomy":"product_cat","embeddable":true,"href":"https:\/\/whitelip.com\/da\/wp-json\/wp\/v2\/product_cat?post=8162"},{"taxonomy":"product_tag","embeddable":true,"href":"https:\/\/whitelip.com\/da\/wp-json\/wp\/v2\/product_tag?post=8162"},{"taxonomy":"flavours","embeddable":true,"href":"https:\/\/whitelip.com\/da\/wp-json\/wp\/v2\/flavours?post=8162"},{"taxonomy":"format","embeddable":true,"href":"https:\/\/whitelip.com\/da\/wp-json\/wp\/v2\/format?post=8162"},{"taxonomy":"nicotine","embeddable":true,"href":"https:\/\/whitelip.com\/da\/wp-json\/wp\/v2\/nicotine?post=8162"}],"curies":[{"name":"wp","href":"https:\/\/api.w.org\/{rel}","templated":true}]}}