{"id":8156,"date":"2024-11-28T12:38:26","date_gmt":"2024-11-28T12:38:26","guid":{"rendered":"https:\/\/whitelip.com\/lundgrens-rimfrost-stark\/"},"modified":"2026-03-06T20:49:39","modified_gmt":"2026-03-06T20:49:39","slug":"lundgrens-rimfrost-stark","status":"publish","type":"product","link":"https:\/\/whitelip.com\/da\/lundgrens\/lundgrens-rimfrost-stark\/","title":{"rendered":"LUNDGRENS Rimfrost Stark"},"content":{"rendered":"<h2><b>LUNDGRENS Rimfrost Stark<\/b><\/h2>\n<p><span style=\"font-weight: 400;\">LUNDGRENS Rimfrost Stark nikotinposer leverer en kraftfuld b\u00f8lge af isig mintsmag og giver en intens og forfriskende oplevelse. Disse slanke, helt hvide poser er designet til en diskret og komfortabel pasform under l\u00e6ben, hvilket giver en ren og tilfredsstillende frig\u00f8relse af smag og nikotin. Med en h\u00f8jere nikotinstyrke er LUNDGRENS Rimfrost Stark perfekt for brugere, der s\u00f8ger en st\u00e6rk og stimulerende fornemmelse med et k\u00f8ligt mintakick.<\/span><\/p>\n<table>\n<tbody>\n<tr>\n<td><b>Attribute<\/b><\/td>\n<td><b>Detaljer<\/b><\/td>\n<\/tr>\n<tr>\n<td><span style=\"font-weight: 400;\">Indhold pr. D\u00e5se<\/span><\/td>\n<td><span style=\"font-weight: 400;\">21.6g<\/span><\/td>\n<\/tr>\n<tr>\n<td><span style=\"font-weight: 400;\">Nikotin Indhold<\/span><\/td>\n<td><span style=\"font-weight: 400;\">14 mg\/g (11,2 mg pr. pose)<\/span><\/td>\n<\/tr>\n<tr>\n<td><span style=\"font-weight: 400;\">Pouch Format<\/span><\/td>\n<td><span style=\"font-weight: 400;\">Slim<\/span><\/td>\n<\/tr>\n<tr>\n<td><span style=\"font-weight: 400;\">Producent<\/span><\/td>\n<td><span style=\"font-weight: 400;\">Fiedler &amp; Lundgren<\/span><\/td>\n<\/tr>\n<tr>\n<td><span style=\"font-weight: 400;\">Smag<\/span><\/td>\n<td><span style=\"font-weight: 400;\">Icy Mint<\/span><\/td>\n<\/tr>\n<tr>\n<td><span style=\"font-weight: 400;\">Type<\/span><\/td>\n<td><span style=\"font-weight: 400;\">Alt hvid pouch, Tobaksri<\/span><\/td>\n<\/tr>\n<\/tbody>\n<\/table>","protected":false},"excerpt":{"rendered":"<p>Lundgrens Rimfrost Stark <strong data-start=\"25\" data-end=\"37\">isig mynte<\/strong> leverer en kraftfuld, forfriskende profil. <strong>Slim<\/strong>, helt hvide poser sidder diskret under l\u00e6ben for ren, komfortabel brug med en tilfredsstillende frig\u00f8relse af smag og nikotin. H\u00f8jere nikotinstyrke passer til brugere, der s\u00f8ger en st\u00e6rk, stimulerende fornemmelse med et k\u00f8ligt mintakick.<\/p>","protected":false},"featured_media":8157,"comment_status":"open","ping_status":"closed","template":"","format":[204],"meta":{"_acf_changed":false},"product_brand":[],"product_cat":[59],"product_tag":[16577],"flavours":[199],"nicotine":[213,232],"class_list":{"0":"post-8156","1":"product","2":"type-product","3":"status-publish","4":"has-post-thumbnail","6":"product_cat-lundgrens","7":"product_tag-11-2-mg-pouch","8":"pa_quantity-1-pack","9":"pa_quantity-10-pack","10":"pa_quantity-3-pack","11":"pa_quantity-30-pack","12":"pa_quantity-5-pack","13":"pa_quantity-60-pack","14":"flavours-mint","15":"format-large","16":"nicotine-16-mg-g","17":"nicotine-extra-strong","19":"first","20":"outofstock","21":"taxable","22":"shipping-taxable","23":"purchasable","24":"product-type-variable"},"acf":[],"_links":{"self":[{"href":"https:\/\/whitelip.com\/da\/wp-json\/wp\/v2\/product\/8156","targetHints":{"allow":["GET"]}}],"collection":[{"href":"https:\/\/whitelip.com\/da\/wp-json\/wp\/v2\/product"}],"about":[{"href":"https:\/\/whitelip.com\/da\/wp-json\/wp\/v2\/types\/product"}],"replies":[{"embeddable":true,"href":"https:\/\/whitelip.com\/da\/wp-json\/wp\/v2\/comments?post=8156"}],"wp:featuredmedia":[{"embeddable":true,"href":"https:\/\/whitelip.com\/da\/wp-json\/wp\/v2\/media\/8157"}],"wp:attachment":[{"href":"https:\/\/whitelip.com\/da\/wp-json\/wp\/v2\/media?parent=8156"}],"wp:term":[{"taxonomy":"product_brand","embeddable":true,"href":"https:\/\/whitelip.com\/da\/wp-json\/wp\/v2\/product_brand?post=8156"},{"taxonomy":"product_cat","embeddable":true,"href":"https:\/\/whitelip.com\/da\/wp-json\/wp\/v2\/product_cat?post=8156"},{"taxonomy":"product_tag","embeddable":true,"href":"https:\/\/whitelip.com\/da\/wp-json\/wp\/v2\/product_tag?post=8156"},{"taxonomy":"flavours","embeddable":true,"href":"https:\/\/whitelip.com\/da\/wp-json\/wp\/v2\/flavours?post=8156"},{"taxonomy":"format","embeddable":true,"href":"https:\/\/whitelip.com\/da\/wp-json\/wp\/v2\/format?post=8156"},{"taxonomy":"nicotine","embeddable":true,"href":"https:\/\/whitelip.com\/da\/wp-json\/wp\/v2\/nicotine?post=8156"}],"curies":[{"name":"wp","href":"https:\/\/api.w.org\/{rel}","templated":true}]}}