{"id":8152,"date":"2024-11-28T12:38:26","date_gmt":"2024-11-28T12:38:26","guid":{"rendered":"https:\/\/whitelip.com\/killa-cola\/"},"modified":"2026-04-13T17:37:18","modified_gmt":"2026-04-13T17:37:18","slug":"killa-cola","status":"publish","type":"product","link":"https:\/\/whitelip.com\/da\/killa\/killa-cola\/","title":{"rendered":"KILLA Cola"},"content":{"rendered":"<h2><b>KILLA Cola<\/b><\/h2>\n<p><span style=\"font-weight: 400;\">KILLA Cola nikotinposer leverer den klassiske, brudt smag af cola og tilbyder en s\u00f8d og let sur smag, der minder om den ikoniske l\u00e6skedrik. Designet til brugere, der s\u00f8ger en robust nikotinoplevelse, tilbyder disse tobaksfrie poser et tilfredsstillende alternativ til traditionelle nikotinprodukter. Slim-formatet sikrer en diskret og behagelig pasform under l\u00e6ben, hvilket muligg\u00f8r bekvem brug i enhver indstilling. KILLA Cola udm\u00e6rker sig ved sin unikke smag og potent nikotinindhold, hvilket g\u00f8r det til et popul\u00e6rt valg blandt nikotinpousebegejstrede.<\/span><\/p>\n<table>\n<tbody>\n<tr>\n<td><b>Attribute<\/b><\/td>\n<td><b>Detaljer<\/b><\/td>\n<\/tr>\n<tr>\n<td><span style=\"font-weight: 400;\">Indhold pr. D\u00e5se<\/span><\/td>\n<td><span style=\"font-weight: 400;\">14g (20 poser)<\/span><\/td>\n<\/tr>\n<tr>\n<td><span style=\"font-weight: 400;\">Nikotin Indhold<\/span><\/td>\n<td><span style=\"font-weight: 400;\">16 mg\/g (13,2 mg pr. pose)<\/span><\/td>\n<\/tr>\n<tr>\n<td><span style=\"font-weight: 400;\">Pouch Format<\/span><\/td>\n<td><span style=\"font-weight: 400;\">Slim<\/span><\/td>\n<\/tr>\n<tr>\n<td><span style=\"font-weight: 400;\">Producent<\/span><\/td>\n<td><span style=\"font-weight: 400;\">N.G.P. Empire<\/span><\/td>\n<\/tr>\n<tr>\n<td><span style=\"font-weight: 400;\">Smag<\/span><\/td>\n<td><span style=\"font-weight: 400;\">Cola<\/span><\/td>\n<\/tr>\n<tr>\n<td><span style=\"font-weight: 400;\">Type<\/span><\/td>\n<td><span style=\"font-weight: 400;\">Alt hvid pouch, Tobaksri<\/span><\/td>\n<\/tr>\n<\/tbody>\n<\/table>","protected":false},"excerpt":{"rendered":"<p>Klassisk, brudt <strong data-start=\"22\" data-end=\"30\">cola<\/strong> med s\u00f8d, let syrlig sodavandsf\u00f8lelse. <strong data-start=\"70\" data-end=\"78\">Slim<\/strong>, tobaksfrie poser sidder diskret under l\u00e6ben til bekvem brug hvor som helst. Hver pose indeholder <strong data-start=\"179\" data-end=\"199\">11,2 mg nikotin<\/strong>og leverer et st\u00e6rkt, tilfredsstillende l\u00f8ft.<\/p>","protected":false},"featured_media":8153,"comment_status":"open","ping_status":"closed","template":"","format":[206],"meta":{"_acf_changed":false},"product_brand":[],"product_cat":[64],"product_tag":[16693],"flavours":[193],"nicotine":[213,232],"class_list":{"0":"post-8152","1":"product","2":"type-product","3":"status-publish","4":"has-post-thumbnail","6":"product_cat-killa","7":"product_tag-13-2-mg-pouch","8":"pa_quantity-1-pack","9":"pa_quantity-10-pack","10":"pa_quantity-3-pack","11":"pa_quantity-30-pack","12":"pa_quantity-5-pack","13":"pa_quantity-60-pack","14":"flavours-cola","15":"format-slim","16":"nicotine-16-mg-g","17":"nicotine-extra-strong","19":"first","20":"instock","21":"taxable","22":"shipping-taxable","23":"purchasable","24":"product-type-variable"},"acf":[],"_links":{"self":[{"href":"https:\/\/whitelip.com\/da\/wp-json\/wp\/v2\/product\/8152","targetHints":{"allow":["GET"]}}],"collection":[{"href":"https:\/\/whitelip.com\/da\/wp-json\/wp\/v2\/product"}],"about":[{"href":"https:\/\/whitelip.com\/da\/wp-json\/wp\/v2\/types\/product"}],"replies":[{"embeddable":true,"href":"https:\/\/whitelip.com\/da\/wp-json\/wp\/v2\/comments?post=8152"}],"wp:featuredmedia":[{"embeddable":true,"href":"https:\/\/whitelip.com\/da\/wp-json\/wp\/v2\/media\/8153"}],"wp:attachment":[{"href":"https:\/\/whitelip.com\/da\/wp-json\/wp\/v2\/media?parent=8152"}],"wp:term":[{"taxonomy":"product_brand","embeddable":true,"href":"https:\/\/whitelip.com\/da\/wp-json\/wp\/v2\/product_brand?post=8152"},{"taxonomy":"product_cat","embeddable":true,"href":"https:\/\/whitelip.com\/da\/wp-json\/wp\/v2\/product_cat?post=8152"},{"taxonomy":"product_tag","embeddable":true,"href":"https:\/\/whitelip.com\/da\/wp-json\/wp\/v2\/product_tag?post=8152"},{"taxonomy":"flavours","embeddable":true,"href":"https:\/\/whitelip.com\/da\/wp-json\/wp\/v2\/flavours?post=8152"},{"taxonomy":"format","embeddable":true,"href":"https:\/\/whitelip.com\/da\/wp-json\/wp\/v2\/format?post=8152"},{"taxonomy":"nicotine","embeddable":true,"href":"https:\/\/whitelip.com\/da\/wp-json\/wp\/v2\/nicotine?post=8152"}],"curies":[{"name":"wp","href":"https:\/\/api.w.org\/{rel}","templated":true}]}}