{"id":8074,"date":"2024-11-28T12:36:53","date_gmt":"2024-11-28T12:36:53","guid":{"rendered":"https:\/\/whitelip.com\/77-watermelon-ice-light\/"},"modified":"2026-05-06T10:11:32","modified_gmt":"2026-05-06T10:11:32","slug":"77-watermelon-ice-light","status":"publish","type":"product","link":"https:\/\/whitelip.com\/da\/77\/77-watermelon-ice-light\/","title":{"rendered":"77 Watermelon Ice Light"},"content":{"rendered":"<h2><strong>77 Watermelon Ice Light<\/strong><\/h2>\n<p><span style=\"font-weight: 400;\">77 Watermelon Ice Light nikotinposer tilbyder en s\u00f8d og naturlig vandmelonsmag i et slim, alt-hvidt format. Hver pose indeholder 5,2 mg nikotin, hvilket giver en mild f\u00f8lelse, der er velegnet til dem, der s\u00f8ger en sk\u00e5nsom nikotinoplevelse. Det diskrete design sikrer en komfortabel pasform under l\u00e6ben, hvilket tillader brug n\u00e5r som helst uden at plette t\u00e6nderne. Produceret af 77 Group, eksemplificerer disse tobaksfrie poser h\u00f8je kvalitetsstandarder og innovative smakkombinationer.<\/span><\/p>\n<table>\n<tbody>\n<tr>\n<td><b>Attribute<\/b><\/td>\n<td><b>Detaljer<\/b><\/td>\n<\/tr>\n<tr>\n<td><b>Indhold pr. d\u00e5se<\/b><\/td>\n<td><span style=\"font-weight: 400;\">10g (20 poser)<\/span><\/td>\n<\/tr>\n<tr>\n<td><b>Nikotinindhold<\/b><\/td>\n<td><span style=\"font-weight: 400;\">8 mg\/g (5,2 mg pr. pose)<\/span><\/td>\n<\/tr>\n<tr>\n<td><b>Poseformat<\/b><\/td>\n<td><span style=\"font-weight: 400;\">Slim<\/span><\/td>\n<\/tr>\n<tr>\n<td><b>Producent<\/b><\/td>\n<td><span style=\"font-weight: 400;\">77 Group<\/span><\/td>\n<\/tr>\n<tr>\n<td><b>Smag<\/b><\/td>\n<td><span style=\"font-weight: 400;\">Vandmelon<\/span><\/td>\n<\/tr>\n<tr>\n<td><b>Type<\/b><\/td>\n<td><span style=\"font-weight: 400;\">Helt hvid pose<\/span><\/td>\n<\/tr>\n<\/tbody>\n<\/table>","protected":false},"excerpt":{"rendered":"<p>S\u00f8dt, naturligt <strong data-start=\"15\" data-end=\"29\">vandmelon<\/strong> med en ren, frisk afslutning. Den <strong data-start=\"67\" data-end=\"86\">smalle, <\/strong>hvide puder sidder diskret og komfortabelt under l\u00e6ben til pletsikkert, n\u00e5r som helst brug. Hver pose indeholder <strong data-start=\"189\" data-end=\"208\">5,2 mg nikotin<\/strong>, hvilket leverer en mild let-styrke oplevelse fra 77 Group.<\/p>","protected":false},"featured_media":8075,"comment_status":"open","ping_status":"closed","template":"","format":[206],"meta":{"_acf_changed":false},"product_brand":[],"product_cat":[23],"product_tag":[16547],"flavours":[196],"nicotine":[230,236],"class_list":{"0":"post-8074","1":"product","2":"type-product","3":"status-publish","4":"has-post-thumbnail","6":"product_cat-23","7":"product_tag-5-2-mg-pouch","8":"pa_quantity-1-pack","9":"pa_quantity-10-pack","10":"pa_quantity-3-pack","11":"pa_quantity-30-pack","12":"pa_quantity-5-pack","13":"pa_quantity-60-pack","14":"flavours-fruits-berries","15":"format-slim","16":"nicotine-8-mg-g","17":"nicotine-strong","19":"first","20":"outofstock","21":"taxable","22":"shipping-taxable","23":"purchasable","24":"product-type-variable"},"acf":[],"_links":{"self":[{"href":"https:\/\/whitelip.com\/da\/wp-json\/wp\/v2\/product\/8074","targetHints":{"allow":["GET"]}}],"collection":[{"href":"https:\/\/whitelip.com\/da\/wp-json\/wp\/v2\/product"}],"about":[{"href":"https:\/\/whitelip.com\/da\/wp-json\/wp\/v2\/types\/product"}],"replies":[{"embeddable":true,"href":"https:\/\/whitelip.com\/da\/wp-json\/wp\/v2\/comments?post=8074"}],"wp:featuredmedia":[{"embeddable":true,"href":"https:\/\/whitelip.com\/da\/wp-json\/wp\/v2\/media\/8075"}],"wp:attachment":[{"href":"https:\/\/whitelip.com\/da\/wp-json\/wp\/v2\/media?parent=8074"}],"wp:term":[{"taxonomy":"product_brand","embeddable":true,"href":"https:\/\/whitelip.com\/da\/wp-json\/wp\/v2\/product_brand?post=8074"},{"taxonomy":"product_cat","embeddable":true,"href":"https:\/\/whitelip.com\/da\/wp-json\/wp\/v2\/product_cat?post=8074"},{"taxonomy":"product_tag","embeddable":true,"href":"https:\/\/whitelip.com\/da\/wp-json\/wp\/v2\/product_tag?post=8074"},{"taxonomy":"flavours","embeddable":true,"href":"https:\/\/whitelip.com\/da\/wp-json\/wp\/v2\/flavours?post=8074"},{"taxonomy":"format","embeddable":true,"href":"https:\/\/whitelip.com\/da\/wp-json\/wp\/v2\/format?post=8074"},{"taxonomy":"nicotine","embeddable":true,"href":"https:\/\/whitelip.com\/da\/wp-json\/wp\/v2\/nicotine?post=8074"}],"curies":[{"name":"wp","href":"https:\/\/api.w.org\/{rel}","templated":true}]}}