{"id":8056,"date":"2024-11-28T12:36:30","date_gmt":"2024-11-28T12:36:30","guid":{"rendered":"https:\/\/whitelip.com\/helwit-cherry\/"},"modified":"2026-04-15T20:15:40","modified_gmt":"2026-04-15T20:15:40","slug":"helwit-cherry","status":"publish","type":"product","link":"https:\/\/whitelip.com\/da\/helwit\/helwit-cherry\/","title":{"rendered":"HELWIT Kirseb\u00e6r"},"content":{"rendered":"<h2><b>HELWIT Kirseb\u00e6r<\/b><\/h2>\n<p><span style=\"font-weight: 400;\">HELWIT Cherry nikotinposer tilbyder en herlig blanding af s\u00f8de og sure kirseb\u00e6rsmagsmuligheder, som giver en opfriskende oplevelse for frugtelskere. Hver slankt format pose indeholder 9 mg nikotin pr. gram, svarende til cirka 4,5 mg pr. pose, og giver en afbalanceret og tilfredsstillende fornemmelse. Poserne er designet til diskret brug uden at f\u00e5 t\u00e6nder til at blive plettet, hvilket g\u00f8r dem ideelle til nydelse p\u00e5 farten. Produceret af YOIK AB, en svensk producent kendt for at kombinere moderne metoder med traditionel kvalitet, eksemplificerer disse poser h\u00f8je standarder og innovative smagskombinatjoner.<\/span><\/p>\n<table>\n<tbody>\n<tr>\n<td><b>Attribute<\/b><\/td>\n<td><b>Detaljer<\/b><\/td>\n<\/tr>\n<tr>\n<td><b>Indhold pr. d\u00e5se<\/b><\/td>\n<td><span style=\"font-weight: 400;\">10g (20 poser)<\/span><\/td>\n<\/tr>\n<tr>\n<td><b>Nikotinindhold<\/b><\/td>\n<td><span style=\"font-weight: 400;\">9 mg\/g (4,5 mg pr. pose)<\/span><\/td>\n<\/tr>\n<tr>\n<td><b>Poseformat<\/b><\/td>\n<td><span style=\"font-weight: 400;\">Slim<\/span><\/td>\n<\/tr>\n<tr>\n<td><b>Producent<\/b><\/td>\n<td><span style=\"font-weight: 400;\">YOIK AB<\/span><\/td>\n<\/tr>\n<tr>\n<td><b>Smag<\/b><\/td>\n<td><span style=\"font-weight: 400;\">Kirseb\u00e6r<\/span><\/td>\n<\/tr>\n<tr>\n<td><b>Type<\/b><\/td>\n<td><span style=\"font-weight: 400;\">Helt hvid pose<\/span><\/td>\n<\/tr>\n<\/tbody>\n<\/table>","protected":false},"excerpt":{"rendered":"<p>S\u00f8dt-surt <strong data-start=\"11\" data-end=\"21\">kirseb\u00e6r<\/strong> for en opfriskende, frugtig l\u00f8ft. <strong data-start=\"53\" data-end=\"61\">Slim<\/strong>, helt hvide, tobaksofrie poser sidder diskret under l\u00e6ben og vil ikke plette t\u00e6nder. Hver pose indeholder <strong data-start=\"167\" data-end=\"187\">cirka 4,5 mg nikotin<\/strong> (9 mg\/g), hvilket giver et afbalanceret og tilfredsstillende udbytte.<\/p>","protected":false},"featured_media":8057,"comment_status":"open","ping_status":"closed","template":"","format":[206],"meta":{"_acf_changed":false},"product_brand":[],"product_cat":[52],"product_tag":[16595],"flavours":[196],"nicotine":[231,236],"class_list":{"0":"post-8056","1":"product","2":"type-product","3":"status-publish","4":"has-post-thumbnail","6":"product_cat-helwit","7":"product_tag-4-5-mg-pouch","8":"pa_quantity-1-pack","9":"pa_quantity-10-pack","10":"pa_quantity-3-pack","11":"pa_quantity-30-pack","12":"pa_quantity-5-pack","13":"pa_quantity-60-pack","14":"flavours-fruits-berries","15":"format-slim","16":"nicotine-9-mg-g","17":"nicotine-strong","19":"first","20":"instock","21":"taxable","22":"shipping-taxable","23":"purchasable","24":"product-type-variable"},"acf":[],"_links":{"self":[{"href":"https:\/\/whitelip.com\/da\/wp-json\/wp\/v2\/product\/8056","targetHints":{"allow":["GET"]}}],"collection":[{"href":"https:\/\/whitelip.com\/da\/wp-json\/wp\/v2\/product"}],"about":[{"href":"https:\/\/whitelip.com\/da\/wp-json\/wp\/v2\/types\/product"}],"replies":[{"embeddable":true,"href":"https:\/\/whitelip.com\/da\/wp-json\/wp\/v2\/comments?post=8056"}],"wp:featuredmedia":[{"embeddable":true,"href":"https:\/\/whitelip.com\/da\/wp-json\/wp\/v2\/media\/8057"}],"wp:attachment":[{"href":"https:\/\/whitelip.com\/da\/wp-json\/wp\/v2\/media?parent=8056"}],"wp:term":[{"taxonomy":"product_brand","embeddable":true,"href":"https:\/\/whitelip.com\/da\/wp-json\/wp\/v2\/product_brand?post=8056"},{"taxonomy":"product_cat","embeddable":true,"href":"https:\/\/whitelip.com\/da\/wp-json\/wp\/v2\/product_cat?post=8056"},{"taxonomy":"product_tag","embeddable":true,"href":"https:\/\/whitelip.com\/da\/wp-json\/wp\/v2\/product_tag?post=8056"},{"taxonomy":"flavours","embeddable":true,"href":"https:\/\/whitelip.com\/da\/wp-json\/wp\/v2\/flavours?post=8056"},{"taxonomy":"format","embeddable":true,"href":"https:\/\/whitelip.com\/da\/wp-json\/wp\/v2\/format?post=8056"},{"taxonomy":"nicotine","embeddable":true,"href":"https:\/\/whitelip.com\/da\/wp-json\/wp\/v2\/nicotine?post=8056"}],"curies":[{"name":"wp","href":"https:\/\/api.w.org\/{rel}","templated":true}]}}