{"id":7995,"date":"2024-11-28T12:35:40","date_gmt":"2024-11-28T12:35:40","guid":{"rendered":"https:\/\/whitelip.com\/77-raspberry-ice-medium\/"},"modified":"2026-04-16T01:10:12","modified_gmt":"2026-04-16T01:10:12","slug":"77-raspberry-ice-medium","status":"publish","type":"product","link":"https:\/\/whitelip.com\/da\/77\/77-raspberry-ice-medium\/","title":{"rendered":"77 Hindb\u00e6r Is Medium"},"content":{"rendered":"<h2><strong>77 Hindb\u00e6r Is Medium<\/strong><\/h2>\n<p><span style=\"font-weight: 400;\">77 Hindb\u00e6r Is Medium nikotinposer leverer en s\u00f8de og autentisk hindb\u00e6rsmaag, som fanger b\u00e5de syrligheden og s\u00f8dheden af friske b\u00e6r. Hver slim, helt hvid pose indeholder 10,4 mg nikotin, hvilket giver en robust sensation egnet til erfarne brugere. Det diskrete design sikrer komfortabel pasform under l\u00e6ben, hvilket tillader brug til enhver tid uden tandpletter. Produceret af 77 Group, eksemplificerer disse tobaksfrie poser h\u00f8je kvalitetsstandarder og innovative smagskombinationer.<\/span><\/p>\n<table>\n<tbody>\n<tr>\n<td><b>Attribute<\/b><\/td>\n<td><b>Detaljer<\/b><\/td>\n<\/tr>\n<tr>\n<td><b>Indhold pr. d\u00e5se<\/b><\/td>\n<td><span style=\"font-weight: 400;\">13g (20 poser)<\/span><\/td>\n<\/tr>\n<tr>\n<td><b>Nikotinindhold<\/b><\/td>\n<td><span style=\"font-weight: 400;\">16 mg\/g (10,4 mg pr. pose)<\/span><\/td>\n<\/tr>\n<tr>\n<td><b>Poseformat<\/b><\/td>\n<td><span style=\"font-weight: 400;\">Slim<\/span><\/td>\n<\/tr>\n<tr>\n<td><b>Producent<\/b><\/td>\n<td><span style=\"font-weight: 400;\">77 Group<\/span><\/td>\n<\/tr>\n<tr>\n<td><b>Smag<\/b><\/td>\n<td><span style=\"font-weight: 400;\">Hindb\u00e6r<\/span><\/td>\n<\/tr>\n<tr>\n<td><b>Type<\/b><\/td>\n<td><span style=\"font-weight: 400;\">Helt hvid pose<\/span><\/td>\n<\/tr>\n<\/tbody>\n<\/table>","protected":false},"excerpt":{"rendered":"<p>S\u00f8de, autentiske <strong data-start=\"17\" data-end=\"49\">hindb\u00e6r <\/strong>med en isgr\u00e5 finish for en spr\u00f8d, syrlig-s\u00f8d smag. Den <strong data-start=\"85\" data-end=\"104\">smalle, <\/strong>hvide poser sidder diskret og komfortabelt under l\u00e6ben til rent, n\u00e5r som helst brug. Hver pose indeholder <strong data-start=\"202\" data-end=\"222\">10,4 mg nikotin<\/strong>, hvilket giver en stabil medium-styrke-oplevelse fra 77 Group.<\/p>","protected":false},"featured_media":2896,"comment_status":"open","ping_status":"closed","template":"","format":[206],"meta":{"_acf_changed":false},"product_brand":[],"product_cat":[23],"product_tag":[16543],"flavours":[196],"nicotine":[213,232],"class_list":{"0":"post-7995","1":"product","2":"type-product","3":"status-publish","4":"has-post-thumbnail","6":"product_cat-23","7":"product_tag-10-4-mg-pouch","8":"pa_quantity-1-pack","9":"pa_quantity-10-pack","10":"pa_quantity-3-pack","11":"pa_quantity-30-pack","12":"pa_quantity-5-pack","13":"pa_quantity-60-pack","14":"flavours-fruits-berries","15":"format-slim","16":"nicotine-16-mg-g","17":"nicotine-extra-strong","19":"first","20":"instock","21":"taxable","22":"shipping-taxable","23":"purchasable","24":"product-type-variable"},"acf":[],"_links":{"self":[{"href":"https:\/\/whitelip.com\/da\/wp-json\/wp\/v2\/product\/7995","targetHints":{"allow":["GET"]}}],"collection":[{"href":"https:\/\/whitelip.com\/da\/wp-json\/wp\/v2\/product"}],"about":[{"href":"https:\/\/whitelip.com\/da\/wp-json\/wp\/v2\/types\/product"}],"replies":[{"embeddable":true,"href":"https:\/\/whitelip.com\/da\/wp-json\/wp\/v2\/comments?post=7995"}],"wp:featuredmedia":[{"embeddable":true,"href":"https:\/\/whitelip.com\/da\/wp-json\/wp\/v2\/media\/2896"}],"wp:attachment":[{"href":"https:\/\/whitelip.com\/da\/wp-json\/wp\/v2\/media?parent=7995"}],"wp:term":[{"taxonomy":"product_brand","embeddable":true,"href":"https:\/\/whitelip.com\/da\/wp-json\/wp\/v2\/product_brand?post=7995"},{"taxonomy":"product_cat","embeddable":true,"href":"https:\/\/whitelip.com\/da\/wp-json\/wp\/v2\/product_cat?post=7995"},{"taxonomy":"product_tag","embeddable":true,"href":"https:\/\/whitelip.com\/da\/wp-json\/wp\/v2\/product_tag?post=7995"},{"taxonomy":"flavours","embeddable":true,"href":"https:\/\/whitelip.com\/da\/wp-json\/wp\/v2\/flavours?post=7995"},{"taxonomy":"format","embeddable":true,"href":"https:\/\/whitelip.com\/da\/wp-json\/wp\/v2\/format?post=7995"},{"taxonomy":"nicotine","embeddable":true,"href":"https:\/\/whitelip.com\/da\/wp-json\/wp\/v2\/nicotine?post=7995"}],"curies":[{"name":"wp","href":"https:\/\/api.w.org\/{rel}","templated":true}]}}