{"id":7977,"date":"2024-11-28T12:35:39","date_gmt":"2024-11-28T12:35:39","guid":{"rendered":"https:\/\/whitelip.com\/77-forest-fruits-light\/"},"modified":"2026-05-06T21:37:26","modified_gmt":"2026-05-06T21:37:26","slug":"77-forest-fruits-light","status":"publish","type":"product","link":"https:\/\/whitelip.com\/da\/77\/77-forest-fruits-light\/","title":{"rendered":"77 Skovb\u00e6r Lys"},"content":{"rendered":"<h2><strong>77 Skovb\u00e6r Lys<\/strong><\/h2>\n<p><span style=\"font-weight: 400;\">77 Forest Fruits Light nikotinpouches tilbyder en s\u00f8d og sur blanding af skovb\u00e6r i et slankt, helt hvidt format. Hver pose indeholder 5,2 mg nikotin, hvilket giver en mild fornemmelse egnet til dem, der s\u00f8ger en blid nikotinoplevelse. Det diskrete design sikrer komfortabel pasform under l\u00e6ben, s\u00e5 du kan bruge det n\u00e5r som helst uden at miste t\u00e6nder. Fremstillet af 77 Group, disse tobaksfrie pouches eksemplificerer h\u00f8je kvalitetsstandarder og innovative smakskkombinationer.<\/span><\/p>\n<table>\n<tbody>\n<tr>\n<td><b>Attribute<\/b><\/td>\n<td><b>Detaljer<\/b><\/td>\n<\/tr>\n<tr>\n<td><b>Indhold pr. d\u00e5se<\/b><\/td>\n<td><span style=\"font-weight: 400;\">10g (20 poser)<\/span><\/td>\n<\/tr>\n<tr>\n<td><b>Nikotinindhold<\/b><\/td>\n<td><span style=\"font-weight: 400;\">8 mg\/g (5,2 mg pr. pose)<\/span><\/td>\n<\/tr>\n<tr>\n<td><b>Poseformat<\/b><\/td>\n<td><span style=\"font-weight: 400;\">Slim<\/span><\/td>\n<\/tr>\n<tr>\n<td><b>Producent<\/b><\/td>\n<td><span style=\"font-weight: 400;\">77 Group<\/span><\/td>\n<\/tr>\n<tr>\n<td><b>Smag<\/b><\/td>\n<td><span style=\"font-weight: 400;\">Skovb\u00e6r<\/span><\/td>\n<\/tr>\n<tr>\n<td><b>Type<\/b><\/td>\n<td><span style=\"font-weight: 400;\">Helt hvid pose<\/span><\/td>\n<\/tr>\n<\/tbody>\n<\/table>","protected":false},"excerpt":{"rendered":"<p>S\u00f8d sur <strong data-start=\"12\" data-end=\"29\">skovb\u00e6r<\/strong> for en lys, frugtfuld smag. De <strong data-start=\"62\" data-end=\"81\">smalle, <\/strong>hvide poser sidder diskret og komfortabelt under l\u00e6ben til rent, n\u00e5r som helst brug. Hver pose indeholder <strong data-start=\"179\" data-end=\"198\">5,2 mg nikotin<\/strong>, hvilket leverer en mild let-styrke oplevelse fra 77 Group.<\/p>","protected":false},"featured_media":67536,"comment_status":"open","ping_status":"closed","template":"","format":[206],"meta":{"_acf_changed":false},"product_brand":[],"product_cat":[23],"product_tag":[16547],"flavours":[196],"nicotine":[230,236],"class_list":{"0":"post-7977","1":"product","2":"type-product","3":"status-publish","4":"has-post-thumbnail","6":"product_cat-23","7":"product_tag-5-2-mg-pouch","8":"pa_quantity-1-pack","9":"pa_quantity-10-pack","10":"pa_quantity-3-pack","11":"pa_quantity-30-pack","12":"pa_quantity-5-pack","13":"pa_quantity-60-pack","14":"flavours-fruits-berries","15":"format-slim","16":"nicotine-8-mg-g","17":"nicotine-strong","19":"first","20":"instock","21":"taxable","22":"shipping-taxable","23":"purchasable","24":"product-type-variable"},"acf":[],"_links":{"self":[{"href":"https:\/\/whitelip.com\/da\/wp-json\/wp\/v2\/product\/7977","targetHints":{"allow":["GET"]}}],"collection":[{"href":"https:\/\/whitelip.com\/da\/wp-json\/wp\/v2\/product"}],"about":[{"href":"https:\/\/whitelip.com\/da\/wp-json\/wp\/v2\/types\/product"}],"replies":[{"embeddable":true,"href":"https:\/\/whitelip.com\/da\/wp-json\/wp\/v2\/comments?post=7977"}],"wp:featuredmedia":[{"embeddable":true,"href":"https:\/\/whitelip.com\/da\/wp-json\/wp\/v2\/media\/67536"}],"wp:attachment":[{"href":"https:\/\/whitelip.com\/da\/wp-json\/wp\/v2\/media?parent=7977"}],"wp:term":[{"taxonomy":"product_brand","embeddable":true,"href":"https:\/\/whitelip.com\/da\/wp-json\/wp\/v2\/product_brand?post=7977"},{"taxonomy":"product_cat","embeddable":true,"href":"https:\/\/whitelip.com\/da\/wp-json\/wp\/v2\/product_cat?post=7977"},{"taxonomy":"product_tag","embeddable":true,"href":"https:\/\/whitelip.com\/da\/wp-json\/wp\/v2\/product_tag?post=7977"},{"taxonomy":"flavours","embeddable":true,"href":"https:\/\/whitelip.com\/da\/wp-json\/wp\/v2\/flavours?post=7977"},{"taxonomy":"format","embeddable":true,"href":"https:\/\/whitelip.com\/da\/wp-json\/wp\/v2\/format?post=7977"},{"taxonomy":"nicotine","embeddable":true,"href":"https:\/\/whitelip.com\/da\/wp-json\/wp\/v2\/nicotine?post=7977"}],"curies":[{"name":"wp","href":"https:\/\/api.w.org\/{rel}","templated":true}]}}