{"id":65126,"date":"2026-02-02T08:55:43","date_gmt":"2026-02-02T08:55:43","guid":{"rendered":"https:\/\/whitelip.com\/?post_type=product&#038;p=65126"},"modified":"2026-05-09T10:11:19","modified_gmt":"2026-05-09T10:11:19","slug":"togo-straw-melonade","status":"publish","type":"product","link":"https:\/\/whitelip.com\/da\/togo\/togo-straw-melonade\/","title":{"rendered":"TOGO Straw Melonade"},"content":{"rendered":"<h1>TOGO Straw Melonade<\/h1>\n<p data-start=\"257\" data-end=\"536\">TOGO Straw Melonade er nikotinpouchere med en smag kombineret af jordb\u00e6r, melon og citronlemonade. Smagen introduceres tidligt og kombinerer s\u00f8de jordb\u00e6rnoder med glat melon og et let citruskarakter fra citronlemonade. Produktet er fremstillet af Togo Nicotine AB.<\/p>\n<p data-start=\"538\" data-end=\"706\">Hver pouch vejer 0,6 gram. En d\u00e5se indeholder 20 nikotinpouchere med et samlet indhold p\u00e5 12 gram. Nikotinindholdet er 8 mg pr. pouch og 13,33 mg nikotin pr. gram.<\/p>\n<p data-start=\"708\" data-end=\"839\">TOGO Straw Melonade er en del af TOGO-serien af nikotinpouchere og er udviklet med en afbalanceret frugt- og citrussmag.<\/p>\n<table>\n<tbody>\n<tr>\n<td><b>Attribute<\/b><\/td>\n<td><b>Detaljer<\/b><\/td>\n<\/tr>\n<tr>\n<td><span style=\"font-weight: 400;\">Indhold pr. D\u00e5se<\/span><\/td>\n<td><span style=\"font-weight: 400;\">12g (20 poser)<\/span><\/td>\n<\/tr>\n<tr>\n<td><span style=\"font-weight: 400;\">Nikotin Indhold<\/span><\/td>\n<td><span style=\"font-weight: 400;\">8 mg pr. pouch<\/span><\/td>\n<\/tr>\n<tr>\n<td><span style=\"font-weight: 400;\">Pouch Format<\/span><\/td>\n<td><span style=\"font-weight: 400;\">Slim<\/span><\/td>\n<\/tr>\n<tr>\n<td><span style=\"font-weight: 400;\">Producent<\/span><\/td>\n<td><span style=\"font-weight: 400;\">TOGO Nicotine AB<\/span><\/td>\n<\/tr>\n<tr>\n<td><span style=\"font-weight: 400;\">Smag<\/span><\/td>\n<td>Jordb\u00e6r, melon, citronlemonade<\/td>\n<\/tr>\n<tr>\n<td><span style=\"font-weight: 400;\">Type<\/span><\/td>\n<td><span style=\"font-weight: 400;\">Alt hvid pouch, Tobaksri<\/span><\/td>\n<\/tr>\n<\/tbody>\n<\/table>","protected":false},"excerpt":{"rendered":"<p data-start=\"901\" data-end=\"1023\">TOGO Straw Melonade nikotinposer med <strong data-start=\"913\" data-end=\"948\">Jordb\u00e6r, melon og citronlemonade<\/strong> smag. Hver pose indeholder <strong data-start=\"977\" data-end=\"994\">8 mg nikotin<\/strong>.<\/p>","protected":false},"featured_media":65154,"comment_status":"open","ping_status":"closed","template":"","format":[206],"meta":{"_acf_changed":false},"product_brand":[],"product_cat":[13788],"product_tag":[16583],"flavours":[196],"nicotine":[210,232],"class_list":{"0":"post-65126","1":"product","2":"type-product","3":"status-publish","4":"has-post-thumbnail","6":"product_cat-togo","7":"product_tag-8-mg-pouch","8":"pa_quantity-1-pack","9":"pa_quantity-10-pack","10":"pa_quantity-3-pack","11":"pa_quantity-30-pack","12":"pa_quantity-5-pack","13":"pa_quantity-60-pack","14":"flavours-fruits-berries","15":"format-slim","16":"nicotine-13-mg-g","17":"nicotine-extra-strong","19":"first","20":"instock","21":"taxable","22":"shipping-taxable","23":"purchasable","24":"product-type-variable"},"acf":[],"_links":{"self":[{"href":"https:\/\/whitelip.com\/da\/wp-json\/wp\/v2\/product\/65126","targetHints":{"allow":["GET"]}}],"collection":[{"href":"https:\/\/whitelip.com\/da\/wp-json\/wp\/v2\/product"}],"about":[{"href":"https:\/\/whitelip.com\/da\/wp-json\/wp\/v2\/types\/product"}],"replies":[{"embeddable":true,"href":"https:\/\/whitelip.com\/da\/wp-json\/wp\/v2\/comments?post=65126"}],"wp:featuredmedia":[{"embeddable":true,"href":"https:\/\/whitelip.com\/da\/wp-json\/wp\/v2\/media\/65154"}],"wp:attachment":[{"href":"https:\/\/whitelip.com\/da\/wp-json\/wp\/v2\/media?parent=65126"}],"wp:term":[{"taxonomy":"product_brand","embeddable":true,"href":"https:\/\/whitelip.com\/da\/wp-json\/wp\/v2\/product_brand?post=65126"},{"taxonomy":"product_cat","embeddable":true,"href":"https:\/\/whitelip.com\/da\/wp-json\/wp\/v2\/product_cat?post=65126"},{"taxonomy":"product_tag","embeddable":true,"href":"https:\/\/whitelip.com\/da\/wp-json\/wp\/v2\/product_tag?post=65126"},{"taxonomy":"flavours","embeddable":true,"href":"https:\/\/whitelip.com\/da\/wp-json\/wp\/v2\/flavours?post=65126"},{"taxonomy":"format","embeddable":true,"href":"https:\/\/whitelip.com\/da\/wp-json\/wp\/v2\/format?post=65126"},{"taxonomy":"nicotine","embeddable":true,"href":"https:\/\/whitelip.com\/da\/wp-json\/wp\/v2\/nicotine?post=65126"}],"curies":[{"name":"wp","href":"https:\/\/api.w.org\/{rel}","templated":true}]}}