{"id":63789,"date":"2026-01-26T09:47:56","date_gmt":"2026-01-26T09:47:56","guid":{"rendered":"https:\/\/whitelip.com\/?post_type=product&#038;p=63789"},"modified":"2026-05-07T10:11:43","modified_gmt":"2026-05-07T10:11:43","slug":"fumi-blackcurrant-strong-2","status":"publish","type":"product","link":"https:\/\/whitelip.com\/da\/fumi\/fumi-blackcurrant-strong-2\/","title":{"rendered":"FUMi Blackcurrant Strong"},"content":{"rendered":"<h2>FUMi Blackcurrant Strong<\/h2>\n<p data-start=\"258\" data-end=\"489\">FUMi Solb\u00e6r Strong er nikotinpouches med b\u00e6rsmag i slim-format. Smagen introduceres tidligt og har et klart b\u00e6rkarakter. Produktet er tobaksfrit og produceret af Helix Sweden under FUMi-m\u00e6rket. Poucherne leveres i slim-format, hvilket betyder, at poucherne er smallere end traditionelle formater. Hver beholder indeholder 20 nikotinpouches. Nikotinindholdet er 8 mg pr. pouch og 11,4 mg nikotin pr. gram. Produktet er klassificeret som st\u00e6rkt baseret p\u00e5 dets nikotinindhold pr. pouch. FUMi Solb\u00e6r Strong er en del af FUMis sortiment af tobaksfriet nikotinpouches.<\/p>\n<table>\n<tbody>\n<tr>\n<td><b>Attribute<\/b><\/td>\n<td><b>Detaljer<\/b><\/td>\n<\/tr>\n<tr>\n<td><span style=\"font-weight: 400;\">Indhold pr. D\u00e5se<\/span><\/td>\n<td><span style=\"font-weight: 400;\">14g (20 poser)<\/span><\/td>\n<\/tr>\n<tr>\n<td><span style=\"font-weight: 400;\">Nikotin Indhold<\/span><\/td>\n<td><span style=\"font-weight: 400;\">8 mg pr. pouch<\/span><\/td>\n<\/tr>\n<tr>\n<td><span style=\"font-weight: 400;\">Pouch Format<\/span><\/td>\n<td><span style=\"font-weight: 400;\">Slim<\/span><\/td>\n<\/tr>\n<tr>\n<td><span style=\"font-weight: 400;\">Producent<\/span><\/td>\n<td><span style=\"font-weight: 400;\">FUMI<\/span><\/td>\n<\/tr>\n<tr>\n<td><span style=\"font-weight: 400;\">Smag<\/span><\/td>\n<td><span style=\"font-weight: 400;\">Solb\u00e6r, b\u00e6r<\/span><\/td>\n<\/tr>\n<tr>\n<td><span style=\"font-weight: 400;\">Type<\/span><\/td>\n<td><span style=\"font-weight: 400;\">Alt hvid pouch, Tobaksri<\/span><\/td>\n<\/tr>\n<\/tbody>\n<\/table>","protected":false},"excerpt":{"rendered":"<p data-start=\"901\" data-end=\"1023\">FUMi Solb\u00e6r Strong nikotinpouches med <strong data-start=\"948\" data-end=\"957\">B\u00e6r<\/strong> smag i <strong data-start=\"968\" data-end=\"976\">Slim<\/strong> format. Hver pude indeholder <strong data-start=\"1005\" data-end=\"1022\">8 mg nikotin<\/strong>.<\/p>","protected":false},"featured_media":64591,"comment_status":"open","ping_status":"closed","template":"","format":[206],"meta":{"_acf_changed":false},"product_brand":[],"product_cat":[245],"product_tag":[16583],"flavours":[196],"nicotine":[208,236],"class_list":{"0":"post-63789","1":"product","2":"type-product","3":"status-publish","4":"has-post-thumbnail","6":"product_cat-fumi","7":"product_tag-8-mg-pouch","8":"pa_quantity-1-pack","9":"pa_quantity-10-pack","10":"pa_quantity-3-pack","11":"pa_quantity-30-pack","12":"pa_quantity-5-pack","13":"pa_quantity-60-pack","14":"flavours-fruits-berries","15":"format-slim","16":"nicotine-11-mg-g","17":"nicotine-strong","19":"first","20":"instock","21":"taxable","22":"shipping-taxable","23":"purchasable","24":"product-type-variable"},"acf":[],"_links":{"self":[{"href":"https:\/\/whitelip.com\/da\/wp-json\/wp\/v2\/product\/63789","targetHints":{"allow":["GET"]}}],"collection":[{"href":"https:\/\/whitelip.com\/da\/wp-json\/wp\/v2\/product"}],"about":[{"href":"https:\/\/whitelip.com\/da\/wp-json\/wp\/v2\/types\/product"}],"replies":[{"embeddable":true,"href":"https:\/\/whitelip.com\/da\/wp-json\/wp\/v2\/comments?post=63789"}],"wp:featuredmedia":[{"embeddable":true,"href":"https:\/\/whitelip.com\/da\/wp-json\/wp\/v2\/media\/64591"}],"wp:attachment":[{"href":"https:\/\/whitelip.com\/da\/wp-json\/wp\/v2\/media?parent=63789"}],"wp:term":[{"taxonomy":"product_brand","embeddable":true,"href":"https:\/\/whitelip.com\/da\/wp-json\/wp\/v2\/product_brand?post=63789"},{"taxonomy":"product_cat","embeddable":true,"href":"https:\/\/whitelip.com\/da\/wp-json\/wp\/v2\/product_cat?post=63789"},{"taxonomy":"product_tag","embeddable":true,"href":"https:\/\/whitelip.com\/da\/wp-json\/wp\/v2\/product_tag?post=63789"},{"taxonomy":"flavours","embeddable":true,"href":"https:\/\/whitelip.com\/da\/wp-json\/wp\/v2\/flavours?post=63789"},{"taxonomy":"format","embeddable":true,"href":"https:\/\/whitelip.com\/da\/wp-json\/wp\/v2\/format?post=63789"},{"taxonomy":"nicotine","embeddable":true,"href":"https:\/\/whitelip.com\/da\/wp-json\/wp\/v2\/nicotine?post=63789"}],"curies":[{"name":"wp","href":"https:\/\/api.w.org\/{rel}","templated":true}]}}