{"id":61399,"date":"2026-01-19T10:16:37","date_gmt":"2026-01-19T10:16:37","guid":{"rendered":"https:\/\/whitelip.com\/?post_type=product&#038;p=61399"},"modified":"2026-04-15T20:10:18","modified_gmt":"2026-04-15T20:10:18","slug":"apres-mochaccino-mini","status":"publish","type":"product","link":"https:\/\/whitelip.com\/da\/apres\/apres-mochaccino-mini\/","title":{"rendered":"APR\u00c8S Mochaccino Mini"},"content":{"rendered":"<h2>APR\u00c8S Mochaccino Mini<\/h2>\n<p data-start=\"217\" data-end=\"431\">APR\u00c8S Mochaccino Mini er et tobaksefrit nikotinpuderprodukt med kaff\u00e9smag i miniformat. Smagen introduceres tidligt og har en klar kaff\u00e9karak\u00adter. Produktet fremstilles af Apr\u00e8s Nicotine AB. Puderne produceres i miniformat med mindre portioner. Hver d\u00e5se indeholder 20 nikotinpuder. Nikotinindholdet er 3,2 mg pr. pude, svarende til 8 mg nikotin pr. gram. Produktet er klassificeret som normalstyrke baseret p\u00e5 sit nikotinindhold pr. pude. APR\u00c8S Mochaccino Mini er en del af APR\u00c8S-serien af tobaksefri nikotinpuder og fremstilles uden brug af tobaksblad.<\/p>\n<table>\n<tbody>\n<tr>\n<td><b>Attribute<\/b><\/td>\n<td><b>Detaljer<\/b><\/td>\n<\/tr>\n<tr>\n<td><b>Indhold pr. d\u00e5se<\/b><\/td>\n<td><span style=\"font-weight: 400;\">11g (20 pouches)<\/span><\/td>\n<\/tr>\n<tr>\n<td><b>Nikotinindhold<\/b><\/td>\n<td><span style=\"font-weight: 400;\">8 mg\/g (3,2 mg pr. pude)<\/span><\/td>\n<\/tr>\n<tr>\n<td><b>Poseformat<\/b><\/td>\n<td><span style=\"font-weight: 400;\">Mini<\/span><\/td>\n<\/tr>\n<tr>\n<td><b>Producent<\/b><\/td>\n<td><span style=\"font-weight: 400;\">APR\u00c8S Nicotine AB<\/span><\/td>\n<\/tr>\n<tr>\n<td><b>Smag<\/b><\/td>\n<td><span style=\"font-weight: 400;\">Kaffe<\/span><\/td>\n<\/tr>\n<tr>\n<td><b>Type<\/b><\/td>\n<td><span style=\"font-weight: 400;\">Helt hvid pose<\/span><\/td>\n<\/tr>\n<\/tbody>\n<\/table>","protected":false},"excerpt":{"rendered":"<p><span style=\"font-weight: 400;\">APR\u00c8S Mochaccino Mini nikotinpuder med <strong data-start=\"913\" data-end=\"923\">Kaffe<\/strong> smag i <strong data-start=\"934\" data-end=\"942\">Mini<\/strong> format. Hver pude indeholder <strong data-start=\"971\" data-end=\"990\">3,2 mg nikotin<\/strong>.<\/span><\/p>","protected":false},"featured_media":61457,"comment_status":"open","ping_status":"closed","template":"","format":[205],"meta":{"_acf_changed":false},"product_brand":[],"product_cat":[41],"product_tag":[16555],"flavours":[192],"nicotine":[230,235],"class_list":{"0":"post-61399","1":"product","2":"type-product","3":"status-publish","4":"has-post-thumbnail","6":"product_cat-apres","7":"product_tag-3-2-mg-pouch","8":"pa_quantity-1-pack","9":"pa_quantity-10-pack","10":"pa_quantity-3-pack","11":"pa_quantity-30-pack","12":"pa_quantity-5-pack","13":"pa_quantity-60-pack","14":"flavours-coffee","15":"format-mini","16":"nicotine-8-mg-g","17":"nicotine-normal","19":"first","20":"instock","21":"taxable","22":"shipping-taxable","23":"purchasable","24":"product-type-variable"},"acf":[],"_links":{"self":[{"href":"https:\/\/whitelip.com\/da\/wp-json\/wp\/v2\/product\/61399","targetHints":{"allow":["GET"]}}],"collection":[{"href":"https:\/\/whitelip.com\/da\/wp-json\/wp\/v2\/product"}],"about":[{"href":"https:\/\/whitelip.com\/da\/wp-json\/wp\/v2\/types\/product"}],"replies":[{"embeddable":true,"href":"https:\/\/whitelip.com\/da\/wp-json\/wp\/v2\/comments?post=61399"}],"wp:featuredmedia":[{"embeddable":true,"href":"https:\/\/whitelip.com\/da\/wp-json\/wp\/v2\/media\/61457"}],"wp:attachment":[{"href":"https:\/\/whitelip.com\/da\/wp-json\/wp\/v2\/media?parent=61399"}],"wp:term":[{"taxonomy":"product_brand","embeddable":true,"href":"https:\/\/whitelip.com\/da\/wp-json\/wp\/v2\/product_brand?post=61399"},{"taxonomy":"product_cat","embeddable":true,"href":"https:\/\/whitelip.com\/da\/wp-json\/wp\/v2\/product_cat?post=61399"},{"taxonomy":"product_tag","embeddable":true,"href":"https:\/\/whitelip.com\/da\/wp-json\/wp\/v2\/product_tag?post=61399"},{"taxonomy":"flavours","embeddable":true,"href":"https:\/\/whitelip.com\/da\/wp-json\/wp\/v2\/flavours?post=61399"},{"taxonomy":"format","embeddable":true,"href":"https:\/\/whitelip.com\/da\/wp-json\/wp\/v2\/format?post=61399"},{"taxonomy":"nicotine","embeddable":true,"href":"https:\/\/whitelip.com\/da\/wp-json\/wp\/v2\/nicotine?post=61399"}],"curies":[{"name":"wp","href":"https:\/\/api.w.org\/{rel}","templated":true}]}}