{"id":61375,"date":"2026-01-19T10:08:03","date_gmt":"2026-01-19T10:08:03","guid":{"rendered":"https:\/\/whitelip.com\/?post_type=product&#038;p=61375"},"modified":"2026-04-10T17:34:47","modified_gmt":"2026-04-10T17:34:47","slug":"kelly-white-sweet-peach","status":"publish","type":"product","link":"https:\/\/whitelip.com\/da\/kelly-white\/kelly-white-sweet-peach\/","title":{"rendered":"KELLY WHITE Hindb\u00e6r Citron Mini"},"content":{"rendered":"<h2>KELLY WHITE Hindb\u00e6r Citron<\/h2>\n<p data-start=\"225\" data-end=\"508\">Kelly White Raspberry Lemon er et tobaksfrit nikotinposprodukt med hindb\u00e6r- og citronsmag i mini format. Smagen introduceres tidligt og kombinerer b\u00e6rnoter fra hindb\u00e6r med en let citruskarakter fra citron. Produktet fremstilles af White Industries AB. Poserne fremstilles i mini format. Posens indhold er fugtigt, mens den ydre overflade er t\u00f8r, hvilket resulterer i lavt dryp. Hver d\u00e5se indeholder 20 nikotinposer. Nikotinindholdet er specificeret som 13,8 mg nikotin per gram. Kelly White Raspberry Lemon klassificeres som et normalt styrkeprodukt baseret p\u00e5 tilg\u00e6ngelig information. Produktet tilh\u00f8rer Kelly White serien af all white nikotinposer og indeholder plantefibrer, smagsstoffer og tilsat nikotin.<\/p>\n<table>\n<tbody>\n<tr>\n<th>Attribute<\/th>\n<th>Detaljer<\/th>\n<\/tr>\n<tr>\n<td>Indhold pr. d\u00e5se<\/td>\n<td>8g (20 puder)<\/td>\n<\/tr>\n<tr>\n<td>Nikotinindhold<\/td>\n<td>13,8 mg\/g (5,5 mg per pose)<\/td>\n<\/tr>\n<tr>\n<td>Poseformat<\/td>\n<td>Mini<\/td>\n<\/tr>\n<tr>\n<td>Producent<\/td>\n<td>White Industries AB<\/td>\n<\/tr>\n<tr>\n<td>Smag<\/td>\n<td>Hindb\u00e6r og citron<\/td>\n<\/tr>\n<tr>\n<td>Type<\/td>\n<td>Helt hvid pose<\/td>\n<\/tr>\n<\/tbody>\n<\/table>","protected":false},"excerpt":{"rendered":"<p data-start=\"903\" data-end=\"1033\">Kelly White Raspberry Lemon nikotinposer med <strong data-start=\"1107\" data-end=\"1130\">Hindb\u00e6r og citron<\/strong> smag i <strong data-start=\"1141\" data-end=\"1149\">Mini<\/strong> format<\/p>","protected":false},"featured_media":61391,"comment_status":"open","ping_status":"closed","template":"","format":[205],"meta":{"_acf_changed":false},"product_brand":[],"product_cat":[83],"product_tag":[16625],"flavours":[196],"nicotine":[211,232],"class_list":{"0":"post-61375","1":"product","2":"type-product","3":"status-publish","4":"has-post-thumbnail","6":"product_cat-kelly-white","7":"product_tag-5-5-mg-pouch","8":"pa_quantity-1-pack","9":"pa_quantity-10-pack","10":"pa_quantity-3-pack","11":"pa_quantity-30-pack","12":"pa_quantity-5-pack","13":"pa_quantity-60-pack","14":"flavours-fruits-berries","15":"format-mini","16":"nicotine-14-mg-g","17":"nicotine-extra-strong","19":"first","20":"outofstock","21":"taxable","22":"shipping-taxable","23":"purchasable","24":"product-type-variable","25":"has-default-attributes"},"acf":[],"_links":{"self":[{"href":"https:\/\/whitelip.com\/da\/wp-json\/wp\/v2\/product\/61375","targetHints":{"allow":["GET"]}}],"collection":[{"href":"https:\/\/whitelip.com\/da\/wp-json\/wp\/v2\/product"}],"about":[{"href":"https:\/\/whitelip.com\/da\/wp-json\/wp\/v2\/types\/product"}],"replies":[{"embeddable":true,"href":"https:\/\/whitelip.com\/da\/wp-json\/wp\/v2\/comments?post=61375"}],"wp:featuredmedia":[{"embeddable":true,"href":"https:\/\/whitelip.com\/da\/wp-json\/wp\/v2\/media\/61391"}],"wp:attachment":[{"href":"https:\/\/whitelip.com\/da\/wp-json\/wp\/v2\/media?parent=61375"}],"wp:term":[{"taxonomy":"product_brand","embeddable":true,"href":"https:\/\/whitelip.com\/da\/wp-json\/wp\/v2\/product_brand?post=61375"},{"taxonomy":"product_cat","embeddable":true,"href":"https:\/\/whitelip.com\/da\/wp-json\/wp\/v2\/product_cat?post=61375"},{"taxonomy":"product_tag","embeddable":true,"href":"https:\/\/whitelip.com\/da\/wp-json\/wp\/v2\/product_tag?post=61375"},{"taxonomy":"flavours","embeddable":true,"href":"https:\/\/whitelip.com\/da\/wp-json\/wp\/v2\/flavours?post=61375"},{"taxonomy":"format","embeddable":true,"href":"https:\/\/whitelip.com\/da\/wp-json\/wp\/v2\/format?post=61375"},{"taxonomy":"nicotine","embeddable":true,"href":"https:\/\/whitelip.com\/da\/wp-json\/wp\/v2\/nicotine?post=61375"}],"curies":[{"name":"wp","href":"https:\/\/api.w.org\/{rel}","templated":true}]}}