{"id":60594,"date":"2026-01-13T11:57:29","date_gmt":"2026-01-13T11:57:29","guid":{"rendered":"https:\/\/whitelip.com\/?post_type=product&#038;p=60594"},"modified":"2026-04-17T09:18:29","modified_gmt":"2026-04-17T09:18:29","slug":"pablo-exclusive-strawberry-kiwi","status":"publish","type":"product","link":"https:\/\/whitelip.com\/da\/pablo\/pablo-exclusive-strawberry-kiwi\/","title":{"rendered":"PABLO Exclusive Strawberry Kiwi"},"content":{"rendered":"<p data-start=\"109\" data-end=\"413\">PABLO Exclusive Strawberry Kiwi er et tobaksfrit nikotinposeprodunkt med en kombineret jordb\u00e6r- og kiwismags-profil. Smagen introduceres direkte og best\u00e5r af frugtnotater fra b\u00e5de jordb\u00e6r og kiwi. Produktet fremstilles af NGP og tilh\u00f8rer PABLO Exclusive produktserie. Nikotinposerne fremstilles i et slim-format designet til diskret placering under overl\u00e6ben. Hver d\u00e5se indeholder 20 nikotinposer. Nikotinindholdet er 30 mg pr. pude, svarende til 50 mg nikotin pr. gram. Hver pude vejer 0,6 gram, og det samlede indhold pr. d\u00e5se er 12 gram.<\/p>\n<p data-start=\"714\" data-end=\"879\">PABLO Exclusive Strawberry Kiwi klassificeres som et ekstraordin\u00e6rt st\u00e6rkt nikotinposeprodunkt baseret p\u00e5 dets nikotinindhold pr. pude. Produktet indeholder intet tobak.<\/p>\n<table>\n<tbody>\n<tr>\n<td><b>Attribute<\/b><\/td>\n<td><b>Detaljer<\/b><\/td>\n<\/tr>\n<tr>\n<td><b>Indhold pr. d\u00e5se<\/b><\/td>\n<td><span style=\"font-weight: 400;\">12g (20 poser)<\/span><\/td>\n<\/tr>\n<tr>\n<td><b>Nikotinindhold<\/b><\/td>\n<td><span style=\"font-weight: 400;\">50 mg\/g (30 mg pr. pouch)<\/span><\/td>\n<\/tr>\n<tr>\n<td><b>Poseformat<\/b><\/td>\n<td><span style=\"font-weight: 400;\">Slim<\/span><\/td>\n<\/tr>\n<tr>\n<td><b>Producent<\/b><\/td>\n<td><span style=\"font-weight: 400;\">N.G.P Empire<\/span><\/td>\n<\/tr>\n<tr>\n<td><b>Smag<\/b><\/td>\n<td>Jordb\u00e6r, kiwi<\/td>\n<\/tr>\n<tr>\n<td><b>Type<\/b><\/td>\n<td><span style=\"font-weight: 400;\">Alt hvid pouch, Tobaksri<\/span><\/td>\n<\/tr>\n<\/tbody>\n<\/table>","protected":false},"excerpt":{"rendered":"<p data-start=\"956\" data-end=\"1104\">PABLO Exclusive Strawberry Kiwi nikotinposer med <strong data-start=\"965\" data-end=\"984\">Jordb\u00e6r kiwi<\/strong> smag i <strong data-start=\"995\" data-end=\"1003\">Slim<\/strong> format. Hver pude indeholder <strong data-start=\"1032\" data-end=\"1050\">30 mg nikotin<\/strong>.<\/p>","protected":false},"featured_media":60771,"comment_status":"open","ping_status":"closed","template":"","format":[206],"meta":{"_acf_changed":false},"product_brand":[],"product_cat":[44],"product_tag":[16605],"flavours":[196],"nicotine":[233,226],"class_list":{"0":"post-60594","1":"product","2":"type-product","3":"status-publish","4":"has-post-thumbnail","6":"product_cat-pablo","7":"product_tag-30-mg-pouch","8":"pa_quantity-1-pack","9":"pa_quantity-10-pack","10":"pa_quantity-3-pack","11":"pa_quantity-30-pack","12":"pa_quantity-5-pack","13":"pa_quantity-60-pack","14":"flavours-fruits-berries","15":"format-slim","16":"nicotine-extreme","17":"nicotine-50-mg-g","19":"first","20":"outofstock","21":"taxable","22":"shipping-taxable","23":"purchasable","24":"product-type-variable"},"acf":[],"_links":{"self":[{"href":"https:\/\/whitelip.com\/da\/wp-json\/wp\/v2\/product\/60594","targetHints":{"allow":["GET"]}}],"collection":[{"href":"https:\/\/whitelip.com\/da\/wp-json\/wp\/v2\/product"}],"about":[{"href":"https:\/\/whitelip.com\/da\/wp-json\/wp\/v2\/types\/product"}],"replies":[{"embeddable":true,"href":"https:\/\/whitelip.com\/da\/wp-json\/wp\/v2\/comments?post=60594"}],"wp:featuredmedia":[{"embeddable":true,"href":"https:\/\/whitelip.com\/da\/wp-json\/wp\/v2\/media\/60771"}],"wp:attachment":[{"href":"https:\/\/whitelip.com\/da\/wp-json\/wp\/v2\/media?parent=60594"}],"wp:term":[{"taxonomy":"product_brand","embeddable":true,"href":"https:\/\/whitelip.com\/da\/wp-json\/wp\/v2\/product_brand?post=60594"},{"taxonomy":"product_cat","embeddable":true,"href":"https:\/\/whitelip.com\/da\/wp-json\/wp\/v2\/product_cat?post=60594"},{"taxonomy":"product_tag","embeddable":true,"href":"https:\/\/whitelip.com\/da\/wp-json\/wp\/v2\/product_tag?post=60594"},{"taxonomy":"flavours","embeddable":true,"href":"https:\/\/whitelip.com\/da\/wp-json\/wp\/v2\/flavours?post=60594"},{"taxonomy":"format","embeddable":true,"href":"https:\/\/whitelip.com\/da\/wp-json\/wp\/v2\/format?post=60594"},{"taxonomy":"nicotine","embeddable":true,"href":"https:\/\/whitelip.com\/da\/wp-json\/wp\/v2\/nicotine?post=60594"}],"curies":[{"name":"wp","href":"https:\/\/api.w.org\/{rel}","templated":true}]}}