{"id":60562,"date":"2026-01-13T11:36:24","date_gmt":"2026-01-13T11:36:24","guid":{"rendered":"https:\/\/whitelip.com\/?post_type=product&#038;p=60562"},"modified":"2026-04-17T23:57:30","modified_gmt":"2026-04-17T23:57:30","slug":"pablo-exclusive-blueberry-peach-ice","status":"publish","type":"product","link":"https:\/\/whitelip.com\/da\/pablo\/pablo-exclusive-blueberry-peach-ice\/","title":{"rendered":"PABLO Exclusive Blueberry Peach Ice"},"content":{"rendered":"<p data-start=\"109\" data-end=\"454\">PABLO Exclusive Bl\u00e5b\u00e6r Fersken Is er et tobaksfi nikotinposprodukt med en kombineret bl\u00e5b\u00e6r- og ferskensmag og en k\u00f8lig iskarakter. Smagen introduceres i begyndelsen og defineres af frugtnoter efterfulgt af en k\u00f8lig afslutning. Produktet er fremstillet af NGP og tilh\u00f8rer PABLO Exclusive produktserie. Nikotinposerne er produceret i et slim-format designet til diskret placering under overl\u00e6ben. Hver d\u00e5se indeholder 20 nikotinposer. Nikotinindholdet er 30 mg pr. pose, svarende til 50 mg nikotin pr. gram. Hver pose vejer 0,6 gram, og det samlede indhold pr. d\u00e5se er 12 gram.<\/p>\n<p data-start=\"755\" data-end=\"924\">PABLO Exclusive Bl\u00e5b\u00e6r Fersken Is klassificeres som et ekstremt st\u00e6rkt nikotinposprodukt baseret p\u00e5 dets nikotinindhold pr. pose. Produktet indeholder intet tobak.<\/p>\n<table>\n<tbody>\n<tr>\n<td><b>Attribute<\/b><\/td>\n<td><b>Detaljer<\/b><\/td>\n<\/tr>\n<tr>\n<td><b>Indhold pr. d\u00e5se<\/b><\/td>\n<td><span style=\"font-weight: 400;\">12g (20 poser)<\/span><\/td>\n<\/tr>\n<tr>\n<td><b>Nikotinindhold<\/b><\/td>\n<td><span style=\"font-weight: 400;\">50 mg\/g (30 mg pr. pouch)<\/span><\/td>\n<\/tr>\n<tr>\n<td><b>Poseformat<\/b><\/td>\n<td><span style=\"font-weight: 400;\">Slim<\/span><\/td>\n<\/tr>\n<tr>\n<td><b>Producent<\/b><\/td>\n<td><span style=\"font-weight: 400;\">N.G.P Empire<\/span><\/td>\n<\/tr>\n<tr>\n<td><b>Smag<\/b><\/td>\n<td>Bl\u00e5b\u00e6r, Fersken<\/td>\n<\/tr>\n<tr>\n<td><b>Type<\/b><\/td>\n<td><span style=\"font-weight: 400;\">Alt hvid pouch, Tobaksri<\/span><\/td>\n<\/tr>\n<\/tbody>\n<\/table>","protected":false},"excerpt":{"rendered":"<p data-start=\"956\" data-end=\"1104\">PABLO Exclusive Bl\u00e5b\u00e6r Fersken Is nikotinposer med <strong data-start=\"1014\" data-end=\"1037\">Blueberry Peach Ice<\/strong> smag i <strong data-start=\"1048\" data-end=\"1056\">Slim<\/strong> format. Hver pude indeholder <strong data-start=\"1085\" data-end=\"1103\">30 mg nikotin<\/strong>.<\/p>","protected":false},"featured_media":60772,"comment_status":"open","ping_status":"closed","template":"","format":[206],"meta":{"_acf_changed":false},"product_brand":[],"product_cat":[44],"product_tag":[16508,16605],"flavours":[196],"nicotine":[233,226],"class_list":{"0":"post-60562","1":"product","2":"type-product","3":"status-publish","4":"has-post-thumbnail","6":"product_cat-pablo","7":"product_tag-10-off","8":"product_tag-30-mg-pouch","9":"pa_quantity-1-pack","10":"pa_quantity-10-pack","11":"pa_quantity-3-pack","12":"pa_quantity-30-pack","13":"pa_quantity-5-pack","14":"pa_quantity-60-pack","15":"flavours-fruits-berries","16":"format-slim","17":"nicotine-extreme","18":"nicotine-50-mg-g","20":"first","21":"instock","22":"sale","23":"taxable","24":"shipping-taxable","25":"purchasable","26":"product-type-variable"},"acf":[],"_links":{"self":[{"href":"https:\/\/whitelip.com\/da\/wp-json\/wp\/v2\/product\/60562","targetHints":{"allow":["GET"]}}],"collection":[{"href":"https:\/\/whitelip.com\/da\/wp-json\/wp\/v2\/product"}],"about":[{"href":"https:\/\/whitelip.com\/da\/wp-json\/wp\/v2\/types\/product"}],"replies":[{"embeddable":true,"href":"https:\/\/whitelip.com\/da\/wp-json\/wp\/v2\/comments?post=60562"}],"wp:featuredmedia":[{"embeddable":true,"href":"https:\/\/whitelip.com\/da\/wp-json\/wp\/v2\/media\/60772"}],"wp:attachment":[{"href":"https:\/\/whitelip.com\/da\/wp-json\/wp\/v2\/media?parent=60562"}],"wp:term":[{"taxonomy":"product_brand","embeddable":true,"href":"https:\/\/whitelip.com\/da\/wp-json\/wp\/v2\/product_brand?post=60562"},{"taxonomy":"product_cat","embeddable":true,"href":"https:\/\/whitelip.com\/da\/wp-json\/wp\/v2\/product_cat?post=60562"},{"taxonomy":"product_tag","embeddable":true,"href":"https:\/\/whitelip.com\/da\/wp-json\/wp\/v2\/product_tag?post=60562"},{"taxonomy":"flavours","embeddable":true,"href":"https:\/\/whitelip.com\/da\/wp-json\/wp\/v2\/flavours?post=60562"},{"taxonomy":"format","embeddable":true,"href":"https:\/\/whitelip.com\/da\/wp-json\/wp\/v2\/format?post=60562"},{"taxonomy":"nicotine","embeddable":true,"href":"https:\/\/whitelip.com\/da\/wp-json\/wp\/v2\/nicotine?post=60562"}],"curies":[{"name":"wp","href":"https:\/\/api.w.org\/{rel}","templated":true}]}}