{"id":59925,"date":"2026-01-12T15:25:25","date_gmt":"2026-01-12T15:25:25","guid":{"rendered":"https:\/\/whitelip.com\/?post_type=product&#038;p=59925"},"modified":"2026-05-06T10:11:29","modified_gmt":"2026-05-06T10:11:29","slug":"cuba-black-grape","status":"publish","type":"product","link":"https:\/\/whitelip.com\/da\/cuba\/cuba-black-grape\/","title":{"rendered":"CUBA Black Grape"},"content":{"rendered":"<h2>CUBA Black Grape<\/h2>\n<p><span style=\"font-weight: 400;\">CUBA Black Grape Hit nikotinpuder tilbyder en rig druesmag, der leverer en potent og tilfredsstillende oplevelse. Hver slim, helt hvid pude indeholder 43 mg nikotin, hvilket giver en st\u00e6rk fornemmelse, der er egnet til erfarne brugere. De sorte puder er designet til at v\u00e6re diskrete og ikke farve t\u00e6nderne. Hver d\u00e5se indeholder 20 puder, hvilket giver rigeligt udbud til din nydelse. Produceret af CUBA, en polsk producent kendt for at blande samtidsmetoder med traditionel kvalitet, eksemplificerer disse puder h\u00f8je standarder og innovative smagskombinatorer.<\/span><\/p>\n<table>\n<tbody>\n<tr>\n<td><b>Attribute<\/b><\/td>\n<td><b>Detaljer<\/b><\/td>\n<\/tr>\n<tr>\n<td><b>Indhold pr. d\u00e5se<\/b><\/td>\n<td><span style=\"font-weight: 400;\">13g (20 poser)<\/span><\/td>\n<\/tr>\n<tr>\n<td><b>Nikotinindhold<\/b><\/td>\n<td><span style=\"font-weight: 400;\">43 mg\/g (43 mg per pouch)<\/span><\/td>\n<\/tr>\n<tr>\n<td><b>Poseformat<\/b><\/td>\n<td><span style=\"font-weight: 400;\">Slim<\/span><\/td>\n<\/tr>\n<tr>\n<td><b>Producent<\/b><\/td>\n<td><span style=\"font-weight: 400;\">CUBA<\/span><\/td>\n<\/tr>\n<tr>\n<td><b>Smag<\/b><\/td>\n<td><span style=\"font-weight: 400;\">Drue<\/span><\/td>\n<\/tr>\n<tr>\n<td><b>Type<\/b><\/td>\n<td><span style=\"font-weight: 400;\">Helt hvid pose<\/span><\/td>\n<\/tr>\n<\/tbody>\n<\/table>\n<p>\u00a0<\/p>","protected":false},"excerpt":{"rendered":"<p>Rig, drueagtig, tilfredsstillende smag. Den <strong data-start=\"60\" data-end=\"75\">smalle, <\/strong>sorte pouches sidder diskret under l\u00e6ben og vil ikke plette t\u00e6nderne. Hver pouch indeholder <strong data-start=\"156\" data-end=\"184\">43 mg nikotin per pouch<\/strong>, afgiver et st\u00e6rkt spark egnet til erfarne brugere. Hver d\u00e5se indeholder 20 pouches, fremstillet af CUBA til premium, tobaksfri ydeevne.<\/p>","protected":false},"featured_media":59949,"comment_status":"open","ping_status":"closed","template":"","format":[206],"meta":{"_acf_changed":false},"product_brand":[],"product_cat":[46],"product_tag":[16567],"flavours":[196],"nicotine":[227,233],"class_list":{"0":"post-59925","1":"product","2":"type-product","3":"status-publish","4":"has-post-thumbnail","6":"product_cat-cuba","7":"product_tag-43-mg-pouch","8":"pa_quantity-1-pack","9":"pa_quantity-10-pack","10":"pa_quantity-3-pack","11":"pa_quantity-30-pack","12":"pa_quantity-5-pack","13":"pa_quantity-60-pack","14":"flavours-fruits-berries","15":"format-slim","16":"nicotine-43-mg-g","17":"nicotine-extreme","19":"first","20":"outofstock","21":"taxable","22":"shipping-taxable","23":"purchasable","24":"product-type-variable"},"acf":[],"_links":{"self":[{"href":"https:\/\/whitelip.com\/da\/wp-json\/wp\/v2\/product\/59925","targetHints":{"allow":["GET"]}}],"collection":[{"href":"https:\/\/whitelip.com\/da\/wp-json\/wp\/v2\/product"}],"about":[{"href":"https:\/\/whitelip.com\/da\/wp-json\/wp\/v2\/types\/product"}],"replies":[{"embeddable":true,"href":"https:\/\/whitelip.com\/da\/wp-json\/wp\/v2\/comments?post=59925"}],"wp:featuredmedia":[{"embeddable":true,"href":"https:\/\/whitelip.com\/da\/wp-json\/wp\/v2\/media\/59949"}],"wp:attachment":[{"href":"https:\/\/whitelip.com\/da\/wp-json\/wp\/v2\/media?parent=59925"}],"wp:term":[{"taxonomy":"product_brand","embeddable":true,"href":"https:\/\/whitelip.com\/da\/wp-json\/wp\/v2\/product_brand?post=59925"},{"taxonomy":"product_cat","embeddable":true,"href":"https:\/\/whitelip.com\/da\/wp-json\/wp\/v2\/product_cat?post=59925"},{"taxonomy":"product_tag","embeddable":true,"href":"https:\/\/whitelip.com\/da\/wp-json\/wp\/v2\/product_tag?post=59925"},{"taxonomy":"flavours","embeddable":true,"href":"https:\/\/whitelip.com\/da\/wp-json\/wp\/v2\/flavours?post=59925"},{"taxonomy":"format","embeddable":true,"href":"https:\/\/whitelip.com\/da\/wp-json\/wp\/v2\/format?post=59925"},{"taxonomy":"nicotine","embeddable":true,"href":"https:\/\/whitelip.com\/da\/wp-json\/wp\/v2\/nicotine?post=59925"}],"curies":[{"name":"wp","href":"https:\/\/api.w.org\/{rel}","templated":true}]}}