{"id":45959,"date":"2025-12-08T12:32:44","date_gmt":"2025-12-08T12:32:44","guid":{"rendered":"https:\/\/whitelip.com\/?post_type=product&#038;p=45959"},"modified":"2026-05-06T10:11:29","modified_gmt":"2026-05-06T10:11:29","slug":"mynt-winter-green-18mg","status":"publish","type":"product","link":"https:\/\/whitelip.com\/da\/mynt\/mynt-winter-green-18mg\/","title":{"rendered":"MYNT Winter Green 18mg"},"content":{"rendered":"<p data-start=\"212\" data-end=\"505\">MYNT Winter Green 18mg giver en glat og erfriskeende vintergr\u00e6n smag med en k\u00f8lig, ren afslutning. Smagen blander s\u00f8de mintnoter med jordisk dybde og tilbyder en afbalanceret og styrkende profil, der er ideel til daglig brug. Det giver en klassisk vintergr\u00e6n oplevelse, der er b\u00e5de kraftig og tilfredsstillende uden overv\u00e6ldigende s\u00f8de.<\/p>\n<p data-start=\"507\" data-end=\"827\">Hver slim pose indeholder 18 mg nikotin, hvilket giver en medium styrke, der tilbyder en klar og stabil frigivelse, som er velegnet til almindelige brugere. Det helt hvide, tobaksrigt format sikrer en ren oplevelse uden pletter, r\u00f8gfrit eller vedvarende lugt \u2013 perfekt til diskret og erfriskeende nydelse p\u00e5 ethvert tidspunkt.<\/p>\n<table>\n<tbody>\n<tr>\n<td><b>Attribute<\/b><\/td>\n<td><b>Detaljer<\/b><\/td>\n<\/tr>\n<tr>\n<td><b>M\u00e6rke<\/b><\/td>\n<td><span style=\"font-weight: 400;\">MYNT<\/span><\/td>\n<\/tr>\n<tr>\n<td><b>Produkttype<\/b><\/td>\n<td><span style=\"font-weight: 400;\">Alt hvide nikotinposer<\/span><\/td>\n<\/tr>\n<tr>\n<td><b>Format<\/b><\/td>\n<td>Slim<\/td>\n<\/tr>\n<tr>\n<td><b>Smag<\/b><\/td>\n<td>Vintergr\u00e6s<\/td>\n<\/tr>\n<tr>\n<td><b>Nikotinstyrke<\/b><\/td>\n<td><span style=\"font-weight: 400;\">18 mg pr. pouch (36 mg\/g)<\/span><\/td>\n<\/tr>\n<tr>\n<td><b>Portionsv\u00e6gt<\/b><\/td>\n<td><span style=\"font-weight: 400;\">0,5 gram<\/span><\/td>\n<\/tr>\n<tr>\n<td><b>Antal portioner<\/b><\/td>\n<td><span style=\"font-weight: 400;\">20 pr. d\u00e5se<\/span><\/td>\n<\/tr>\n<tr>\n<td><b>Samlet d\u00e5sev\u00e6gt<\/b><\/td>\n<td><span style=\"font-weight: 400;\">8 gram<\/span><\/td>\n<\/tr>\n<tr>\n<td><b>Producent<\/b><\/td>\n<td>Satyam's Sun Products Pvt Ltd<\/td>\n<\/tr>\n<tr>\n<td><b>Bem\u00e6rkelsesv\u00e6rdige funktioner<\/b><\/td>\n<td><span style=\"font-weight: 400;\">Tobaksfrit, slim format, erfriskeende vintergr\u00e6n smag<\/span><\/td>\n<\/tr>\n<\/tbody>\n<\/table>","protected":false},"excerpt":{"rendered":"<p data-start=\"1386\" data-end=\"1459\"><strong>Vintergr\u00e6s<\/strong> smag i en <b>slim <\/b>pouch med <strong data-start=\"1494\" data-end=\"1513\">18 mg nikotin<\/strong> pr. pouch.<\/p>","protected":false},"featured_media":47207,"comment_status":"open","ping_status":"closed","template":"","format":[206],"meta":{"_acf_changed":false},"product_brand":[],"product_cat":[11212],"product_tag":[16795],"flavours":[203],"nicotine":[11214,232],"class_list":{"0":"post-45959","1":"product","2":"type-product","3":"status-publish","4":"has-post-thumbnail","6":"product_cat-mynt","7":"product_tag-18-mg-pouch","8":"pa_quantity-1-pack","9":"pa_quantity-10-pack","10":"pa_quantity-3-pack","11":"pa_quantity-30-pack","12":"pa_quantity-5-pack","13":"pa_quantity-60-pack","14":"flavours-wintergreen","15":"format-slim","16":"nicotine-36-mg-g","17":"nicotine-extra-strong","19":"first","20":"outofstock","21":"taxable","22":"shipping-taxable","23":"purchasable","24":"product-type-variable"},"acf":[],"_links":{"self":[{"href":"https:\/\/whitelip.com\/da\/wp-json\/wp\/v2\/product\/45959","targetHints":{"allow":["GET"]}}],"collection":[{"href":"https:\/\/whitelip.com\/da\/wp-json\/wp\/v2\/product"}],"about":[{"href":"https:\/\/whitelip.com\/da\/wp-json\/wp\/v2\/types\/product"}],"replies":[{"embeddable":true,"href":"https:\/\/whitelip.com\/da\/wp-json\/wp\/v2\/comments?post=45959"}],"wp:featuredmedia":[{"embeddable":true,"href":"https:\/\/whitelip.com\/da\/wp-json\/wp\/v2\/media\/47207"}],"wp:attachment":[{"href":"https:\/\/whitelip.com\/da\/wp-json\/wp\/v2\/media?parent=45959"}],"wp:term":[{"taxonomy":"product_brand","embeddable":true,"href":"https:\/\/whitelip.com\/da\/wp-json\/wp\/v2\/product_brand?post=45959"},{"taxonomy":"product_cat","embeddable":true,"href":"https:\/\/whitelip.com\/da\/wp-json\/wp\/v2\/product_cat?post=45959"},{"taxonomy":"product_tag","embeddable":true,"href":"https:\/\/whitelip.com\/da\/wp-json\/wp\/v2\/product_tag?post=45959"},{"taxonomy":"flavours","embeddable":true,"href":"https:\/\/whitelip.com\/da\/wp-json\/wp\/v2\/flavours?post=45959"},{"taxonomy":"format","embeddable":true,"href":"https:\/\/whitelip.com\/da\/wp-json\/wp\/v2\/format?post=45959"},{"taxonomy":"nicotine","embeddable":true,"href":"https:\/\/whitelip.com\/da\/wp-json\/wp\/v2\/nicotine?post=45959"}],"curies":[{"name":"wp","href":"https:\/\/api.w.org\/{rel}","templated":true}]}}