{"id":43871,"date":"2025-11-26T11:15:53","date_gmt":"2025-11-26T11:15:53","guid":{"rendered":"https:\/\/whitelip.com\/?post_type=product&#038;p=43871"},"modified":"2026-02-16T15:51:08","modified_gmt":"2026-02-16T15:51:08","slug":"kelly-white-leopard-kelly-refillcan","status":"publish","type":"product","link":"https:\/\/whitelip.com\/da\/refill-cans\/kelly-white-leopard-kelly-refillcan\/","title":{"rendered":"Kelly White Leopard Kelly Refill Can"},"content":{"rendered":"<p data-start=\"154\" data-end=\"438\">Leopard Kelly er en stilfuld genbrugelig beholder designet til brugere, der \u00f8nsker et opbevaringstilbeh\u00f8r med personlighed, selvtillid og tidl\u00f8s charme. Med et klassisk leopard m\u00f8nster, blender denne model moderne flair med et dristigt, fashionabelt udseende \u2014 perfekt for alle, der elsker at skille sig ud.<\/p>\n<p data-start=\"440\" data-end=\"813\">Som en del af Kelly Collection er Leopard Kelly fremstillet med st\u00e6rkt fokus p\u00e5 holdbarhed, designkvalitet og daglig praktik. Den strukturerede overflade giver beholderen en pr\u00e6miumf\u00f8lelse, samtidig med at den forbliver komfortabel at holde og let at b\u00e6re i en lomme eller taske. Dets udtryksfulde m\u00f8nster g\u00f8r det til et i\u00f8jnefaldende tilbeh\u00f8r, der passer til b\u00e5de casual brug og mere p\u00e5kl\u00e6dt lejligheder.<\/p>\n<p data-start=\"815\" data-end=\"1090\">Leopard Kelly er fuldt genbrugelig og rummes op til 20 nikotinposer, hvilket giver et l\u00e6ngerevarende og milj\u00f8venligt alternativ til engangsemballage. Interi\u00f8ret er designet til at holde dine poser p\u00e6nt opbevaret og tilg\u00e6ngelige, hvilket g\u00f8r det bekvemt for daglig brug, hvor du end er.<\/p>","protected":false},"excerpt":{"rendered":"<p data-start=\"1327\" data-end=\"1548\">Leopard Kelly er en genbrugelig beholder med et klassisk leopard m\u00f8nster. Et dristigt og stilfuldt tilbeh\u00f8r fra Kelly Collection, der tilbyder praktisk opbevaring for op til 20 nikotinposer.<\/p>","protected":false},"featured_media":46775,"comment_status":"open","ping_status":"closed","template":"","format":[],"meta":{"_acf_changed":false},"product_brand":[],"product_cat":[10726],"product_tag":[],"flavours":[],"nicotine":[],"class_list":{"0":"post-43871","1":"product","2":"type-product","3":"status-publish","4":"has-post-thumbnail","6":"product_cat-refill-cans","8":"first","9":"instock","10":"taxable","11":"shipping-taxable","12":"purchasable","13":"product-type-simple"},"acf":[],"_links":{"self":[{"href":"https:\/\/whitelip.com\/da\/wp-json\/wp\/v2\/product\/43871","targetHints":{"allow":["GET"]}}],"collection":[{"href":"https:\/\/whitelip.com\/da\/wp-json\/wp\/v2\/product"}],"about":[{"href":"https:\/\/whitelip.com\/da\/wp-json\/wp\/v2\/types\/product"}],"replies":[{"embeddable":true,"href":"https:\/\/whitelip.com\/da\/wp-json\/wp\/v2\/comments?post=43871"}],"wp:featuredmedia":[{"embeddable":true,"href":"https:\/\/whitelip.com\/da\/wp-json\/wp\/v2\/media\/46775"}],"wp:attachment":[{"href":"https:\/\/whitelip.com\/da\/wp-json\/wp\/v2\/media?parent=43871"}],"wp:term":[{"taxonomy":"product_brand","embeddable":true,"href":"https:\/\/whitelip.com\/da\/wp-json\/wp\/v2\/product_brand?post=43871"},{"taxonomy":"product_cat","embeddable":true,"href":"https:\/\/whitelip.com\/da\/wp-json\/wp\/v2\/product_cat?post=43871"},{"taxonomy":"product_tag","embeddable":true,"href":"https:\/\/whitelip.com\/da\/wp-json\/wp\/v2\/product_tag?post=43871"},{"taxonomy":"flavours","embeddable":true,"href":"https:\/\/whitelip.com\/da\/wp-json\/wp\/v2\/flavours?post=43871"},{"taxonomy":"format","embeddable":true,"href":"https:\/\/whitelip.com\/da\/wp-json\/wp\/v2\/format?post=43871"},{"taxonomy":"nicotine","embeddable":true,"href":"https:\/\/whitelip.com\/da\/wp-json\/wp\/v2\/nicotine?post=43871"}],"curies":[{"name":"wp","href":"https:\/\/api.w.org\/{rel}","templated":true}]}}