{"id":43863,"date":"2025-11-26T11:06:33","date_gmt":"2025-11-26T11:06:33","guid":{"rendered":"https:\/\/whitelip.com\/?post_type=product&#038;p=43863"},"modified":"2026-01-28T05:31:35","modified_gmt":"2026-01-28T05:31:35","slug":"kelly-white-rebel-kelly-refillcan","status":"publish","type":"product","link":"https:\/\/whitelip.com\/da\/refill-cans\/kelly-white-rebel-kelly-refillcan\/","title":{"rendered":"Kelly White Rebel Kelly Genopfyldningsd\u00e5se"},"content":{"rendered":"<p data-start=\"146\" data-end=\"453\">Rebel Kelly er en dristig og stilfuld genbrugelig beholder designet til brugere, der \u00f8nsker et pr\u00e6mium tilbeh\u00f8r med en st\u00e6rk personlighed. Med en dyb r\u00f8d krokodille-m\u00f8nstertede kunstl\u00e6deroverflade og en subtil guldaccent, leverer denne model et selvtillidsfuldt og moderne udseende, der skiller sig ud uden at v\u00e6re overv\u00e6ldende.<\/p>\n<p data-start=\"455\" data-end=\"831\">Som en del af Kelly Collection er Rebel Kelly fremstillet med klart fokus p\u00e5 holdbarhed, kvalitet og design. Det strukturerede krokodille m\u00f8nster tilf\u00f8jer en luksuri\u00f8s f\u00f8lelse, samtidig med at det giver et komfortabelt greb, hvilket g\u00f8r det velegnet til b\u00e5de daglig brug og mere p\u00e5kl\u00e6dt lejligheder. Dets unikke design g\u00f8r det til et idealt valg for brugere, der foretr\u00e6kker tilbeh\u00f8r med attitude og individualitet.<\/p>\n<p data-start=\"833\" data-end=\"1098\">Rebel Kelly er fuldt genbrugelig og rummes op til 20 nikotinposer, hvilket giver et l\u00e6ngerevarende og b\u00e6redygtigt alternativ til engangsemballage. Interi\u00f8ret er designet for praktik, hvilket sikrer, at dine poser forbliver p\u00e6nt opbevaret og let tilg\u00e6ngelige.<\/p>","protected":false},"excerpt":{"rendered":"<p data-start=\"1327\" data-end=\"1548\">Rebel Kelly er en genbrugelig beholder i r\u00f8dt krokodille-m\u00f8nstret kunstl\u00e6der med en subtil gulddetalje. Et selvtillidsfuldt og stilfuldt tilbeh\u00f8r fra Kelly Collection, der tilbyder praktisk opbevaring for op til 20 nikotinposer.<\/p>","protected":false},"featured_media":46779,"comment_status":"open","ping_status":"closed","template":"","format":[],"meta":{"_acf_changed":false},"product_brand":[],"product_cat":[10726],"product_tag":[],"flavours":[],"nicotine":[],"class_list":{"0":"post-43863","1":"product","2":"type-product","3":"status-publish","4":"has-post-thumbnail","6":"product_cat-refill-cans","8":"first","9":"instock","10":"taxable","11":"shipping-taxable","12":"purchasable","13":"product-type-simple"},"acf":[],"_links":{"self":[{"href":"https:\/\/whitelip.com\/da\/wp-json\/wp\/v2\/product\/43863","targetHints":{"allow":["GET"]}}],"collection":[{"href":"https:\/\/whitelip.com\/da\/wp-json\/wp\/v2\/product"}],"about":[{"href":"https:\/\/whitelip.com\/da\/wp-json\/wp\/v2\/types\/product"}],"replies":[{"embeddable":true,"href":"https:\/\/whitelip.com\/da\/wp-json\/wp\/v2\/comments?post=43863"}],"wp:featuredmedia":[{"embeddable":true,"href":"https:\/\/whitelip.com\/da\/wp-json\/wp\/v2\/media\/46779"}],"wp:attachment":[{"href":"https:\/\/whitelip.com\/da\/wp-json\/wp\/v2\/media?parent=43863"}],"wp:term":[{"taxonomy":"product_brand","embeddable":true,"href":"https:\/\/whitelip.com\/da\/wp-json\/wp\/v2\/product_brand?post=43863"},{"taxonomy":"product_cat","embeddable":true,"href":"https:\/\/whitelip.com\/da\/wp-json\/wp\/v2\/product_cat?post=43863"},{"taxonomy":"product_tag","embeddable":true,"href":"https:\/\/whitelip.com\/da\/wp-json\/wp\/v2\/product_tag?post=43863"},{"taxonomy":"flavours","embeddable":true,"href":"https:\/\/whitelip.com\/da\/wp-json\/wp\/v2\/flavours?post=43863"},{"taxonomy":"format","embeddable":true,"href":"https:\/\/whitelip.com\/da\/wp-json\/wp\/v2\/format?post=43863"},{"taxonomy":"nicotine","embeddable":true,"href":"https:\/\/whitelip.com\/da\/wp-json\/wp\/v2\/nicotine?post=43863"}],"curies":[{"name":"wp","href":"https:\/\/api.w.org\/{rel}","templated":true}]}}