{"id":43850,"date":"2025-11-26T10:43:45","date_gmt":"2025-11-26T10:43:45","guid":{"rendered":"https:\/\/whitelip.com\/?post_type=product&#038;p=43850"},"modified":"2026-03-11T04:56:42","modified_gmt":"2026-03-11T04:56:42","slug":"kelly-white-nightclub-kelly-refillcan","status":"publish","type":"product","link":"https:\/\/whitelip.com\/da\/refill-cans\/kelly-white-nightclub-kelly-refillcan\/","title":{"rendered":"Kelly White Nightclub Kelly Genopfyldningsd\u00e5se"},"content":{"rendered":"<p data-start=\"249\" data-end=\"554\">Nightclub Kelly er en pr\u00e6mium genbrugelig beholder designet til brugere, der \u00f8nsker en dristig og elegant m\u00e5de at opbevare deres nikotinposer p\u00e5. Ydersiden er d\u00e6kket af sm\u00e5 sorte sten, der reflekterer lys subtilt, hvilket giver beholderen et elegant og luksuri\u00f8st udseende, velegnet til b\u00e5de daglig brug og s\u00e6rlige lejligheder.<\/p>\n<p data-start=\"556\" data-end=\"890\">Som en del af Kelly Collection kombinerer denne model stilfuldt design med lang dags holdbar funktionalitet. Indersiden er fremstillet af f\u00f8devaregodkendt plast, hvilket sikrer, at dine nikotinposer altid opbevares sikkert og hygiejnisk. Den genbrugelige konstruktion g\u00f8r det til et holdbart og mere b\u00e6redygtigt alternativ til engangsemballage.<\/p>\n<p data-start=\"892\" data-end=\"1206\">Nightclub Kelly er fremstillet med opm\u00e6rksomhed p\u00e5 detaljer og h\u00f8je kvalitetsstandarder af <span class=\"hover:entity-accent entity-underline inline cursor-pointer align-baseline\"><span class=\"whitespace-normal\">White Industries AB<\/span><\/span>, hvilket tilbyder en perfekt balance mellem praktik og \u00e6stetik. Uanset om du foretr\u00e6kker et subtilt tilbeh\u00f8r eller noget med en moderne kant, giver denne beholder en stilfuld og p\u00e5lidelig opbevaringsl\u00f8sning.<\/p>","protected":false},"excerpt":{"rendered":"<p data-start=\"1240\" data-end=\"1417\">Nightclub Kelly er en genbrugelig pr\u00e6mium beholder med sorte sten og et f\u00f8devaregodkendt interi\u00f8r. Et stilfuldt og holdbart tilbeh\u00f8r designet til sikker og elegant opbevaring af nikotinposer.<\/p>","protected":false},"featured_media":46784,"comment_status":"open","ping_status":"closed","template":"","format":[],"meta":{"_acf_changed":false},"product_brand":[],"product_cat":[10726],"product_tag":[],"flavours":[],"nicotine":[],"class_list":{"0":"post-43850","1":"product","2":"type-product","3":"status-publish","4":"has-post-thumbnail","6":"product_cat-refill-cans","8":"first","9":"instock","10":"taxable","11":"shipping-taxable","12":"purchasable","13":"product-type-simple"},"acf":[],"_links":{"self":[{"href":"https:\/\/whitelip.com\/da\/wp-json\/wp\/v2\/product\/43850","targetHints":{"allow":["GET"]}}],"collection":[{"href":"https:\/\/whitelip.com\/da\/wp-json\/wp\/v2\/product"}],"about":[{"href":"https:\/\/whitelip.com\/da\/wp-json\/wp\/v2\/types\/product"}],"replies":[{"embeddable":true,"href":"https:\/\/whitelip.com\/da\/wp-json\/wp\/v2\/comments?post=43850"}],"wp:featuredmedia":[{"embeddable":true,"href":"https:\/\/whitelip.com\/da\/wp-json\/wp\/v2\/media\/46784"}],"wp:attachment":[{"href":"https:\/\/whitelip.com\/da\/wp-json\/wp\/v2\/media?parent=43850"}],"wp:term":[{"taxonomy":"product_brand","embeddable":true,"href":"https:\/\/whitelip.com\/da\/wp-json\/wp\/v2\/product_brand?post=43850"},{"taxonomy":"product_cat","embeddable":true,"href":"https:\/\/whitelip.com\/da\/wp-json\/wp\/v2\/product_cat?post=43850"},{"taxonomy":"product_tag","embeddable":true,"href":"https:\/\/whitelip.com\/da\/wp-json\/wp\/v2\/product_tag?post=43850"},{"taxonomy":"flavours","embeddable":true,"href":"https:\/\/whitelip.com\/da\/wp-json\/wp\/v2\/flavours?post=43850"},{"taxonomy":"format","embeddable":true,"href":"https:\/\/whitelip.com\/da\/wp-json\/wp\/v2\/format?post=43850"},{"taxonomy":"nicotine","embeddable":true,"href":"https:\/\/whitelip.com\/da\/wp-json\/wp\/v2\/nicotine?post=43850"}],"curies":[{"name":"wp","href":"https:\/\/api.w.org\/{rel}","templated":true}]}}