{"id":35130,"date":"2025-11-22T21:26:39","date_gmt":"2025-11-22T21:26:39","guid":{"rendered":"https:\/\/whitelip.com\/?post_type=product&#038;p=35130"},"modified":"2026-05-07T20:04:47","modified_gmt":"2026-05-07T20:04:47","slug":"denssi-berry-beast-caffeine","status":"publish","type":"product","link":"https:\/\/whitelip.com\/da\/denssi-caffeine-pouches\/denssi-berry-beast-caffeine\/","title":{"rendered":"Denssi Berry Beast Koffein"},"content":{"rendered":"<p data-start=\"146\" data-end=\"514\">Denssi Energy Berry Beast er bygget til dem der \u00f8nsker ren, stabil energi med et dristigt burst af blandet-b\u00e6r smag. Hver slim mundepude leverer en vibrant blanding af jordb\u00e6r, bl\u00e5b\u00e6r og hindb\u00e6r, balanceret med naturligt koffein til glat og langtidsholdbar fokus. Smagen er saftig, stikende og erfrisknede, hvilket giver dig et lift der f\u00f8les b\u00e5de energigivende og tilfredsstillende.<\/p>\n<p data-start=\"516\" data-end=\"783\">Med sit slim, diskrete format er Berry Beast nemt at bruge n\u00e5r som helst, p\u00e5 arbejde, i gymnastiksalen eller p\u00e5 farten. Der er intet sukker, tobaksfri og ingen uorden. Bare et rent boost designet til at sk\u00e6rpe din koncentration uden krasjet af energidrikke eller tyngden af kaffe.<\/p>\n<table style=\"height: 395px;\" width=\"375\">\n<tbody>\n<tr>\n<td><b>Attribute<\/b><\/td>\n<td><b>Detaljer<\/b><\/td>\n<\/tr>\n<tr>\n<td><b>M\u00e6rke<\/b><\/td>\n<td>Denssi<\/td>\n<\/tr>\n<tr>\n<td><b>Produkttype<\/b><\/td>\n<td><span style=\"font-weight: 400;\">All White Koffein Pouches<\/span><\/td>\n<\/tr>\n<tr>\n<td><b>Format<\/b><\/td>\n<td>Slim<\/td>\n<\/tr>\n<tr>\n<td><b>Smag<\/b><\/td>\n<td>Blandede b\u00e6r<\/td>\n<\/tr>\n<tr>\n<td><b>Coffein-styrke<\/b><\/td>\n<td>100 mg<\/td>\n<\/tr>\n<tr>\n<td><b>Producent<\/b><\/td>\n<td><span style=\"font-weight: 400;\">Denssi<\/span><\/td>\n<\/tr>\n<tr>\n<td><b>Antal portioner<\/b><\/td>\n<td><span style=\"font-weight: 400;\">15 pr. d\u00e5se<\/span><\/td>\n<\/tr>\n<tr>\n<td><b>Bem\u00e6rkelsesv\u00e6rdige funktioner<\/b><\/td>\n<td><span style=\"font-weight: 400;\">Tobaksfri, slankt format<\/span><\/td>\n<\/tr>\n<tr>\n<td><\/td>\n<td><\/td>\n<\/tr>\n<tr>\n<td><\/td>\n<td><\/td>\n<\/tr>\n<\/tbody>\n<\/table>","protected":false},"excerpt":{"rendered":"<p data-start=\"1185\" data-end=\"1369\">Berry Beast leverer en s\u00f8d, stikende blanding af blandede b\u00e6r med et rent koffein boost. Slim, diskret og sukker-fri til glat, varig energi n\u00e5r som helst.<\/p>","protected":false},"featured_media":35134,"comment_status":"open","ping_status":"closed","template":"","format":[206],"meta":{"_acf_changed":false},"product_brand":[],"product_cat":[267],"product_tag":[],"flavours":[196],"nicotine":[243],"class_list":{"0":"post-35130","1":"product","2":"type-product","3":"status-publish","4":"has-post-thumbnail","6":"product_cat-denssi-caffeine-pouches","7":"pa_quantity-1-pack","8":"pa_quantity-10-pack","9":"pa_quantity-3-pack","10":"pa_quantity-30-pack","11":"pa_quantity-5-pack","12":"pa_quantity-60-pack","13":"flavours-fruits-berries","14":"format-slim","15":"nicotine-caffeine","17":"first","18":"instock","19":"taxable","20":"shipping-taxable","21":"purchasable","22":"product-type-variable"},"acf":[],"_links":{"self":[{"href":"https:\/\/whitelip.com\/da\/wp-json\/wp\/v2\/product\/35130","targetHints":{"allow":["GET"]}}],"collection":[{"href":"https:\/\/whitelip.com\/da\/wp-json\/wp\/v2\/product"}],"about":[{"href":"https:\/\/whitelip.com\/da\/wp-json\/wp\/v2\/types\/product"}],"replies":[{"embeddable":true,"href":"https:\/\/whitelip.com\/da\/wp-json\/wp\/v2\/comments?post=35130"}],"wp:featuredmedia":[{"embeddable":true,"href":"https:\/\/whitelip.com\/da\/wp-json\/wp\/v2\/media\/35134"}],"wp:attachment":[{"href":"https:\/\/whitelip.com\/da\/wp-json\/wp\/v2\/media?parent=35130"}],"wp:term":[{"taxonomy":"product_brand","embeddable":true,"href":"https:\/\/whitelip.com\/da\/wp-json\/wp\/v2\/product_brand?post=35130"},{"taxonomy":"product_cat","embeddable":true,"href":"https:\/\/whitelip.com\/da\/wp-json\/wp\/v2\/product_cat?post=35130"},{"taxonomy":"product_tag","embeddable":true,"href":"https:\/\/whitelip.com\/da\/wp-json\/wp\/v2\/product_tag?post=35130"},{"taxonomy":"flavours","embeddable":true,"href":"https:\/\/whitelip.com\/da\/wp-json\/wp\/v2\/flavours?post=35130"},{"taxonomy":"format","embeddable":true,"href":"https:\/\/whitelip.com\/da\/wp-json\/wp\/v2\/format?post=35130"},{"taxonomy":"nicotine","embeddable":true,"href":"https:\/\/whitelip.com\/da\/wp-json\/wp\/v2\/nicotine?post=35130"}],"curies":[{"name":"wp","href":"https:\/\/api.w.org\/{rel}","templated":true}]}}