{"id":35125,"date":"2025-11-22T21:24:13","date_gmt":"2025-11-22T21:24:13","guid":{"rendered":"https:\/\/whitelip.com\/?post_type=product&#038;p=35125"},"modified":"2026-05-07T10:11:40","modified_gmt":"2026-05-07T10:11:40","slug":"denssi-southern-boost-caffeine","status":"publish","type":"product","link":"https:\/\/whitelip.com\/da\/denssi-caffeine-pouches\/denssi-southern-boost-caffeine\/","title":{"rendered":"Denssi Southern Boost Koffein"},"content":{"rendered":"<p data-start=\"173\" data-end=\"550\">Denssi Energy Southern Boost bringer den glatte, forfriskende smag af ferskening-ist\u00e9 ind i en ren, kraftfuld koffein pouch. Hver slanke pouch leverer en let s\u00f8d, afk\u00f8let ferskening-smag, der f\u00f8les ligesom en klassisk Southern ist\u00e9, balanceret med naturligt koffein til stabil fokus og langvarig energi. Intet sukker, tobaksri, intet v\u00e6ske, bare ren smag og pr\u00e6station.<\/p>\n<p data-start=\"552\" data-end=\"887\">Det slanke, diskrete format g\u00f8r Southern Boost nemt at bruge overalt, uanset om du arbejder, studerer eller holder dig skarp gennem en lang dag. Med dets blide afk\u00f8lingsafslutning og autentisk ferskening-te-profil tilbyder denne pouch et roligt men opmuntrende boost, der holder dig fokuseret uden crashet fra sukkerholdige drikke eller bitterhed fra kaffe.<\/p>\n<table style=\"height: 395px;\" width=\"375\">\n<tbody>\n<tr>\n<td><b>Attribute<\/b><\/td>\n<td><b>Detaljer<\/b><\/td>\n<\/tr>\n<tr>\n<td><b>M\u00e6rke<\/b><\/td>\n<td>Denssi<\/td>\n<\/tr>\n<tr>\n<td><b>Produkttype<\/b><\/td>\n<td><span style=\"font-weight: 400;\">All White Koffein Pouches<\/span><\/td>\n<\/tr>\n<tr>\n<td><b>Format<\/b><\/td>\n<td>Slim<\/td>\n<\/tr>\n<tr>\n<td><b>Smag<\/b><\/td>\n<td>Ferskening-ist\u00e9<\/td>\n<\/tr>\n<tr>\n<td><b>Coffein-styrke<\/b><\/td>\n<td>100 mg<\/td>\n<\/tr>\n<tr>\n<td><b>Producent<\/b><\/td>\n<td><span style=\"font-weight: 400;\">Denssi<\/span><\/td>\n<\/tr>\n<tr>\n<td><b>Antal portioner<\/b><\/td>\n<td><span style=\"font-weight: 400;\">15 pr. d\u00e5se<\/span><\/td>\n<\/tr>\n<tr>\n<td><b>Bem\u00e6rkelsesv\u00e6rdige funktioner<\/b><\/td>\n<td><span style=\"font-weight: 400;\">Tobaksfri, slankt format<\/span><\/td>\n<\/tr>\n<tr>\n<td><\/td>\n<td><\/td>\n<\/tr>\n<tr>\n<td><\/td>\n<td><\/td>\n<\/tr>\n<\/tbody>\n<\/table>","protected":false},"excerpt":{"rendered":"<p data-start=\"1185\" data-end=\"1369\">Southern Boost leverer smagen af afk\u00f8let ferskening-ist\u00e9 med et rent koffeinkick. Slanke, diskrete og sukkerri pouches designet til glat, langvarig fokus.<\/p>","protected":false},"featured_media":35129,"comment_status":"open","ping_status":"closed","template":"","format":[206],"meta":{"_acf_changed":false},"product_brand":[],"product_cat":[267],"product_tag":[],"flavours":[196],"nicotine":[243],"class_list":{"0":"post-35125","1":"product","2":"type-product","3":"status-publish","4":"has-post-thumbnail","6":"product_cat-denssi-caffeine-pouches","7":"pa_quantity-1-pack","8":"pa_quantity-10-pack","9":"pa_quantity-3-pack","10":"pa_quantity-30-pack","11":"pa_quantity-5-pack","12":"pa_quantity-60-pack","13":"flavours-fruits-berries","14":"format-slim","15":"nicotine-caffeine","17":"first","18":"instock","19":"taxable","20":"shipping-taxable","21":"purchasable","22":"product-type-variable"},"acf":[],"_links":{"self":[{"href":"https:\/\/whitelip.com\/da\/wp-json\/wp\/v2\/product\/35125","targetHints":{"allow":["GET"]}}],"collection":[{"href":"https:\/\/whitelip.com\/da\/wp-json\/wp\/v2\/product"}],"about":[{"href":"https:\/\/whitelip.com\/da\/wp-json\/wp\/v2\/types\/product"}],"replies":[{"embeddable":true,"href":"https:\/\/whitelip.com\/da\/wp-json\/wp\/v2\/comments?post=35125"}],"wp:featuredmedia":[{"embeddable":true,"href":"https:\/\/whitelip.com\/da\/wp-json\/wp\/v2\/media\/35129"}],"wp:attachment":[{"href":"https:\/\/whitelip.com\/da\/wp-json\/wp\/v2\/media?parent=35125"}],"wp:term":[{"taxonomy":"product_brand","embeddable":true,"href":"https:\/\/whitelip.com\/da\/wp-json\/wp\/v2\/product_brand?post=35125"},{"taxonomy":"product_cat","embeddable":true,"href":"https:\/\/whitelip.com\/da\/wp-json\/wp\/v2\/product_cat?post=35125"},{"taxonomy":"product_tag","embeddable":true,"href":"https:\/\/whitelip.com\/da\/wp-json\/wp\/v2\/product_tag?post=35125"},{"taxonomy":"flavours","embeddable":true,"href":"https:\/\/whitelip.com\/da\/wp-json\/wp\/v2\/flavours?post=35125"},{"taxonomy":"format","embeddable":true,"href":"https:\/\/whitelip.com\/da\/wp-json\/wp\/v2\/format?post=35125"},{"taxonomy":"nicotine","embeddable":true,"href":"https:\/\/whitelip.com\/da\/wp-json\/wp\/v2\/nicotine?post=35125"}],"curies":[{"name":"wp","href":"https:\/\/api.w.org\/{rel}","templated":true}]}}