{"id":34953,"date":"2025-11-21T16:07:24","date_gmt":"2025-11-21T16:07:24","guid":{"rendered":"https:\/\/whitelip.com\/?post_type=product&#038;p=34953"},"modified":"2026-04-18T17:58:38","modified_gmt":"2026-04-18T17:58:38","slug":"denssi-tropical-fury-caffeine","status":"publish","type":"product","link":"https:\/\/whitelip.com\/da\/denssi-caffeine-pouches\/denssi-tropical-fury-caffeine\/","title":{"rendered":"Denssi Tropical Fury Koffein"},"content":{"rendered":"<p data-start=\"162\" data-end=\"584\">Denssi Energy Tropical Fury leverer et kraftfuldt udbrud af tropisk smag kombineret med rent, vedvarende kaffein-energi. Hver slanke pouch blander ananas, citrus og passionsfrugt til en livlig frugtpunch-profil, der bringer sommerens f\u00f8lelse hvorsomhelst du er. Koffeinkicket er designet til hurtig aktivering og langvarig fokus og hj\u00e6lper dig med at blive skarp gennem arbejde, tr\u00e6ning eller travle dage p\u00e5 farten.<\/p>\n<p data-start=\"586\" data-end=\"898\">Det slanke, diskrete format tillader ugeneert brug n\u00e5r som helst du har brug for et energiboost uden at drikke kaffe eller energidrikke. Fuldst\u00e6ndig tobaksri og sukkerri, Tropical Fury tilbyder en glat og opmuntrende oplevelse uden crash og uden un\u00f8dvendige tils\u00e6tningsstoffer. Lys smag. Kraftfuld energi. Nul kompromis.<\/p>\n<table style=\"height: 395px;\" width=\"375\">\n<tbody>\n<tr>\n<td><b>Attribute<\/b><\/td>\n<td><b>Detaljer<\/b><\/td>\n<\/tr>\n<tr>\n<td><b>M\u00e6rke<\/b><\/td>\n<td>Denssi<\/td>\n<\/tr>\n<tr>\n<td><b>Produkttype<\/b><\/td>\n<td><span style=\"font-weight: 400;\">All White Koffein Pouches<\/span><\/td>\n<\/tr>\n<tr>\n<td><b>Format<\/b><\/td>\n<td>Slim<\/td>\n<\/tr>\n<tr>\n<td><b>Smag<\/b><\/td>\n<td>Tropiske frugter<\/td>\n<\/tr>\n<tr>\n<td><b>Coffein-styrke<\/b><\/td>\n<td>100 mg<\/td>\n<\/tr>\n<tr>\n<td><b>Producent<\/b><\/td>\n<td><span style=\"font-weight: 400;\">Denssi<\/span><\/td>\n<\/tr>\n<tr>\n<td><b>Antal portioner<\/b><\/td>\n<td><span style=\"font-weight: 400;\">15 pr. d\u00e5se<\/span><\/td>\n<\/tr>\n<tr>\n<td><b>Bem\u00e6rkelsesv\u00e6rdige funktioner<\/b><\/td>\n<td><span style=\"font-weight: 400;\">Tobaksfri, slankt format<\/span><\/td>\n<\/tr>\n<tr>\n<td><\/td>\n<td><\/td>\n<\/tr>\n<tr>\n<td><\/td>\n<td><\/td>\n<\/tr>\n<\/tbody>\n<\/table>","protected":false},"excerpt":{"rendered":"<p data-start=\"1185\" data-end=\"1369\">Denssi Energy Tropical Fury leverer en dristig blanding af ananas, citrus og passionsfrugt drevet af naturligt koffein. Slanke, diskrete, sukkerri og tobaksri pouches designet til hurtig, langvarig energi n\u00e5r du har brug for det.<\/p>","protected":false},"featured_media":34957,"comment_status":"open","ping_status":"closed","template":"","format":[206],"meta":{"_acf_changed":false},"product_brand":[],"product_cat":[267],"product_tag":[],"flavours":[196],"nicotine":[243],"class_list":{"0":"post-34953","1":"product","2":"type-product","3":"status-publish","4":"has-post-thumbnail","6":"product_cat-denssi-caffeine-pouches","7":"pa_quantity-1-pack","8":"pa_quantity-10-pack","9":"pa_quantity-3-pack","10":"pa_quantity-30-pack","11":"pa_quantity-5-pack","12":"pa_quantity-60-pack","13":"flavours-fruits-berries","14":"format-slim","15":"nicotine-caffeine","17":"first","18":"instock","19":"taxable","20":"shipping-taxable","21":"purchasable","22":"product-type-variable"},"acf":[],"_links":{"self":[{"href":"https:\/\/whitelip.com\/da\/wp-json\/wp\/v2\/product\/34953","targetHints":{"allow":["GET"]}}],"collection":[{"href":"https:\/\/whitelip.com\/da\/wp-json\/wp\/v2\/product"}],"about":[{"href":"https:\/\/whitelip.com\/da\/wp-json\/wp\/v2\/types\/product"}],"replies":[{"embeddable":true,"href":"https:\/\/whitelip.com\/da\/wp-json\/wp\/v2\/comments?post=34953"}],"wp:featuredmedia":[{"embeddable":true,"href":"https:\/\/whitelip.com\/da\/wp-json\/wp\/v2\/media\/34957"}],"wp:attachment":[{"href":"https:\/\/whitelip.com\/da\/wp-json\/wp\/v2\/media?parent=34953"}],"wp:term":[{"taxonomy":"product_brand","embeddable":true,"href":"https:\/\/whitelip.com\/da\/wp-json\/wp\/v2\/product_brand?post=34953"},{"taxonomy":"product_cat","embeddable":true,"href":"https:\/\/whitelip.com\/da\/wp-json\/wp\/v2\/product_cat?post=34953"},{"taxonomy":"product_tag","embeddable":true,"href":"https:\/\/whitelip.com\/da\/wp-json\/wp\/v2\/product_tag?post=34953"},{"taxonomy":"flavours","embeddable":true,"href":"https:\/\/whitelip.com\/da\/wp-json\/wp\/v2\/flavours?post=34953"},{"taxonomy":"format","embeddable":true,"href":"https:\/\/whitelip.com\/da\/wp-json\/wp\/v2\/format?post=34953"},{"taxonomy":"nicotine","embeddable":true,"href":"https:\/\/whitelip.com\/da\/wp-json\/wp\/v2\/nicotine?post=34953"}],"curies":[{"name":"wp","href":"https:\/\/api.w.org\/{rel}","templated":true}]}}