{"id":34936,"date":"2025-11-21T15:07:54","date_gmt":"2025-11-21T15:07:54","guid":{"rendered":"https:\/\/whitelip.com\/?post_type=product&#038;p=34936"},"modified":"2026-05-17T10:11:09","modified_gmt":"2026-05-17T10:11:09","slug":"cafero-cappuccino-caffeine","status":"publish","type":"product","link":"https:\/\/whitelip.com\/da\/cafero-caffeine-pouches\/cafero-cappuccino-caffeine\/","title":{"rendered":"Cafero Cappuccino Caffeine"},"content":{"rendered":"<p data-start=\"250\" data-end=\"533\">Cafero Cappuccino leverer en glat og cremmet kaffeoplevelse i et diskret, praktisk pouserformat. Hver d\u00e5se indeholder 20 helt hvide pouser smagt med rig cappuccino og en bl\u00f8d skumm\u00e6lkenote, hvilket giver smagen af en friskbrygget kop uden sukker, kalorier eller bitterhed.<\/p>\n<p data-start=\"535\" data-end=\"859\">Hver pouse giver 80 mg rent koffein, svarende til en kop kaffe, hvilket giver dig et rent og stabilt boost, n\u00e5r du har brug for \u00f8get energi, fokus eller v\u00e5genhed. Tobaksfrit, uden nikotin og uden sukker, Cafero Cappuccino er ideelt for brugere, der leder efter en alternativ m\u00e5de at holde sig energiseret gennem hele dagen.<\/p>\n<table>\n<tbody>\n<tr>\n<td><b>Attribute<\/b><\/td>\n<td><b>Detaljer<\/b><\/td>\n<\/tr>\n<tr>\n<td><b>M\u00e6rke<\/b><\/td>\n<td>Cafero<\/td>\n<\/tr>\n<tr>\n<td><b>Produkttype<\/b><\/td>\n<td><span style=\"font-weight: 400;\">Alt hvide nikotinposer<\/span><\/td>\n<\/tr>\n<tr>\n<td><b>Format<\/b><\/td>\n<td>Slim<\/td>\n<\/tr>\n<tr>\n<td><b>Smag<\/b><\/td>\n<td>Cappuccino<\/td>\n<\/tr>\n<tr>\n<td><b>Coffein-styrke<\/b><\/td>\n<td>80 mg<\/td>\n<\/tr>\n<tr>\n<td><b>Portionsv\u00e6gt<\/b><\/td>\n<td><span style=\"font-weight: 400;\">0,65 gram<\/span><\/td>\n<\/tr>\n<tr>\n<td><b>Antal portioner<\/b><\/td>\n<td><span style=\"font-weight: 400;\">20 pr. d\u00e5se<\/span><\/td>\n<\/tr>\n<tr>\n<td><b>Samlet d\u00e5sev\u00e6gt<\/b><\/td>\n<td><span style=\"font-weight: 400;\">13 gram<\/span><\/td>\n<\/tr>\n<tr>\n<td><b>Producent<\/b><\/td>\n<td><span style=\"font-weight: 400;\">Luna corporate<\/span><\/td>\n<\/tr>\n<tr>\n<td><b>Bem\u00e6rkelsesv\u00e6rdige funktioner<\/b><\/td>\n<td><span style=\"font-weight: 400;\">Tobaksfri, slankt format<\/span><\/td>\n<\/tr>\n<\/tbody>\n<\/table>","protected":false},"excerpt":{"rendered":"<p data-start=\"1207\" data-end=\"1417\">Cafero Cappuccino leverer <strong data-start=\"1197\" data-end=\"1218\">cappuccinesmag<\/strong> i en slank pouse med <strong data-start=\"1244\" data-end=\"1272\">80 mg coffein pr. pose<\/strong>. Et rent, sukkerfast og kaloriefast energiboost i et diskret format.<\/p>","protected":false},"featured_media":34940,"comment_status":"open","ping_status":"closed","template":"","format":[206],"meta":{"_acf_changed":false},"product_brand":[],"product_cat":[266],"product_tag":[],"flavours":[192],"nicotine":[243],"class_list":{"0":"post-34936","1":"product","2":"type-product","3":"status-publish","4":"has-post-thumbnail","6":"product_cat-cafero-caffeine-pouches","7":"pa_quantity-1-pack","8":"pa_quantity-10-pack","9":"pa_quantity-3-pack","10":"pa_quantity-30-pack","11":"pa_quantity-5-pack","12":"pa_quantity-60-pack","13":"flavours-coffee","14":"format-slim","15":"nicotine-caffeine","17":"first","18":"instock","19":"taxable","20":"shipping-taxable","21":"purchasable","22":"product-type-variable"},"acf":[],"_links":{"self":[{"href":"https:\/\/whitelip.com\/da\/wp-json\/wp\/v2\/product\/34936","targetHints":{"allow":["GET"]}}],"collection":[{"href":"https:\/\/whitelip.com\/da\/wp-json\/wp\/v2\/product"}],"about":[{"href":"https:\/\/whitelip.com\/da\/wp-json\/wp\/v2\/types\/product"}],"replies":[{"embeddable":true,"href":"https:\/\/whitelip.com\/da\/wp-json\/wp\/v2\/comments?post=34936"}],"wp:featuredmedia":[{"embeddable":true,"href":"https:\/\/whitelip.com\/da\/wp-json\/wp\/v2\/media\/34940"}],"wp:attachment":[{"href":"https:\/\/whitelip.com\/da\/wp-json\/wp\/v2\/media?parent=34936"}],"wp:term":[{"taxonomy":"product_brand","embeddable":true,"href":"https:\/\/whitelip.com\/da\/wp-json\/wp\/v2\/product_brand?post=34936"},{"taxonomy":"product_cat","embeddable":true,"href":"https:\/\/whitelip.com\/da\/wp-json\/wp\/v2\/product_cat?post=34936"},{"taxonomy":"product_tag","embeddable":true,"href":"https:\/\/whitelip.com\/da\/wp-json\/wp\/v2\/product_tag?post=34936"},{"taxonomy":"flavours","embeddable":true,"href":"https:\/\/whitelip.com\/da\/wp-json\/wp\/v2\/flavours?post=34936"},{"taxonomy":"format","embeddable":true,"href":"https:\/\/whitelip.com\/da\/wp-json\/wp\/v2\/format?post=34936"},{"taxonomy":"nicotine","embeddable":true,"href":"https:\/\/whitelip.com\/da\/wp-json\/wp\/v2\/nicotine?post=34936"}],"curies":[{"name":"wp","href":"https:\/\/api.w.org\/{rel}","templated":true}]}}