{"id":34910,"date":"2025-11-21T14:23:13","date_gmt":"2025-11-21T14:23:13","guid":{"rendered":"https:\/\/whitelip.com\/?post_type=product&#038;p=34910"},"modified":"2026-05-06T10:11:39","modified_gmt":"2026-05-06T10:11:39","slug":"nor-peppermint-slim","status":"publish","type":"product","link":"https:\/\/whitelip.com\/da\/nor\/nor-peppermint-slim\/","title":{"rendered":"NOR Peppermint Slim"},"content":{"rendered":"<p data-start=\"189\" data-end=\"604\">NOR Peppermint Slim leverer en ren og k\u00f8lig pebermynteoplevelse i et diskret, slankt helt hvidt format. Hver pose indeholder 12 mg nikotin, svarende til 16 mg pr. gram, hvilket placerer den i den st\u00e6rke kategori og er egnet til brugere, der foretr\u00e6kker en mere udtalt nikotinfrigivelse. Produceret af NOR er poserne udviklet til konsistent smag, minimalt dryp og stabil fugtighed under hele brugen.<\/p>\n<p data-start=\"606\" data-end=\"939\">Pebermynteprofilen er crisp og forfriskende og tilbyder en stabil k\u00f8lesensation, der forbliver balanceret over tid. Det slanke design sikrer en komfortabel pasform under l\u00e6ben og g\u00f8r posen diskret i alle situationer. Som en helt hvid, tobaksrfrit nikotinpose undg\u00e5r produktet misfarvning og opretholder et rent finish.<\/p>\n<table>\n<tbody>\n<tr>\n<td><b>Attribute<\/b><\/td>\n<td><b>Detaljer<\/b><\/td>\n<\/tr>\n<tr>\n<td><b>M\u00e6rke<\/b><\/td>\n<td>NOR<\/td>\n<\/tr>\n<tr>\n<td><b>Produkttype<\/b><\/td>\n<td><span style=\"font-weight: 400;\">Alt hvide nikotinposer<\/span><\/td>\n<\/tr>\n<tr>\n<td><b>Format<\/b><\/td>\n<td>Slim<\/td>\n<\/tr>\n<tr>\n<td><b>Smag<\/b><\/td>\n<td>Pebermynte<\/td>\n<\/tr>\n<tr>\n<td><b>Nikotinstyrke<\/b><\/td>\n<td><span style=\"font-weight: 400;\">12 mg pr. pose (16 mg\/g)<\/span><\/td>\n<\/tr>\n<tr>\n<td><b>Portionsv\u00e6gt<\/b><\/td>\n<td><span style=\"font-weight: 400;\">0,74 gram<\/span><\/td>\n<\/tr>\n<tr>\n<td><b>Antal portioner<\/b><\/td>\n<td><span style=\"font-weight: 400;\">21 pr. boks<\/span><\/td>\n<\/tr>\n<tr>\n<td><b>Samlet d\u00e5sev\u00e6gt<\/b><\/td>\n<td><span style=\"font-weight: 400;\">15,5 gram<\/span><\/td>\n<\/tr>\n<tr>\n<td><b>Producent<\/b><\/td>\n<td>NOR<\/td>\n<\/tr>\n<tr>\n<td><b>Bem\u00e6rkelsesv\u00e6rdige funktioner<\/b><\/td>\n<td><span style=\"font-weight: 400;\">Tobaksfrit, slim format, s\u00f8dt og syrligt sort kirseb\u00e6r smag<\/span><\/td>\n<\/tr>\n<\/tbody>\n<\/table>","protected":false},"excerpt":{"rendered":"<p data-start=\"1227\" data-end=\"1357\">NOR Peppermint Slim med <strong data-start=\"1350\" data-end=\"1364\">pebermynte<\/strong>, <strong data-start=\"1366\" data-end=\"1394\">12 mg nikotin pr. pouse<\/strong> og <strong data-start=\"1399\" data-end=\"1407\">slim<\/strong> format giver en st\u00e6rk og k\u00f8lig, helt hvid oplevelse.<\/p>","protected":false},"featured_media":34983,"comment_status":"open","ping_status":"closed","template":"","format":[206],"meta":{"_acf_changed":false},"product_brand":[],"product_cat":[265],"product_tag":[16561],"flavours":[199],"nicotine":[213,232],"class_list":{"0":"post-34910","1":"product","2":"type-product","3":"status-publish","4":"has-post-thumbnail","6":"product_cat-nor","7":"product_tag-12-mg-pouch","8":"pa_quantity-1-pack","9":"pa_quantity-10-pack","10":"pa_quantity-3-pack","11":"pa_quantity-30-pack","12":"pa_quantity-5-pack","13":"flavours-mint","14":"format-slim","15":"nicotine-16-mg-g","16":"nicotine-extra-strong","18":"first","19":"outofstock","20":"sale","21":"taxable","22":"shipping-taxable","23":"purchasable","24":"product-type-variable"},"acf":[],"_links":{"self":[{"href":"https:\/\/whitelip.com\/da\/wp-json\/wp\/v2\/product\/34910","targetHints":{"allow":["GET"]}}],"collection":[{"href":"https:\/\/whitelip.com\/da\/wp-json\/wp\/v2\/product"}],"about":[{"href":"https:\/\/whitelip.com\/da\/wp-json\/wp\/v2\/types\/product"}],"replies":[{"embeddable":true,"href":"https:\/\/whitelip.com\/da\/wp-json\/wp\/v2\/comments?post=34910"}],"wp:featuredmedia":[{"embeddable":true,"href":"https:\/\/whitelip.com\/da\/wp-json\/wp\/v2\/media\/34983"}],"wp:attachment":[{"href":"https:\/\/whitelip.com\/da\/wp-json\/wp\/v2\/media?parent=34910"}],"wp:term":[{"taxonomy":"product_brand","embeddable":true,"href":"https:\/\/whitelip.com\/da\/wp-json\/wp\/v2\/product_brand?post=34910"},{"taxonomy":"product_cat","embeddable":true,"href":"https:\/\/whitelip.com\/da\/wp-json\/wp\/v2\/product_cat?post=34910"},{"taxonomy":"product_tag","embeddable":true,"href":"https:\/\/whitelip.com\/da\/wp-json\/wp\/v2\/product_tag?post=34910"},{"taxonomy":"flavours","embeddable":true,"href":"https:\/\/whitelip.com\/da\/wp-json\/wp\/v2\/flavours?post=34910"},{"taxonomy":"format","embeddable":true,"href":"https:\/\/whitelip.com\/da\/wp-json\/wp\/v2\/format?post=34910"},{"taxonomy":"nicotine","embeddable":true,"href":"https:\/\/whitelip.com\/da\/wp-json\/wp\/v2\/nicotine?post=34910"}],"curies":[{"name":"wp","href":"https:\/\/api.w.org\/{rel}","templated":true}]}}