{"id":34872,"date":"2025-11-21T11:57:34","date_gmt":"2025-11-21T11:57:34","guid":{"rendered":"https:\/\/whitelip.com\/?post_type=product&#038;p=34872"},"modified":"2026-05-09T10:11:16","modified_gmt":"2026-05-09T10:11:16","slug":"zyn-cool-mint-prime-6mg","status":"publish","type":"product","link":"https:\/\/whitelip.com\/da\/zyn\/zyn-cool-mint-prime-6mg\/","title":{"rendered":"ZYN Cool Mint Prime 6mg"},"content":{"rendered":"<p data-start=\"212\" data-end=\"505\">ZYN Cool Mint Prime 6mg tilbyder en ren, friskfremmende mintprofil med en k\u00f8lig og spr\u00f8d karakter. Smagen kombinerer bright pebermynte og blide mentholnoter, hvilket giver en balanceret k\u00f8ling uden skarphed eller bitterhed. Resultatet er en glat, stimulerende smag egnet til daglig brug.<\/p>\n<p data-start=\"507\" data-end=\"827\">Hver slim mini pouch indeholder 6 mg nikotin, hvilket giver en moderat styrke designet til brugere, der \u00f8nsker en klar og m\u00e6rkbar nikotineffekt, mens oplevelsen stadig er komfortabel og kontrolleret. Det all-white, tobaksyfri format sikrer en ren oplevelse uden pletdannelse eller vedvarende lugte.<\/p>\n<table>\n<tbody>\n<tr>\n<td><b>Attribute<\/b><\/td>\n<td><b>Detaljer<\/b><\/td>\n<\/tr>\n<tr>\n<td><b>M\u00e6rke<\/b><\/td>\n<td><span style=\"font-weight: 400;\">ZYN<\/span><\/td>\n<\/tr>\n<tr>\n<td><b>Produkttype<\/b><\/td>\n<td><span style=\"font-weight: 400;\">Alt hvide nikotinposer<\/span><\/td>\n<\/tr>\n<tr>\n<td><b>Format<\/b><\/td>\n<td>Mini<\/td>\n<\/tr>\n<tr>\n<td><b>Smag<\/b><\/td>\n<td>Mint<\/td>\n<\/tr>\n<tr>\n<td><b>Nikotinstyrke<\/b><\/td>\n<td><span style=\"font-weight: 400;\">6 mg pr. pose (15 mg\/g)<\/span><\/td>\n<\/tr>\n<tr>\n<td><b>Portionsv\u00e6gt<\/b><\/td>\n<td><span style=\"font-weight: 400;\">0,4 gram<\/span><\/td>\n<\/tr>\n<tr>\n<td><b>Antal portioner<\/b><\/td>\n<td><span style=\"font-weight: 400;\">15 pr. d\u00e5se<\/span><\/td>\n<\/tr>\n<tr>\n<td><b>Samlet d\u00e5sev\u00e6gt<\/b><\/td>\n<td><span style=\"font-weight: 400;\">6 gram<\/span><\/td>\n<\/tr>\n<tr>\n<td><b>Producent<\/b><\/td>\n<td><span style=\"font-weight: 400;\">Swedish Match<\/span><\/td>\n<\/tr>\n<tr>\n<td><b>Bem\u00e6rkelsesv\u00e6rdige funktioner<\/b><\/td>\n<td><span style=\"font-weight: 400;\">Tobaksfrit, slim format, s\u00f8dt og syrligt sort kirseb\u00e6r smag<\/span><\/td>\n<\/tr>\n<\/tbody>\n<\/table>","protected":false},"excerpt":{"rendered":"<p data-start=\"1386\" data-end=\"1459\">Cool mintsmag i en <strong data-start=\"1474\" data-end=\"1482\">mini<\/strong> pouch med <strong data-start=\"1494\" data-end=\"1513\">6 mg nikotin<\/strong> pr. pouch.<\/p>","protected":false},"featured_media":34876,"comment_status":"open","ping_status":"closed","template":"","format":[205],"meta":{"_acf_changed":false},"product_brand":[],"product_cat":[37],"product_tag":[16559],"flavours":[199],"nicotine":[212,232],"class_list":{"0":"post-34872","1":"product","2":"type-product","3":"status-publish","4":"has-post-thumbnail","6":"product_cat-zyn","7":"product_tag-6-mg-pouch","8":"pa_quantity-1-pack","9":"pa_quantity-10-pack","10":"pa_quantity-3-pack","11":"pa_quantity-30-pack","12":"pa_quantity-5-pack","13":"pa_quantity-60-pack","14":"flavours-mint","15":"format-mini","16":"nicotine-15-mg-g","17":"nicotine-extra-strong","19":"first","20":"outofstock","21":"taxable","22":"shipping-taxable","23":"purchasable","24":"product-type-variable"},"acf":[],"_links":{"self":[{"href":"https:\/\/whitelip.com\/da\/wp-json\/wp\/v2\/product\/34872","targetHints":{"allow":["GET"]}}],"collection":[{"href":"https:\/\/whitelip.com\/da\/wp-json\/wp\/v2\/product"}],"about":[{"href":"https:\/\/whitelip.com\/da\/wp-json\/wp\/v2\/types\/product"}],"replies":[{"embeddable":true,"href":"https:\/\/whitelip.com\/da\/wp-json\/wp\/v2\/comments?post=34872"}],"wp:featuredmedia":[{"embeddable":true,"href":"https:\/\/whitelip.com\/da\/wp-json\/wp\/v2\/media\/34876"}],"wp:attachment":[{"href":"https:\/\/whitelip.com\/da\/wp-json\/wp\/v2\/media?parent=34872"}],"wp:term":[{"taxonomy":"product_brand","embeddable":true,"href":"https:\/\/whitelip.com\/da\/wp-json\/wp\/v2\/product_brand?post=34872"},{"taxonomy":"product_cat","embeddable":true,"href":"https:\/\/whitelip.com\/da\/wp-json\/wp\/v2\/product_cat?post=34872"},{"taxonomy":"product_tag","embeddable":true,"href":"https:\/\/whitelip.com\/da\/wp-json\/wp\/v2\/product_tag?post=34872"},{"taxonomy":"flavours","embeddable":true,"href":"https:\/\/whitelip.com\/da\/wp-json\/wp\/v2\/flavours?post=34872"},{"taxonomy":"format","embeddable":true,"href":"https:\/\/whitelip.com\/da\/wp-json\/wp\/v2\/format?post=34872"},{"taxonomy":"nicotine","embeddable":true,"href":"https:\/\/whitelip.com\/da\/wp-json\/wp\/v2\/nicotine?post=34872"}],"curies":[{"name":"wp","href":"https:\/\/api.w.org\/{rel}","templated":true}]}}