{"id":34847,"date":"2025-11-21T11:15:14","date_gmt":"2025-11-21T11:15:14","guid":{"rendered":"https:\/\/whitelip.com\/?post_type=product&#038;p=34847"},"modified":"2026-04-16T02:01:06","modified_gmt":"2026-04-16T02:01:06","slug":"zyn-cactus-spice-slim","status":"publish","type":"product","link":"https:\/\/whitelip.com\/da\/zyn\/zyn-cactus-spice-slim\/","title":{"rendered":"ZYN Cactus Spice Slim 9mg"},"content":{"rendered":"<h2>ZYN Cactus Spice Slim<\/h2>\n<p data-start=\"168\" data-end=\"659\">ZYN Cactus Spice Slim er en all-white nikotinpose fra m\u00e6rket ZYN, produceret af Swedish Match. Dette slim-format produkt er designet til at v\u00e6re mere diskret og komfortabelt under l\u00e6ben takket v\u00e6re dets smallere, aflange form. Posen er tobaksyfri, men indeholder nikotin, og den er klassificeret som en st\u00e6rk styrkeindstilling. Smagen kombinerer kaktus, lime og chili, hvilket skaber en karakteristisk profil med b\u00e5de friskhed og varme. Hver d\u00e5se indeholder 14,3 gram produkt.<\/p>\n<p data-start=\"661\" data-end=\"964\">Nikotinstyrken er sat til 9 mg pr. pose, med en nikotinkoncentration p\u00e5 13,22 mg\/g. Dette g\u00f8r Cactus Spice Slim S3 til et passende valg for brugere, der \u00f8nsker et m\u00e6rkeligt, men kontrolleret intensitetsniveau. Med 21 pouches pr. d\u00e5se tilbyder produktet en balance mellem praktisk anvendelse og smakskonsistens.<\/p>\n<table>\n<tbody>\n<tr>\n<td><b>Attribute<\/b><\/td>\n<td><b>Detaljer<\/b><\/td>\n<\/tr>\n<tr>\n<td><span style=\"font-weight: 400;\">M\u00e6rke<\/span><\/td>\n<td><span style=\"font-weight: 400;\">ZYN<\/span><\/td>\n<\/tr>\n<tr>\n<td><span style=\"font-weight: 400;\">Produkttype<\/span><\/td>\n<td><span style=\"font-weight: 400;\">Alt hvide nikotinposer<\/span><\/td>\n<\/tr>\n<tr>\n<td><span style=\"font-weight: 400;\">Format<\/span><\/td>\n<td><span style=\"font-weight: 400;\">Slim<\/span><\/td>\n<\/tr>\n<tr>\n<td><span style=\"font-weight: 400;\">Smag<\/span><\/td>\n<td><span style=\"font-weight: 400;\">Kaktus, lime og chili<\/span><\/td>\n<\/tr>\n<tr>\n<td><span style=\"font-weight: 400;\">Nikotinstyrke<\/span><\/td>\n<td><span style=\"font-weight: 400;\">9 mg pr. pose (13,22 mg\/g)<\/span><\/td>\n<\/tr>\n<tr>\n<td><span style=\"font-weight: 400;\">Portionsv\u00e6gt<\/span><\/td>\n<td><span style=\"font-weight: 400;\">0,7 gram<\/span><\/td>\n<\/tr>\n<tr>\n<td><span style=\"font-weight: 400;\">Antal portioner<\/span><\/td>\n<td><span style=\"font-weight: 400;\">21 pr. boks<\/span><\/td>\n<\/tr>\n<tr>\n<td><span style=\"font-weight: 400;\">Samlet d\u00e5sev\u00e6gt<\/span><\/td>\n<td><span style=\"font-weight: 400;\">14,3 gram<\/span><\/td>\n<\/tr>\n<tr>\n<td><span style=\"font-weight: 400;\">Producent<\/span><\/td>\n<td><span style=\"font-weight: 400;\">Swedish Match<\/span><\/td>\n<\/tr>\n<tr>\n<td><span style=\"font-weight: 400;\">Bem\u00e6rkelsesv\u00e6rdige funktioner<\/span><\/td>\n<td><span style=\"font-weight: 400;\">Tobaksfri, smal format, intens menthol smag med h\u00f8j nikotinstyrke<\/span><\/td>\n<\/tr>\n<\/tbody>\n<\/table>","protected":false},"excerpt":{"rendered":"<p data-start=\"1338\" data-end=\"1443\">En smakblanding af <strong data-start=\"1354\" data-end=\"1364\">kaktusspice<\/strong>, <strong data-start=\"1366\" data-end=\"1374\">lime<\/strong>, og <strong data-start=\"1380\" data-end=\"1389\">chili<\/strong> i en slank pouse med <strong data-start=\"1415\" data-end=\"1432\">9 mg nikotin<\/strong> pr. pouch.<\/p>","protected":false},"featured_media":34851,"comment_status":"open","ping_status":"closed","template":"","format":[206],"meta":{"_acf_changed":false},"product_brand":[],"product_cat":[37],"product_tag":[16563],"flavours":[187,190],"nicotine":[210,232],"class_list":{"0":"post-34847","1":"product","2":"type-product","3":"status-publish","4":"has-post-thumbnail","6":"product_cat-zyn","7":"product_tag-9-mg-pouch","8":"pa_quantity-1-pack","9":"pa_quantity-10-pack","10":"pa_quantity-3-pack","11":"pa_quantity-30-pack","12":"pa_quantity-5-pack","13":"pa_quantity-60-pack","14":"flavours-chili","15":"flavours-citrus","16":"format-slim","17":"nicotine-13-mg-g","18":"nicotine-extra-strong","20":"first","21":"instock","22":"taxable","23":"shipping-taxable","24":"purchasable","25":"product-type-variable","26":"has-default-attributes"},"acf":[],"_links":{"self":[{"href":"https:\/\/whitelip.com\/da\/wp-json\/wp\/v2\/product\/34847","targetHints":{"allow":["GET"]}}],"collection":[{"href":"https:\/\/whitelip.com\/da\/wp-json\/wp\/v2\/product"}],"about":[{"href":"https:\/\/whitelip.com\/da\/wp-json\/wp\/v2\/types\/product"}],"replies":[{"embeddable":true,"href":"https:\/\/whitelip.com\/da\/wp-json\/wp\/v2\/comments?post=34847"}],"wp:featuredmedia":[{"embeddable":true,"href":"https:\/\/whitelip.com\/da\/wp-json\/wp\/v2\/media\/34851"}],"wp:attachment":[{"href":"https:\/\/whitelip.com\/da\/wp-json\/wp\/v2\/media?parent=34847"}],"wp:term":[{"taxonomy":"product_brand","embeddable":true,"href":"https:\/\/whitelip.com\/da\/wp-json\/wp\/v2\/product_brand?post=34847"},{"taxonomy":"product_cat","embeddable":true,"href":"https:\/\/whitelip.com\/da\/wp-json\/wp\/v2\/product_cat?post=34847"},{"taxonomy":"product_tag","embeddable":true,"href":"https:\/\/whitelip.com\/da\/wp-json\/wp\/v2\/product_tag?post=34847"},{"taxonomy":"flavours","embeddable":true,"href":"https:\/\/whitelip.com\/da\/wp-json\/wp\/v2\/flavours?post=34847"},{"taxonomy":"format","embeddable":true,"href":"https:\/\/whitelip.com\/da\/wp-json\/wp\/v2\/format?post=34847"},{"taxonomy":"nicotine","embeddable":true,"href":"https:\/\/whitelip.com\/da\/wp-json\/wp\/v2\/nicotine?post=34847"}],"curies":[{"name":"wp","href":"https:\/\/api.w.org\/{rel}","templated":true}]}}