{"id":34503,"date":"2025-11-18T11:35:40","date_gmt":"2025-11-18T11:35:40","guid":{"rendered":"https:\/\/whitelip.com\/?post_type=product&#038;p=34503"},"modified":"2026-04-17T00:59:35","modified_gmt":"2026-04-17T00:59:35","slug":"kuma-banana-toffee","status":"publish","type":"product","link":"https:\/\/whitelip.com\/da\/kuma\/kuma-banana-toffee\/","title":{"rendered":"KUMA Banana Toffee"},"content":{"rendered":"<p data-start=\"138\" data-end=\"482\">KUMA Banana Toffee kombinerer en glat blanding af banan og karamel for en s\u00f8dt, dessert-lignende smag. Pr\u00e6senteret i et slim-format, tilbyder denne pouch en ekstra st\u00e6rk oplevelse med 11 mg nikotin pr. portion og 20 mg pr. gram. Smagen er afrundet, bl\u00f8d og afbalanceret, hvilket g\u00f8r den til en karakteristisk mulighed blandt frugt-baserede nikotinpouches. Hver pouch vejer 0,55 gram og passer diskret under l\u00e6ben takket v\u00e6re sit slim-design. En d\u00e5se indeholder 20 portioner med en samlet netto-v\u00e6gt p\u00e5 11 gram, hvilket g\u00f8r den bekvem at b\u00e6re og bruge hele dagen.<\/p>\n<p data-start=\"697\" data-end=\"1025\">KUMA produceres af Apr\u00e8s Nicotine AB i Sverige. Siden lancering i 2020 har virksomheden fokuseret p\u00e5 udvikling af moderne, tobaksfrie nikotinpouches lavet af plantagebaserede materialer. KUMA-linjen indeholder flere smagsvarianter, styrker og pouch-formater \u2013 hvor Banana Toffee skiller sig ud som en s\u00f8dt og unik smagsblanding.<\/p>\n<table>\n<tbody>\n<tr>\n<td><b>Attribute<\/b><\/td>\n<td><b>Detaljer<\/b><\/td>\n<\/tr>\n<tr>\n<td><b>Indhold pr. d\u00e5se<\/b><\/td>\n<td><span style=\"font-weight: 400;\">11 g (20 pouches)<\/span><\/td>\n<\/tr>\n<tr>\n<td><b>Nikotinindhold<\/b><\/td>\n<td><span style=\"font-weight: 400;\">20 mg\/g (11 mg pr. pouch)<\/span><\/td>\n<\/tr>\n<tr>\n<td><b>Poseformat<\/b><\/td>\n<td><span style=\"font-weight: 400;\">Slim<\/span><\/td>\n<\/tr>\n<tr>\n<td><b>Producent<\/b><\/td>\n<td>Apr\u00e8s Nicotine AB<\/td>\n<\/tr>\n<tr>\n<td><b>Smag<\/b><\/td>\n<td>Mint<\/td>\n<\/tr>\n<tr>\n<td><b>Type<\/b><\/td>\n<td><span style=\"font-weight: 400;\">Nikotinpouch<\/span><\/td>\n<\/tr>\n<\/tbody>\n<\/table>","protected":false},"excerpt":{"rendered":"<article class=\"text-token-text-primary w-full focus:outline-none [--shadow-height:45px] has-data-writing-block:pointer-events-none has-data-writing-block:-mt-(--shadow-height) has-data-writing-block:pt-(--shadow-height) [&amp;:has([data-writing-block])&gt;*]:pointer-events-auto [content-visibility:auto] supports-[content-visibility:auto]:[contain-intrinsic-size:auto_100lvh] scroll-mt-[calc(var(--header-height)+min(200px,max(70px,20svh)))]\" dir=\"auto\" tabindex=\"-1\" data-turn-id=\"fc20af27-e3c5-4b02-a951-d8248900574e\" data-testid=\"conversation-turn-146\" data-scroll-anchor=\"true\" data-turn=\"assistant\">\n<div class=\"text-base my-auto mx-auto pb-10 [--thread-content-margin:--spacing(4)] thread-sm:[--thread-content-margin:--spacing(6)] thread-lg:[--thread-content-margin:--spacing(16)] px-(--thread-content-margin)\">\n<div class=\"[--thread-content-max-width:40rem] thread-lg:[--thread-content-max-width:48rem] mx-auto max-w-(--thread-content-max-width) flex-1 group\/turn-messages focus-visible:outline-hidden relative flex w-full min-w-0 flex-col agent-turn\" tabindex=\"-1\">\n<div class=\"flex max-w-full flex-col grow\">\n<div class=\"min-h-8 text-message relative flex w-full flex-col items-end gap-2 text-start break-words whitespace-normal [.text-message+&amp;]:mt-1\" dir=\"auto\" data-message-author-role=\"assistant\" data-message-id=\"62160f6d-af8e-4bdd-844f-59034b1f33e1\" data-message-model-slug=\"gpt-5-thinking\">\n<div class=\"flex w-full flex-col gap-1 empty:hidden first:pt-[1px]\">\n<div class=\"markdown prose dark:prose-invert w-full break-words dark markdown-new-styling\">\n<p data-start=\"0\" data-end=\"267\" data-is-last-node=\"\" data-is-only-node=\"\">A sweet blend of <strong data-start=\"1075\" data-end=\"1096\">banana and toffee<\/strong> in a <strong data-start=\"1102\" data-end=\"1110\">slim<\/strong> pouch with <strong data-start=\"1122\" data-end=\"1140\">11 mg nicotine<\/strong> per portion.<\/p>\n<\/div>\n<\/div>\n<\/div>\n<\/div>\n<\/div>\n<\/div>\n<\/article>\n","protected":false},"featured_media":34507,"comment_status":"open","ping_status":"closed","template":"","format":[206],"meta":{"_acf_changed":false},"product_brand":[],"product_cat":[264],"product_tag":[16551],"flavours":[196],"nicotine":[218,232],"class_list":{"0":"post-34503","1":"product","2":"type-product","3":"status-publish","4":"has-post-thumbnail","6":"product_cat-kuma","7":"product_tag-11-mg-pouch","8":"pa_quantity-1-pack","9":"pa_quantity-10-pack","10":"pa_quantity-3-pack","11":"pa_quantity-30-pack","12":"pa_quantity-5-pack","13":"pa_quantity-60-pack","14":"flavours-fruits-berries","15":"format-slim","16":"nicotine-20-mg-g","17":"nicotine-extra-strong","19":"first","20":"instock","21":"taxable","22":"shipping-taxable","23":"purchasable","24":"product-type-variable"},"acf":[],"_links":{"self":[{"href":"https:\/\/whitelip.com\/da\/wp-json\/wp\/v2\/product\/34503","targetHints":{"allow":["GET"]}}],"collection":[{"href":"https:\/\/whitelip.com\/da\/wp-json\/wp\/v2\/product"}],"about":[{"href":"https:\/\/whitelip.com\/da\/wp-json\/wp\/v2\/types\/product"}],"replies":[{"embeddable":true,"href":"https:\/\/whitelip.com\/da\/wp-json\/wp\/v2\/comments?post=34503"}],"wp:featuredmedia":[{"embeddable":true,"href":"https:\/\/whitelip.com\/da\/wp-json\/wp\/v2\/media\/34507"}],"wp:attachment":[{"href":"https:\/\/whitelip.com\/da\/wp-json\/wp\/v2\/media?parent=34503"}],"wp:term":[{"taxonomy":"product_brand","embeddable":true,"href":"https:\/\/whitelip.com\/da\/wp-json\/wp\/v2\/product_brand?post=34503"},{"taxonomy":"product_cat","embeddable":true,"href":"https:\/\/whitelip.com\/da\/wp-json\/wp\/v2\/product_cat?post=34503"},{"taxonomy":"product_tag","embeddable":true,"href":"https:\/\/whitelip.com\/da\/wp-json\/wp\/v2\/product_tag?post=34503"},{"taxonomy":"flavours","embeddable":true,"href":"https:\/\/whitelip.com\/da\/wp-json\/wp\/v2\/flavours?post=34503"},{"taxonomy":"format","embeddable":true,"href":"https:\/\/whitelip.com\/da\/wp-json\/wp\/v2\/format?post=34503"},{"taxonomy":"nicotine","embeddable":true,"href":"https:\/\/whitelip.com\/da\/wp-json\/wp\/v2\/nicotine?post=34503"}],"curies":[{"name":"wp","href":"https:\/\/api.w.org\/{rel}","templated":true}]}}