{"id":33360,"date":"2025-11-04T08:32:30","date_gmt":"2025-11-04T08:32:30","guid":{"rendered":"https:\/\/whitelip.com\/?post_type=product&#038;p=33360"},"modified":"2026-03-10T09:15:42","modified_gmt":"2026-03-10T09:15:42","slug":"puff-pouch-wasted-mango-jalapeno","status":"publish","type":"product","link":"https:\/\/whitelip.com\/da\/puff-pouch\/puff-pouch-wasted-mango-jalapeno\/","title":{"rendered":"Puff &#038; Pouch Wasted Mango Jalape\u00f1o"},"content":{"rendered":"<p data-start=\"509\" data-end=\"871\">Puff &amp; Pouch Wasted Mango Jalape\u00f1o 16mg i Slim kombinerer en dristig smag profil med en st\u00e6rk og veludbalanceret nikotineffekt. Med 16 mg nikotin pr. gram giver det et m\u00e6rkbar og tilfredsstillende hit uden at g\u00e5 p\u00e5 kompromis med komfort eller smag. Smagen er dristig og opfriskende, designet til brugere, der s\u00e6tter pris p\u00e5 en robust men glat nikotinpose. Fremstillet af Premium Pouch Global under Puff and Pouch m\u00e6rket, skiller dette produkt sig ud p\u00e5 det europ\u00e6iske nikotinposemarked for sin h\u00f8je kvalitet og raffineret levering. Hver d\u00e5se indeholder 20 poser i et diskret Slim format, der tilbyder en komfortabel pasform under l\u00e6ben til daglig brug. Puff and Pouch Wasted 16mg er et godt valg for dem, der s\u00f8ger en premium, h\u00f8j kvalitets pose med konsekvent styrke og smagsbalance.<\/p>\n<table>\n<tbody>\n<tr>\n<td><b>Attribute<\/b><\/td>\n<td><b>Detaljer<\/b><\/td>\n<\/tr>\n<tr>\n<td><span style=\"font-weight: 400;\">Indhold pr. D\u00e5se<\/span><\/td>\n<td><span style=\"font-weight: 400;\">14g (20 poser)<\/span><\/td>\n<\/tr>\n<tr>\n<td><span style=\"font-weight: 400;\">Nikotin Indhold<\/span><\/td>\n<td><span style=\"font-weight: 400;\">16 mg\/g (12 mg pr. poulse)<\/span><\/td>\n<\/tr>\n<tr>\n<td><span style=\"font-weight: 400;\">Pouch Format<\/span><\/td>\n<td><span style=\"font-weight: 400;\">Slim<\/span><\/td>\n<\/tr>\n<tr>\n<td><span style=\"font-weight: 400;\">Producent<\/span><\/td>\n<td><span style=\"font-weight: 400;\">Puff &amp; Pouch<\/span><\/td>\n<\/tr>\n<tr>\n<td><span style=\"font-weight: 400;\">Smag<\/span><\/td>\n<td><span style=\"font-weight: 400;\">Mango Jalape\u00f1o <\/span><\/td>\n<\/tr>\n<tr>\n<td><span style=\"font-weight: 400;\">Type<\/span><\/td>\n<td><span style=\"font-weight: 400;\">Alt hvid pouch, Tobaksri<\/span><\/td>\n<\/tr>\n<\/tbody>\n<\/table>","protected":false},"excerpt":{"rendered":"<p>Puff &amp; Pouch Wasted Mango Jalape\u00f1o 16mg in <strong data-start=\"260\" data-end=\"268\">Slim<\/strong> leverer en dristig og opfriskende smag af <strong>mango og jalape\u00f1o<\/strong> med <strong data-start=\"312\" data-end=\"321\">16 mg<\/strong> <strong>nikotin pr. gram<\/strong>. Denne tobaksfri pose tilbyder en st\u00e6rk men afbalanceret nikotinoplevelse, der er ideel for brugere, der nyder et kraftfuldt men glat kick.<\/p>","protected":false},"featured_media":33365,"comment_status":"open","ping_status":"closed","template":"","format":[206],"meta":{"_acf_changed":false},"product_brand":[],"product_cat":[86],"product_tag":[16561],"flavours":[187,200],"nicotine":[213,232],"class_list":{"0":"post-33360","1":"product","2":"type-product","3":"status-publish","4":"has-post-thumbnail","6":"product_cat-puff-pouch","7":"product_tag-12-mg-pouch","8":"pa_quantity-1-pack","9":"pa_quantity-10-pack","10":"pa_quantity-3-pack","11":"pa_quantity-30-pack","12":"pa_quantity-5-pack","13":"pa_quantity-60-pack","14":"flavours-chili","15":"flavours-spices","16":"format-slim","17":"nicotine-16-mg-g","18":"nicotine-extra-strong","20":"first","21":"outofstock","22":"taxable","23":"shipping-taxable","24":"purchasable","25":"product-type-variable"},"acf":[],"_links":{"self":[{"href":"https:\/\/whitelip.com\/da\/wp-json\/wp\/v2\/product\/33360","targetHints":{"allow":["GET"]}}],"collection":[{"href":"https:\/\/whitelip.com\/da\/wp-json\/wp\/v2\/product"}],"about":[{"href":"https:\/\/whitelip.com\/da\/wp-json\/wp\/v2\/types\/product"}],"replies":[{"embeddable":true,"href":"https:\/\/whitelip.com\/da\/wp-json\/wp\/v2\/comments?post=33360"}],"wp:featuredmedia":[{"embeddable":true,"href":"https:\/\/whitelip.com\/da\/wp-json\/wp\/v2\/media\/33365"}],"wp:attachment":[{"href":"https:\/\/whitelip.com\/da\/wp-json\/wp\/v2\/media?parent=33360"}],"wp:term":[{"taxonomy":"product_brand","embeddable":true,"href":"https:\/\/whitelip.com\/da\/wp-json\/wp\/v2\/product_brand?post=33360"},{"taxonomy":"product_cat","embeddable":true,"href":"https:\/\/whitelip.com\/da\/wp-json\/wp\/v2\/product_cat?post=33360"},{"taxonomy":"product_tag","embeddable":true,"href":"https:\/\/whitelip.com\/da\/wp-json\/wp\/v2\/product_tag?post=33360"},{"taxonomy":"flavours","embeddable":true,"href":"https:\/\/whitelip.com\/da\/wp-json\/wp\/v2\/flavours?post=33360"},{"taxonomy":"format","embeddable":true,"href":"https:\/\/whitelip.com\/da\/wp-json\/wp\/v2\/format?post=33360"},{"taxonomy":"nicotine","embeddable":true,"href":"https:\/\/whitelip.com\/da\/wp-json\/wp\/v2\/nicotine?post=33360"}],"curies":[{"name":"wp","href":"https:\/\/api.w.org\/{rel}","templated":true}]}}