{"id":33082,"date":"2025-10-31T14:32:58","date_gmt":"2025-10-31T14:32:58","guid":{"rendered":"https:\/\/whitelip.com\/?post_type=product&#038;p=33082"},"modified":"2026-05-09T10:11:15","modified_gmt":"2026-05-09T10:11:15","slug":"pablo-exclusive-blueberry-cranberry-cherry","status":"publish","type":"product","link":"https:\/\/whitelip.com\/da\/pablo\/pablo-exclusive-blueberry-cranberry-cherry\/","title":{"rendered":"PABLO Exclusive Bl\u00e5b\u00e6r Tytteb\u00e6r Kirseb\u00e6r"},"content":{"rendered":"<p data-start=\"554\" data-end=\"884\">PABLO Exclusive Bl\u00e5b\u00e6r Tytteb\u00e6r Kirseb\u00e6r i Slim tager frugtintensitet til n\u00e6ste niveau med en tredobbelt b\u00e6rblanding, der kombinerer s\u00f8dme, surhed og dybde i perfekt balance. Smagen forener bl\u00e5b\u00e6r, tytteb\u00e6r og kirseb\u00e6r til en dynamisk, frisk smagoplevelse, der udvikler sig med hver pose. Produceret i Europa af NGP Empire, denne alt-hvid, tobaksfi pose fra PABLO Exclusive Series kombinerer premium kvalitet med sl\u00e5ende smag og ekstrem nikotinkraft. Hver pose indeholder 30 mg nikotin (50 mg\/g), hvilket giver en af de mest kraftige fornemmelser, der er tilg\u00e6ngelig p\u00e5 markedet, skabt specifikt til erfarne brugere, der s\u00f8ger maksimal styrke og tilfredshed. Slim-formatet sikrer en diskret og komfortabel pasform under l\u00e6ben, mens den gradvise frigivelse af smag og nikotin giver en glat, langvarig effekt. Tobaksfi, r\u00f8gfri og uden lugt leverer PABLO Exclusive Bl\u00e5b\u00e6r Tytteb\u00e6r Kirseb\u00e6r ren, konsistent intensitet, perfekt til daglig brug eller \u00f8jeblikke, hvor du har brug for et seri\u00f8st boost.<\/p>\n<table>\n<tbody>\n<tr>\n<td><b>Attribute<\/b><\/td>\n<td><b>Detaljer<\/b><\/td>\n<\/tr>\n<tr>\n<td><b>Indhold pr. d\u00e5se<\/b><\/td>\n<td><span style=\"font-weight: 400;\">12g (20 poser)<\/span><\/td>\n<\/tr>\n<tr>\n<td><b>Nikotinindhold<\/b><\/td>\n<td><span style=\"font-weight: 400;\">50 mg\/g (30 mg pr. pouch)<\/span><\/td>\n<\/tr>\n<tr>\n<td><b>Poseformat<\/b><\/td>\n<td><span style=\"font-weight: 400;\">Slim<\/span><\/td>\n<\/tr>\n<tr>\n<td><b>Producent<\/b><\/td>\n<td><span style=\"font-weight: 400;\">N.G.P Empire<\/span><\/td>\n<\/tr>\n<tr>\n<td><b>Smag<\/b><\/td>\n<td>Bl\u00e5b\u00e6r, Tytteb\u00e6r, Kirseb\u00e6r<\/td>\n<\/tr>\n<tr>\n<td><b>Type<\/b><\/td>\n<td><span style=\"font-weight: 400;\">Alt hvid pouch, Tobaksri<\/span><\/td>\n<\/tr>\n<\/tbody>\n<\/table>","protected":false},"excerpt":{"rendered":"<p>PABLO Exclusive Blueberry Cranberry Cherry in <strong data-start=\"286\" data-end=\"294\">Slim<\/strong> leverer en dristig blanding af <strong data-start=\"318\" data-end=\"354\">bl\u00e5b\u00e6r, tytteb\u00e6r og kirseb\u00e6r<\/strong> med ekstrem nikotinstyrke. Hver tobaksfi pose indeholder <strong data-start=\"424\" data-end=\"433\">30 mg<\/strong> <strong>af<\/strong> <strong>nikotin<\/strong>, hvilket giver en intens og smagfuld oplevelse designet til \u00f8vede brugere.<\/p>","protected":false},"featured_media":33087,"comment_status":"open","ping_status":"closed","template":"","format":[206],"meta":{"_acf_changed":false},"product_brand":[],"product_cat":[44],"product_tag":[16605],"flavours":[196],"nicotine":[233,226],"class_list":{"0":"post-33082","1":"product","2":"type-product","3":"status-publish","4":"has-post-thumbnail","6":"product_cat-pablo","7":"product_tag-30-mg-pouch","8":"pa_quantity-1-pack","9":"pa_quantity-10-pack","10":"pa_quantity-3-pack","11":"pa_quantity-30-pack","12":"pa_quantity-5-pack","13":"pa_quantity-60-pack","14":"flavours-fruits-berries","15":"format-slim","16":"nicotine-extreme","17":"nicotine-50-mg-g","19":"first","20":"instock","21":"taxable","22":"shipping-taxable","23":"purchasable","24":"product-type-variable"},"acf":[],"_links":{"self":[{"href":"https:\/\/whitelip.com\/da\/wp-json\/wp\/v2\/product\/33082","targetHints":{"allow":["GET"]}}],"collection":[{"href":"https:\/\/whitelip.com\/da\/wp-json\/wp\/v2\/product"}],"about":[{"href":"https:\/\/whitelip.com\/da\/wp-json\/wp\/v2\/types\/product"}],"replies":[{"embeddable":true,"href":"https:\/\/whitelip.com\/da\/wp-json\/wp\/v2\/comments?post=33082"}],"wp:featuredmedia":[{"embeddable":true,"href":"https:\/\/whitelip.com\/da\/wp-json\/wp\/v2\/media\/33087"}],"wp:attachment":[{"href":"https:\/\/whitelip.com\/da\/wp-json\/wp\/v2\/media?parent=33082"}],"wp:term":[{"taxonomy":"product_brand","embeddable":true,"href":"https:\/\/whitelip.com\/da\/wp-json\/wp\/v2\/product_brand?post=33082"},{"taxonomy":"product_cat","embeddable":true,"href":"https:\/\/whitelip.com\/da\/wp-json\/wp\/v2\/product_cat?post=33082"},{"taxonomy":"product_tag","embeddable":true,"href":"https:\/\/whitelip.com\/da\/wp-json\/wp\/v2\/product_tag?post=33082"},{"taxonomy":"flavours","embeddable":true,"href":"https:\/\/whitelip.com\/da\/wp-json\/wp\/v2\/flavours?post=33082"},{"taxonomy":"format","embeddable":true,"href":"https:\/\/whitelip.com\/da\/wp-json\/wp\/v2\/format?post=33082"},{"taxonomy":"nicotine","embeddable":true,"href":"https:\/\/whitelip.com\/da\/wp-json\/wp\/v2\/nicotine?post=33082"}],"curies":[{"name":"wp","href":"https:\/\/api.w.org\/{rel}","templated":true}]}}