{"id":33075,"date":"2025-10-31T14:26:55","date_gmt":"2025-10-31T14:26:55","guid":{"rendered":"https:\/\/whitelip.com\/?post_type=product&#038;p=33075"},"modified":"2026-04-17T09:18:29","modified_gmt":"2026-04-17T09:18:29","slug":"pablo-exclusive-pink-lemonade","status":"publish","type":"product","link":"https:\/\/whitelip.com\/da\/pablo\/pablo-exclusive-pink-lemonade\/","title":{"rendered":"PABLO Exclusive Pink Lemonade"},"content":{"rendered":"<p data-start=\"481\" data-end=\"952\">PABLO Exclusive Pink Lemonade i Slim kombinerer en stimulerende pink lemonade smag med et af de st\u00e6rkeste nikotinniveauer i PABLO-serien. Denne all-white, tobaksri porsjon fra NGP Empire leverer en vibrant balance af s\u00f8de og citrusagtige noter for en frisk men intens fornemmelse. Designet til erfarne brugere, omdefinerer den, hvad ekstrem styrke kan f\u00f8les som, samtidig med at den bevarer den rene og pr\u00e6mium kvalitet, der er forbundet med PABLO m\u00e6rket. Hver porsjon indeholder 30 mg nikotin (svarende til 50 mg\/g) og kommer i Slim format for en komfortabel og diskret pasform under l\u00e6ben. Med 20 poser pr. d\u00e5se, hver vejende 0,6 gram, leverer PABLO Exclusive Pink Lemonade konsistent kraft, smag og kvalitet i hver portion.<\/p>\n<table>\n<tbody>\n<tr>\n<td><b>Attribute<\/b><\/td>\n<td><b>Detaljer<\/b><\/td>\n<\/tr>\n<tr>\n<td><b>Indhold pr. d\u00e5se<\/b><\/td>\n<td><span style=\"font-weight: 400;\">12g (20 poser)<\/span><\/td>\n<\/tr>\n<tr>\n<td><b>Nikotinindhold<\/b><\/td>\n<td><span style=\"font-weight: 400;\">50 mg\/g (30 mg pr. pouch)<\/span><\/td>\n<\/tr>\n<tr>\n<td><b>Poseformat<\/b><\/td>\n<td><span style=\"font-weight: 400;\">Slim<\/span><\/td>\n<\/tr>\n<tr>\n<td><b>Producent<\/b><\/td>\n<td><span style=\"font-weight: 400;\">N.G.P Empire<\/span><\/td>\n<\/tr>\n<tr>\n<td><b>Smag<\/b><\/td>\n<td>Pink Lemonade<\/td>\n<\/tr>\n<tr>\n<td><b>Type<\/b><\/td>\n<td><span style=\"font-weight: 400;\">Alt hvid pouch, Tobaksri<\/span><\/td>\n<\/tr>\n<\/tbody>\n<\/table>","protected":false},"excerpt":{"rendered":"<p>PABLO Exclusive Pink Lemonade i <strong data-start=\"219\" data-end=\"227\">Slim<\/strong> leverer en frugtfuld <strong data-start=\"246\" data-end=\"263\">pink lemonade<\/strong> smag med et ekstremt st\u00e6rkt nikotinst\u00f8d. Hver all-white, tobaksri porsjon indeholder <strong data-start=\"359\" data-end=\"368\">30 mg<\/strong> <strong>nikotin<\/strong>, hvilket giver en kraftfuld og frisk oplevelse til erfarne brugere.<\/p>","protected":false},"featured_media":33080,"comment_status":"open","ping_status":"closed","template":"","format":[206],"meta":{"_acf_changed":false},"product_brand":[],"product_cat":[44],"product_tag":[16605],"flavours":[],"nicotine":[233,226],"class_list":{"0":"post-33075","1":"product","2":"type-product","3":"status-publish","4":"has-post-thumbnail","6":"product_cat-pablo","7":"product_tag-30-mg-pouch","8":"pa_quantity-1-pack","9":"pa_quantity-10-pack","10":"pa_quantity-3-pack","11":"pa_quantity-30-pack","12":"pa_quantity-5-pack","13":"pa_quantity-60-pack","14":"format-slim","15":"nicotine-extreme","16":"nicotine-50-mg-g","18":"first","19":"outofstock","20":"taxable","21":"shipping-taxable","22":"purchasable","23":"product-type-variable"},"acf":[],"_links":{"self":[{"href":"https:\/\/whitelip.com\/da\/wp-json\/wp\/v2\/product\/33075","targetHints":{"allow":["GET"]}}],"collection":[{"href":"https:\/\/whitelip.com\/da\/wp-json\/wp\/v2\/product"}],"about":[{"href":"https:\/\/whitelip.com\/da\/wp-json\/wp\/v2\/types\/product"}],"replies":[{"embeddable":true,"href":"https:\/\/whitelip.com\/da\/wp-json\/wp\/v2\/comments?post=33075"}],"wp:featuredmedia":[{"embeddable":true,"href":"https:\/\/whitelip.com\/da\/wp-json\/wp\/v2\/media\/33080"}],"wp:attachment":[{"href":"https:\/\/whitelip.com\/da\/wp-json\/wp\/v2\/media?parent=33075"}],"wp:term":[{"taxonomy":"product_brand","embeddable":true,"href":"https:\/\/whitelip.com\/da\/wp-json\/wp\/v2\/product_brand?post=33075"},{"taxonomy":"product_cat","embeddable":true,"href":"https:\/\/whitelip.com\/da\/wp-json\/wp\/v2\/product_cat?post=33075"},{"taxonomy":"product_tag","embeddable":true,"href":"https:\/\/whitelip.com\/da\/wp-json\/wp\/v2\/product_tag?post=33075"},{"taxonomy":"flavours","embeddable":true,"href":"https:\/\/whitelip.com\/da\/wp-json\/wp\/v2\/flavours?post=33075"},{"taxonomy":"format","embeddable":true,"href":"https:\/\/whitelip.com\/da\/wp-json\/wp\/v2\/format?post=33075"},{"taxonomy":"nicotine","embeddable":true,"href":"https:\/\/whitelip.com\/da\/wp-json\/wp\/v2\/nicotine?post=33075"}],"curies":[{"name":"wp","href":"https:\/\/api.w.org\/{rel}","templated":true}]}}