{"id":33065,"date":"2025-10-31T13:46:44","date_gmt":"2025-10-31T13:46:44","guid":{"rendered":"https:\/\/whitelip.com\/?post_type=product&#038;p=33065"},"modified":"2026-05-11T11:18:53","modified_gmt":"2026-05-11T11:18:53","slug":"pablo-exclusive-sour-blueberries","status":"publish","type":"product","link":"https:\/\/whitelip.com\/da\/pablo\/pablo-exclusive-sour-blueberries\/","title":{"rendered":"PABLO Exclusive Sour Blueberries"},"content":{"rendered":"<p data-start=\"487\" data-end=\"824\">PABLO Exclusive Sour Blueberries i Slim er fremstillet til dem, der s\u00f8ger maksimal styrke og dristig smag. Det indeholder en skarp og syrlig bl\u00e5b\u00e6r-smag med frugtagtig s\u00f8de og en livlig kant, der v\u00e6kker sanserne. Blandingen af s\u00f8dt og sure skaber en levende, langvarig smag, som intet andet i PABLO-serien. Produceret i Europa af NGP Empire, dette medlem af PABLO Exclusive Series kombinerer moderne design, premium kvalitet og usvigelig intensitet. Hver helt hvid, tobaksfri pude indeholder 30 mg nikotin (i alt 50 mg\/g), hvilket leverer en af de st\u00e6rkeste nikotinoplevelser, der er tilg\u00e6ngelige. Med 20 poser pr. d\u00e5se, hver vejer 0,6 gram, giver PABLO Exclusive Sour Blueberries ensartet kraft og smag i et diskret Slim-format, udviklet specifikt til erfarne brugere, der l\u00e6nges efter en ekstrem nikotinfornemmelse.<\/p>\n<table>\n<tbody>\n<tr>\n<td><b>Attribute<\/b><\/td>\n<td><b>Detaljer<\/b><\/td>\n<\/tr>\n<tr>\n<td><b>Indhold pr. d\u00e5se<\/b><\/td>\n<td><span style=\"font-weight: 400;\">12g (20 poser)<\/span><\/td>\n<\/tr>\n<tr>\n<td><b>Nikotinindhold<\/b><\/td>\n<td><span style=\"font-weight: 400;\">50 mg\/g (30 mg pr. pouch)<\/span><\/td>\n<\/tr>\n<tr>\n<td><b>Poseformat<\/b><\/td>\n<td><span style=\"font-weight: 400;\">Slim<\/span><\/td>\n<\/tr>\n<tr>\n<td><b>Producent<\/b><\/td>\n<td><span style=\"font-weight: 400;\">N.G.P Empire<\/span><\/td>\n<\/tr>\n<tr>\n<td><b>Smag<\/b><\/td>\n<td>Surt bl\u00e5b\u00e6r (syrlig bl\u00e5b\u00e6r)<\/td>\n<\/tr>\n<tr>\n<td><b>Type<\/b><\/td>\n<td><span style=\"font-weight: 400;\">Alt hvid pouch, Tobaksri<\/span><\/td>\n<\/tr>\n<\/tbody>\n<\/table>","protected":false},"excerpt":{"rendered":"<p>PABLO Exclusive Sour Blueberries i <strong data-start=\"238\" data-end=\"246\">Slim<\/strong> leverer en intens <strong data-start=\"267\" data-end=\"285\">sur bl\u00e5b\u00e6r<\/strong> smag kombineret med ekstrem nikotinstyrke. Hver tobaksfriplns indeholder <strong data-start=\"371\" data-end=\"380\">30 mg<\/strong> nikotin, og tilbyder en kraftfuld oplevelse designet til erfarne brugere.<\/p>","protected":false},"featured_media":33069,"comment_status":"open","ping_status":"closed","template":"","format":[206],"meta":{"_acf_changed":false},"product_brand":[],"product_cat":[44],"product_tag":[16605],"flavours":[196],"nicotine":[226,233],"class_list":{"0":"post-33065","1":"product","2":"type-product","3":"status-publish","4":"has-post-thumbnail","6":"product_cat-pablo","7":"product_tag-30-mg-pouch","8":"pa_quantity-1-pack","9":"pa_quantity-10-pack","10":"pa_quantity-3-pack","11":"pa_quantity-30-pack","12":"pa_quantity-5-pack","13":"pa_quantity-60-pack","14":"flavours-fruits-berries","15":"format-slim","16":"nicotine-50-mg-g","17":"nicotine-extreme","19":"first","20":"outofstock","21":"taxable","22":"shipping-taxable","23":"purchasable","24":"product-type-variable","25":"has-default-attributes"},"acf":[],"_links":{"self":[{"href":"https:\/\/whitelip.com\/da\/wp-json\/wp\/v2\/product\/33065","targetHints":{"allow":["GET"]}}],"collection":[{"href":"https:\/\/whitelip.com\/da\/wp-json\/wp\/v2\/product"}],"about":[{"href":"https:\/\/whitelip.com\/da\/wp-json\/wp\/v2\/types\/product"}],"replies":[{"embeddable":true,"href":"https:\/\/whitelip.com\/da\/wp-json\/wp\/v2\/comments?post=33065"}],"wp:featuredmedia":[{"embeddable":true,"href":"https:\/\/whitelip.com\/da\/wp-json\/wp\/v2\/media\/33069"}],"wp:attachment":[{"href":"https:\/\/whitelip.com\/da\/wp-json\/wp\/v2\/media?parent=33065"}],"wp:term":[{"taxonomy":"product_brand","embeddable":true,"href":"https:\/\/whitelip.com\/da\/wp-json\/wp\/v2\/product_brand?post=33065"},{"taxonomy":"product_cat","embeddable":true,"href":"https:\/\/whitelip.com\/da\/wp-json\/wp\/v2\/product_cat?post=33065"},{"taxonomy":"product_tag","embeddable":true,"href":"https:\/\/whitelip.com\/da\/wp-json\/wp\/v2\/product_tag?post=33065"},{"taxonomy":"flavours","embeddable":true,"href":"https:\/\/whitelip.com\/da\/wp-json\/wp\/v2\/flavours?post=33065"},{"taxonomy":"format","embeddable":true,"href":"https:\/\/whitelip.com\/da\/wp-json\/wp\/v2\/format?post=33065"},{"taxonomy":"nicotine","embeddable":true,"href":"https:\/\/whitelip.com\/da\/wp-json\/wp\/v2\/nicotine?post=33065"}],"curies":[{"name":"wp","href":"https:\/\/api.w.org\/{rel}","templated":true}]}}