{"id":32615,"date":"2025-10-27T15:09:48","date_gmt":"2025-10-27T15:09:48","guid":{"rendered":"https:\/\/whitelip.com\/?post_type=product&#038;p=32615"},"modified":"2026-03-16T17:46:56","modified_gmt":"2026-03-16T17:46:56","slug":"christmas-calendar","status":"publish","type":"product","link":"https:\/\/whitelip.com\/da\/christmas-calendar\/christmas-calendar\/","title":{"rendered":"Whitelip Julealender"},"content":{"rendered":"<p data-start=\"440\" data-end=\"739\">Den <strong data-start=\"444\" data-end=\"472\">Whitelip Julealender<\/strong> samler 24 unikke nikotinpouch d\u00e5ser fra top m\u00e6rker s\u00e5som <strong data-start=\"540\" data-end=\"571\">DENSSI, 77, STNG, Apr\u00e8s, NOR<\/strong>og mere. Bag hver d\u00f8r venter en ny opdagelse, et kurateret udvalg af smage, styrker og pouch-formater, der tilbyder noget anderledes hver dag i december.<\/p>\n<p data-start=\"741\" data-end=\"1015\">Fra erfriskelses- mint-blandinger til frugtige, limited-edition releases, denne kalender fanger hele variationen af moderne nikotinpouches i en eksklusiv pakke. Den er designet til brugere, der nyder at udforske nye muligheder og \u00f8nsker at opleve det bedste kategorien har at tilbyde.<\/p>\n<p data-start=\"1017\" data-end=\"1155\">Hver kalender er produceret i begr\u00e6nsede m\u00e6ngder og indeholder et festligt s\u00e6sondesign, hvilket g\u00f8r den til et fremragende samlerstykke for 2025.<\/p>","protected":false},"excerpt":{"rendered":"<p>T\u00e6l ned til jul med <strong data-start=\"209\" data-end=\"237\">Whitelip Julealender!<\/strong> Indeholder 24 overrakelses nikotinpouch d\u00e5ser fra f\u00f8rende m\u00e6rker. En limited-edition blanding af smage, styrker og formater designet til at g\u00f8re december lidt mere sp\u00e6ndende.<\/p>","protected":false},"featured_media":32616,"comment_status":"open","ping_status":"closed","template":"","format":[],"meta":{"_acf_changed":false},"product_brand":[],"product_cat":[259],"product_tag":[],"flavours":[],"nicotine":[],"class_list":{"0":"post-32615","1":"product","2":"type-product","3":"status-publish","4":"has-post-thumbnail","6":"product_cat-christmas-calendar","8":"first","9":"instock","10":"taxable","11":"shipping-taxable","12":"purchasable","13":"product-type-simple"},"acf":[],"_links":{"self":[{"href":"https:\/\/whitelip.com\/da\/wp-json\/wp\/v2\/product\/32615","targetHints":{"allow":["GET"]}}],"collection":[{"href":"https:\/\/whitelip.com\/da\/wp-json\/wp\/v2\/product"}],"about":[{"href":"https:\/\/whitelip.com\/da\/wp-json\/wp\/v2\/types\/product"}],"replies":[{"embeddable":true,"href":"https:\/\/whitelip.com\/da\/wp-json\/wp\/v2\/comments?post=32615"}],"wp:featuredmedia":[{"embeddable":true,"href":"https:\/\/whitelip.com\/da\/wp-json\/wp\/v2\/media\/32616"}],"wp:attachment":[{"href":"https:\/\/whitelip.com\/da\/wp-json\/wp\/v2\/media?parent=32615"}],"wp:term":[{"taxonomy":"product_brand","embeddable":true,"href":"https:\/\/whitelip.com\/da\/wp-json\/wp\/v2\/product_brand?post=32615"},{"taxonomy":"product_cat","embeddable":true,"href":"https:\/\/whitelip.com\/da\/wp-json\/wp\/v2\/product_cat?post=32615"},{"taxonomy":"product_tag","embeddable":true,"href":"https:\/\/whitelip.com\/da\/wp-json\/wp\/v2\/product_tag?post=32615"},{"taxonomy":"flavours","embeddable":true,"href":"https:\/\/whitelip.com\/da\/wp-json\/wp\/v2\/flavours?post=32615"},{"taxonomy":"format","embeddable":true,"href":"https:\/\/whitelip.com\/da\/wp-json\/wp\/v2\/format?post=32615"},{"taxonomy":"nicotine","embeddable":true,"href":"https:\/\/whitelip.com\/da\/wp-json\/wp\/v2\/nicotine?post=32615"}],"curies":[{"name":"wp","href":"https:\/\/api.w.org\/{rel}","templated":true}]}}