{"id":32593,"date":"2025-10-27T14:31:45","date_gmt":"2025-10-27T14:31:45","guid":{"rendered":"https:\/\/whitelip.com\/?post_type=product&#038;p=32593"},"modified":"2026-03-26T13:14:58","modified_gmt":"2026-03-26T13:14:58","slug":"whitelip-low-profile-dad-cap","status":"publish","type":"product","link":"https:\/\/whitelip.com\/da\/merch\/whitelip-low-profile-dad-cap\/","title":{"rendered":"Whitelip Low Profile Dad Cap"},"content":{"rendered":"<h2 data-start=\"159\" data-end=\"191\"><strong data-start=\"159\" data-end=\"191\">Whitelip Low Profile Dad Cap<\/strong><\/h2>\n<p data-start=\"193\" data-end=\"732\">Raffineret stil. Maksimal komfort. Whitelip Low Profile Dad Cap kombinerer en tidl\u00f8s silhuet med pr\u00e6mium h\u00e5ndv\u00e6rk. Lavet af 100% chino-bomuld, tilbyder den en bl\u00f8d, let og fleksibel f\u00f8lelse. Den lave profil og ustruktureret krone skaber en afslappet pasform, mens den pre-buede skygge og stitchede ventilations\u00f8jne giver \u00e5ndeevne p\u00e5 varme dage. Med en selvstof-rem med metalsp\u00e6nde er pasformen let justerbar, hvilket g\u00f8r det til en st\u00f8rrelse. Et subtilt men selvsikkert tilbeh\u00f8r egnet til b\u00e5de hverdagsbrug og branding.<\/p>\n<p data-start=\"734\" data-end=\"753\"><strong data-start=\"734\" data-end=\"751\">Vigtige funktioner:<\/strong><\/p>\n<ul data-start=\"754\" data-end=\"1044\">\n<li data-start=\"754\" data-end=\"803\">\n<p data-start=\"756\" data-end=\"803\">100% chino-bomuld \u2013 bl\u00f8dt og holdbart materiale<\/p>\n<\/li>\n<li data-start=\"804\" data-end=\"839\">\n<p data-start=\"806\" data-end=\"839\">6-panel design med lav profil<\/p>\n<\/li>\n<li data-start=\"840\" data-end=\"881\">\n<p data-start=\"842\" data-end=\"881\">Ustruktureret krone for et afslappet look<\/p>\n<\/li>\n<li data-start=\"882\" data-end=\"938\">\n<p data-start=\"884\" data-end=\"938\">Pre-buet skygge og ventilations\u00f8jne for komfort<\/p>\n<\/li>\n<li data-start=\"939\" data-end=\"1005\">\n<p data-start=\"941\" data-end=\"1005\">Selvstof-rem med tri-glide sp\u00e6nde \u2013 justerbar, En st\u00f8rrelse<\/p>\n<\/li>\n<li data-start=\"1006\" data-end=\"1044\">\n<p data-start=\"1008\" data-end=\"1044\">TearAway-etiket til let rebranding<\/p>\n<\/li>\n<\/ul>","protected":false},"excerpt":{"rendered":"<article class=\"text-token-text-primary w-full focus:outline-none [--shadow-height:45px] has-data-writing-block:pointer-events-none has-data-writing-block:-mt-(--shadow-height) has-data-writing-block:pt-(--shadow-height) [&amp;:has([data-writing-block])&gt;*]:pointer-events-auto [content-visibility:auto] supports-[content-visibility:auto]:[contain-intrinsic-size:auto_100lvh] scroll-mt-[calc(var(--header-height)+min(200px,max(70px,20svh)))]\" dir=\"auto\" tabindex=\"-1\" data-turn-id=\"request-WEB:427feabd-8015-4221-a8a2-f2b39ead3cc6-11\" data-testid=\"conversation-turn-22\" data-scroll-anchor=\"true\" data-turn=\"assistant\">\n<div class=\"text-base my-auto mx-auto pb-10 [--thread-content-margin:--spacing(4)] thread-sm:[--thread-content-margin:--spacing(6)] thread-lg:[--thread-content-margin:--spacing(16)] px-(--thread-content-margin)\">\n<div class=\"[--thread-content-max-width:40rem] thread-lg:[--thread-content-max-width:48rem] mx-auto max-w-(--thread-content-max-width) flex-1 group\/turn-messages focus-visible:outline-hidden relative flex w-full min-w-0 flex-col agent-turn\" tabindex=\"-1\">\n<div class=\"flex max-w-full flex-col grow\">\n<div class=\"min-h-8 text-message relative flex w-full flex-col items-end gap-2 text-start break-words whitespace-normal [.text-message+&amp;]:mt-1\" dir=\"auto\" data-message-author-role=\"assistant\" data-message-id=\"28ee1544-72f8-48b6-bb10-b1d5131dd33f\" data-message-model-slug=\"gpt-5\">\n<div class=\"flex w-full flex-col gap-1 empty:hidden first:pt-[1px]\">\n<div class=\"markdown prose dark:prose-invert w-full break-words dark markdown-new-styling\">\n<p data-start=\"853\" data-end=\"1092\" data-is-last-node=\"\" data-is-only-node=\"\">Clean design and relaxed elegance. The Whitelip Low Profile Dad Cap is made from soft chino cotton with a low profile and classic fit. The curved visor, ventilation eyelets, and adjustable strap make it an essential everyday piece with the Whitelip touch.<\/p>\n<\/div>\n<\/div>\n<\/div>\n<\/div>\n<\/div>\n<\/div>\n<\/article>\n","protected":false},"featured_media":32596,"comment_status":"open","ping_status":"closed","template":"","format":[],"meta":{"_acf_changed":false},"product_brand":[],"product_cat":[81],"product_tag":[],"flavours":[],"nicotine":[],"class_list":{"0":"post-32593","1":"product","2":"type-product","3":"status-publish","4":"has-post-thumbnail","6":"product_cat-merch","7":"pa_size-onesize","9":"first","10":"instock","11":"taxable","12":"shipping-taxable","13":"purchasable","14":"product-type-variable"},"acf":[],"_links":{"self":[{"href":"https:\/\/whitelip.com\/da\/wp-json\/wp\/v2\/product\/32593","targetHints":{"allow":["GET"]}}],"collection":[{"href":"https:\/\/whitelip.com\/da\/wp-json\/wp\/v2\/product"}],"about":[{"href":"https:\/\/whitelip.com\/da\/wp-json\/wp\/v2\/types\/product"}],"replies":[{"embeddable":true,"href":"https:\/\/whitelip.com\/da\/wp-json\/wp\/v2\/comments?post=32593"}],"wp:featuredmedia":[{"embeddable":true,"href":"https:\/\/whitelip.com\/da\/wp-json\/wp\/v2\/media\/32596"}],"wp:attachment":[{"href":"https:\/\/whitelip.com\/da\/wp-json\/wp\/v2\/media?parent=32593"}],"wp:term":[{"taxonomy":"product_brand","embeddable":true,"href":"https:\/\/whitelip.com\/da\/wp-json\/wp\/v2\/product_brand?post=32593"},{"taxonomy":"product_cat","embeddable":true,"href":"https:\/\/whitelip.com\/da\/wp-json\/wp\/v2\/product_cat?post=32593"},{"taxonomy":"product_tag","embeddable":true,"href":"https:\/\/whitelip.com\/da\/wp-json\/wp\/v2\/product_tag?post=32593"},{"taxonomy":"flavours","embeddable":true,"href":"https:\/\/whitelip.com\/da\/wp-json\/wp\/v2\/flavours?post=32593"},{"taxonomy":"format","embeddable":true,"href":"https:\/\/whitelip.com\/da\/wp-json\/wp\/v2\/format?post=32593"},{"taxonomy":"nicotine","embeddable":true,"href":"https:\/\/whitelip.com\/da\/wp-json\/wp\/v2\/nicotine?post=32593"}],"curies":[{"name":"wp","href":"https:\/\/api.w.org\/{rel}","templated":true}]}}