{"id":32588,"date":"2025-10-27T14:24:45","date_gmt":"2025-10-27T14:24:45","guid":{"rendered":"https:\/\/whitelip.com\/?post_type=product&#038;p=32588"},"modified":"2026-03-26T13:15:42","modified_gmt":"2026-03-26T13:15:42","slug":"whitelip-organic-cap","status":"publish","type":"product","link":"https:\/\/whitelip.com\/da\/merch\/whitelip-organic-cap\/","title":{"rendered":"Whitelip Organic Cap"},"content":{"rendered":"<h2 data-start=\"151\" data-end=\"175\"><strong data-start=\"151\" data-end=\"175\">Whitelip Organic Cap<\/strong><\/h2>\n<p data-start=\"177\" data-end=\"696\">Bevidst design. Autentisk f\u00f8lelse. Whitelip \u00f8kologisk kasket kombinerer naturlige materialer med minimalistisk form. Lavet af 100% OCS-certificeret \u00f8kologisk bomuldstvil, tilbyder den en let, men holdbar tekstur, der bliver smuk med tiden. Det klassiske 5-panel design, ventilations\u00f8jne og selvstof-rem med tri-glide sp\u00e6nde giver en justerbar pasform og holdbar komfort. Et naturligt valg for dem, der vil b\u00e6re Whitelip med b\u00e5de stil og form\u00e5l \u2014 uanset om det er p\u00e5 kontoret, p\u00e5 vejen eller p\u00e5 golfbanen.<\/p>\n<p data-start=\"698\" data-end=\"717\"><strong data-start=\"698\" data-end=\"715\">Vigtige funktioner:<\/strong><\/p>\n<ul data-start=\"718\" data-end=\"952\">\n<li data-start=\"718\" data-end=\"761\">\n<p data-start=\"720\" data-end=\"761\">100% OCS-certificeret \u00f8kologisk bomuldstvil<\/p>\n<\/li>\n<li data-start=\"762\" data-end=\"805\">\n<p data-start=\"764\" data-end=\"805\">5-panel design med ventilations\u00f8jne<\/p>\n<\/li>\n<li data-start=\"806\" data-end=\"871\">\n<p data-start=\"808\" data-end=\"871\">Justerbar selvstof-rem med tri-glide sp\u00e6nde \u2013 En st\u00f8rrelse<\/p>\n<\/li>\n<li data-start=\"872\" data-end=\"910\">\n<p data-start=\"874\" data-end=\"910\">TearAway-etiket til let rebranding<\/p>\n<\/li>\n<li data-start=\"872\" data-end=\"910\">\n<p data-start=\"874\" data-end=\"910\">Naturligt, holdbart og tidl\u00f8st design<\/p>\n<\/li>\n<\/ul>","protected":false},"excerpt":{"rendered":"<article class=\"text-token-text-primary w-full focus:outline-none [--shadow-height:45px] has-data-writing-block:pointer-events-none has-data-writing-block:-mt-(--shadow-height) has-data-writing-block:pt-(--shadow-height) [&amp;:has([data-writing-block])&gt;*]:pointer-events-auto [content-visibility:auto] supports-[content-visibility:auto]:[contain-intrinsic-size:auto_100lvh] scroll-mt-[calc(var(--header-height)+min(200px,max(70px,20svh)))]\" dir=\"auto\" tabindex=\"-1\" data-turn-id=\"request-WEB:427feabd-8015-4221-a8a2-f2b39ead3cc6-11\" data-testid=\"conversation-turn-22\" data-scroll-anchor=\"true\" data-turn=\"assistant\">\n<div class=\"text-base my-auto mx-auto pb-10 [--thread-content-margin:--spacing(4)] thread-sm:[--thread-content-margin:--spacing(6)] thread-lg:[--thread-content-margin:--spacing(16)] px-(--thread-content-margin)\">\n<div class=\"[--thread-content-max-width:40rem] thread-lg:[--thread-content-max-width:48rem] mx-auto max-w-(--thread-content-max-width) flex-1 group\/turn-messages focus-visible:outline-hidden relative flex w-full min-w-0 flex-col agent-turn\" tabindex=\"-1\">\n<div class=\"flex max-w-full flex-col grow\">\n<div class=\"min-h-8 text-message relative flex w-full flex-col items-end gap-2 text-start break-words whitespace-normal [.text-message+&amp;]:mt-1\" dir=\"auto\" data-message-author-role=\"assistant\" data-message-id=\"28ee1544-72f8-48b6-bb10-b1d5131dd33f\" data-message-model-slug=\"gpt-5\">\n<div class=\"flex w-full flex-col gap-1 empty:hidden first:pt-[1px]\">\n<div class=\"markdown prose dark:prose-invert w-full break-words dark markdown-new-styling\">\n<p data-start=\"853\" data-end=\"1092\" data-is-last-node=\"\" data-is-only-node=\"\">Natural style meets modern simplicity. The Whitelip Organic Cap is made from 100% OCS-certified organic cotton twill with ventilating eyelets and an adjustable strap. A timeless cap for those who value clean design, high quality, and Whitelip\u2019s sustainable spirit.<\/p>\n<\/div>\n<\/div>\n<\/div>\n<\/div>\n<\/div>\n<\/div>\n<\/article>\n","protected":false},"featured_media":32591,"comment_status":"open","ping_status":"closed","template":"","format":[],"meta":{"_acf_changed":false},"product_brand":[],"product_cat":[81],"product_tag":[],"flavours":[],"nicotine":[],"class_list":{"0":"post-32588","1":"product","2":"type-product","3":"status-publish","4":"has-post-thumbnail","6":"product_cat-merch","7":"pa_size-onesize","9":"first","10":"instock","11":"taxable","12":"shipping-taxable","13":"purchasable","14":"product-type-variable"},"acf":[],"_links":{"self":[{"href":"https:\/\/whitelip.com\/da\/wp-json\/wp\/v2\/product\/32588","targetHints":{"allow":["GET"]}}],"collection":[{"href":"https:\/\/whitelip.com\/da\/wp-json\/wp\/v2\/product"}],"about":[{"href":"https:\/\/whitelip.com\/da\/wp-json\/wp\/v2\/types\/product"}],"replies":[{"embeddable":true,"href":"https:\/\/whitelip.com\/da\/wp-json\/wp\/v2\/comments?post=32588"}],"wp:featuredmedia":[{"embeddable":true,"href":"https:\/\/whitelip.com\/da\/wp-json\/wp\/v2\/media\/32591"}],"wp:attachment":[{"href":"https:\/\/whitelip.com\/da\/wp-json\/wp\/v2\/media?parent=32588"}],"wp:term":[{"taxonomy":"product_brand","embeddable":true,"href":"https:\/\/whitelip.com\/da\/wp-json\/wp\/v2\/product_brand?post=32588"},{"taxonomy":"product_cat","embeddable":true,"href":"https:\/\/whitelip.com\/da\/wp-json\/wp\/v2\/product_cat?post=32588"},{"taxonomy":"product_tag","embeddable":true,"href":"https:\/\/whitelip.com\/da\/wp-json\/wp\/v2\/product_tag?post=32588"},{"taxonomy":"flavours","embeddable":true,"href":"https:\/\/whitelip.com\/da\/wp-json\/wp\/v2\/flavours?post=32588"},{"taxonomy":"format","embeddable":true,"href":"https:\/\/whitelip.com\/da\/wp-json\/wp\/v2\/format?post=32588"},{"taxonomy":"nicotine","embeddable":true,"href":"https:\/\/whitelip.com\/da\/wp-json\/wp\/v2\/nicotine?post=32588"}],"curies":[{"name":"wp","href":"https:\/\/api.w.org\/{rel}","templated":true}]}}