{"id":32582,"date":"2025-10-27T14:17:33","date_gmt":"2025-10-27T14:17:33","guid":{"rendered":"https:\/\/whitelip.com\/?post_type=product&#038;p=32582"},"modified":"2026-01-28T05:09:54","modified_gmt":"2026-01-28T05:09:54","slug":"whitelip-beanie","status":"publish","type":"product","link":"https:\/\/whitelip.com\/da\/merch\/whitelip-beanie\/","title":{"rendered":"Whitelip Beanie"},"content":{"rendered":"<h2 data-start=\"135\" data-end=\"154\"><strong data-start=\"135\" data-end=\"154\">Whitelip Beanie<\/strong><\/h2>\n<p data-start=\"156\" data-end=\"587\">Minimalistisk design. Maksimal komfort. Whitelip Beanie kombinerer funktion og \u00e6stetik i en tidl\u00f8s form. Fremstillet af 100% bl\u00f8d-touch akryl med dobbeltlavet strikning for varme og komfort. Det foldede design tilbyder en klassisk pasform, mens cotton twill-plettet p\u00e5 forsiden giver subtil Whitelip-branding med et pr\u00e6mie-look og -f\u00f8lelsesv\u00e6l. Et alsidigt tilbeh\u00f8r til kolde dage \u2013 lige s\u00e5 egnet til kontoret, rejse eller arrangementer.<\/p>\n<p data-start=\"589\" data-end=\"606\"><strong data-start=\"589\" data-end=\"606\">Vigtige funktioner:<\/strong><\/p>\n<ul data-start=\"607\" data-end=\"818\">\n<li data-start=\"607\" data-end=\"660\">\n<p data-start=\"609\" data-end=\"660\">100% bl\u00f8d-touch akryl \u2013 bl\u00f8d, varm og holdbar<\/p>\n<\/li>\n<li data-start=\"661\" data-end=\"701\">\n<p data-start=\"663\" data-end=\"701\">Dobbeltlagsstrik for ekstra varme<\/p>\n<\/li>\n<li data-start=\"702\" data-end=\"738\">\n<p data-start=\"704\" data-end=\"738\">Manchet design med klassisk snit<\/p>\n<\/li>\n<li data-start=\"739\" data-end=\"797\">\n<p data-start=\"741\" data-end=\"797\">Forreste bomuldstvil-lap med subtil Whitelip-branding<\/p>\n<\/li>\n<li data-start=\"798\" data-end=\"818\">\n<p data-start=\"800\" data-end=\"818\">Unisex, En st\u00f8rrelse<\/p>\n<\/li>\n<\/ul>","protected":false},"excerpt":{"rendered":"<article class=\"text-token-text-primary w-full focus:outline-none [--shadow-height:45px] has-data-writing-block:pointer-events-none has-data-writing-block:-mt-(--shadow-height) has-data-writing-block:pt-(--shadow-height) [&amp;:has([data-writing-block])&gt;*]:pointer-events-auto [content-visibility:auto] supports-[content-visibility:auto]:[contain-intrinsic-size:auto_100lvh] scroll-mt-[calc(var(--header-height)+min(200px,max(70px,20svh)))]\" dir=\"auto\" tabindex=\"-1\" data-turn-id=\"request-WEB:427feabd-8015-4221-a8a2-f2b39ead3cc6-11\" data-testid=\"conversation-turn-22\" data-scroll-anchor=\"true\" data-turn=\"assistant\">\n<div class=\"text-base my-auto mx-auto pb-10 [--thread-content-margin:--spacing(4)] thread-sm:[--thread-content-margin:--spacing(6)] thread-lg:[--thread-content-margin:--spacing(16)] px-(--thread-content-margin)\">\n<div class=\"[--thread-content-max-width:40rem] thread-lg:[--thread-content-max-width:48rem] mx-auto max-w-(--thread-content-max-width) flex-1 group\/turn-messages focus-visible:outline-hidden relative flex w-full min-w-0 flex-col agent-turn\" tabindex=\"-1\">\n<div class=\"flex max-w-full flex-col grow\">\n<div class=\"min-h-8 text-message relative flex w-full flex-col items-end gap-2 text-start break-words whitespace-normal [.text-message+&amp;]:mt-1\" dir=\"auto\" data-message-author-role=\"assistant\" data-message-id=\"28ee1544-72f8-48b6-bb10-b1d5131dd33f\" data-message-model-slug=\"gpt-5\">\n<div class=\"flex w-full flex-col gap-1 empty:hidden first:pt-[1px]\">\n<div class=\"markdown prose dark:prose-invert w-full break-words dark markdown-new-styling\">\n<p data-start=\"853\" data-end=\"1092\" data-is-last-node=\"\" data-is-only-node=\"\">Stay warm in style. The Whitelip Beanie features soft, double-layered knit in soft-touch acrylic and a front fabric patch with subtle Whitelip branding. A timeless beanie for cold days, built for comfort and designed to represent Whitelip.<\/p>\n<\/div>\n<\/div>\n<\/div>\n<\/div>\n<\/div>\n<\/div>\n<\/article>\n","protected":false},"featured_media":32583,"comment_status":"open","ping_status":"closed","template":"","format":[],"meta":{"_acf_changed":false},"product_brand":[],"product_cat":[81],"product_tag":[],"flavours":[],"nicotine":[],"class_list":{"0":"post-32582","1":"product","2":"type-product","3":"status-publish","4":"has-post-thumbnail","6":"product_cat-merch","7":"pa_size-onesize","9":"first","10":"instock","11":"taxable","12":"shipping-taxable","13":"purchasable","14":"product-type-variable"},"acf":[],"_links":{"self":[{"href":"https:\/\/whitelip.com\/da\/wp-json\/wp\/v2\/product\/32582","targetHints":{"allow":["GET"]}}],"collection":[{"href":"https:\/\/whitelip.com\/da\/wp-json\/wp\/v2\/product"}],"about":[{"href":"https:\/\/whitelip.com\/da\/wp-json\/wp\/v2\/types\/product"}],"replies":[{"embeddable":true,"href":"https:\/\/whitelip.com\/da\/wp-json\/wp\/v2\/comments?post=32582"}],"wp:featuredmedia":[{"embeddable":true,"href":"https:\/\/whitelip.com\/da\/wp-json\/wp\/v2\/media\/32583"}],"wp:attachment":[{"href":"https:\/\/whitelip.com\/da\/wp-json\/wp\/v2\/media?parent=32582"}],"wp:term":[{"taxonomy":"product_brand","embeddable":true,"href":"https:\/\/whitelip.com\/da\/wp-json\/wp\/v2\/product_brand?post=32582"},{"taxonomy":"product_cat","embeddable":true,"href":"https:\/\/whitelip.com\/da\/wp-json\/wp\/v2\/product_cat?post=32582"},{"taxonomy":"product_tag","embeddable":true,"href":"https:\/\/whitelip.com\/da\/wp-json\/wp\/v2\/product_tag?post=32582"},{"taxonomy":"flavours","embeddable":true,"href":"https:\/\/whitelip.com\/da\/wp-json\/wp\/v2\/flavours?post=32582"},{"taxonomy":"format","embeddable":true,"href":"https:\/\/whitelip.com\/da\/wp-json\/wp\/v2\/format?post=32582"},{"taxonomy":"nicotine","embeddable":true,"href":"https:\/\/whitelip.com\/da\/wp-json\/wp\/v2\/nicotine?post=32582"}],"curies":[{"name":"wp","href":"https:\/\/api.w.org\/{rel}","templated":true}]}}