{"id":32570,"date":"2025-10-27T11:40:45","date_gmt":"2025-10-27T11:40:45","guid":{"rendered":"https:\/\/whitelip.com\/?post_type=product&#038;p=32570"},"modified":"2026-04-17T13:24:36","modified_gmt":"2026-04-17T13:24:36","slug":"velo-shift-cool-peppermint","status":"publish","type":"product","link":"https:\/\/whitelip.com\/da\/velo\/velo-shift-cool-peppermint\/","title":{"rendered":"VELO Shift Cool Peppermint"},"content":{"rendered":"<p data-start=\"404\" data-end=\"802\">VELO <strong data-start=\"409\" data-end=\"434\">Shift Cool Peppermint<\/strong> i <strong data-start=\"438\" data-end=\"446\">Slim<\/strong> er en hvid nikotinpude fra BAT, der tilbyder en k\u00f8lig kombination af pebermynte- og mentholsmage. Produktet indeholder nikotin, men er tobaksfrit og klassificeres som st\u00e6rkt. Puderne er lavet af plantestof og designet med afrundede kanter for en komfortabel pasform under l\u00e6ben. Den sekskantede beholder er karakteristisk for VELO Shift-serien. Hver pude indeholder <strong data-start=\"824\" data-end=\"832\">8 mg<\/strong> nikotin (nikotinstyrke 11,4 mg\/g), og <strong data-start=\"884\" data-end=\"892\">Slim<\/strong> format giver en diskret og smal pasform.<\/p>\n<table>\n<tbody>\n<tr>\n<td><b>Attribute<\/b><\/td>\n<td><b>Detaljer<\/b><\/td>\n<\/tr>\n<tr>\n<td><span style=\"font-weight: 400;\">M\u00e6rke<\/span><\/td>\n<td><span style=\"font-weight: 400;\">VELO<\/span><\/td>\n<\/tr>\n<tr>\n<td><span style=\"font-weight: 400;\">Produkttype<\/span><\/td>\n<td><span style=\"font-weight: 400;\">Alt hvide nikotinposer<\/span><\/td>\n<\/tr>\n<tr>\n<td><span style=\"font-weight: 400;\">Format<\/span><\/td>\n<td><span style=\"font-weight: 400;\">Slim<\/span><\/td>\n<\/tr>\n<tr>\n<td><span style=\"font-weight: 400;\">Smag<\/span><\/td>\n<td>pebermynte, menthol<\/td>\n<\/tr>\n<tr>\n<td><span style=\"font-weight: 400;\">Nikotinstyrke<\/span><\/td>\n<td><span style=\"font-weight: 400;\">11,4 mg\/g (8 mg pr. pude)<\/span><\/td>\n<\/tr>\n<tr>\n<td><span style=\"font-weight: 400;\">Portionsv\u00e6gt<\/span><\/td>\n<td><span style=\"font-weight: 400;\">0,7 gram<\/span><\/td>\n<\/tr>\n<tr>\n<td><span style=\"font-weight: 400;\">Antal portioner<\/span><\/td>\n<td><span style=\"font-weight: 400;\">20 pr. d\u00e5se<\/span><\/td>\n<\/tr>\n<tr>\n<td><span style=\"font-weight: 400;\">Samlet d\u00e5sev\u00e6gt<\/span><\/td>\n<td><span style=\"font-weight: 400;\">14 gram<\/span><\/td>\n<\/tr>\n<tr>\n<td><span style=\"font-weight: 400;\">Producent<\/span><\/td>\n<td><span style=\"font-weight: 400;\">BAT<\/span><\/td>\n<\/tr>\n<tr>\n<td><span style=\"font-weight: 400;\">Bem\u00e6rkelsesv\u00e6rdige funktioner<\/span><\/td>\n<td><span style=\"font-weight: 400;\">Tobaksfrit, diskrete slanke portioner, afbalanceret smag profil<\/span><\/td>\n<\/tr>\n<\/tbody>\n<\/table>\n<h2 data-start=\"942\" data-end=\"955\">Funktioner<\/h2>\n<ul data-start=\"956\" data-end=\"1168\">\n<li data-start=\"956\" data-end=\"996\">\n<p data-start=\"958\" data-end=\"996\">Smag af <strong data-start=\"968\" data-end=\"982\">pebermynte<\/strong> og menthol<\/p>\n<\/li>\n<li data-start=\"997\" data-end=\"1035\">\n<p data-start=\"999\" data-end=\"1035\"><strong data-start=\"999\" data-end=\"1007\">Slim<\/strong> format med afrundede kanter<\/p>\n<\/li>\n<li data-start=\"1036\" data-end=\"1105\">\n<p data-start=\"1038\" data-end=\"1105\">Tobaksfri hvid pude med st\u00e6rk nikotinstyrke (<strong data-start=\"1094\" data-end=\"1102\">8 mg<\/strong>)<\/p>\n<\/li>\n<li data-start=\"1106\" data-end=\"1144\">\n<p data-start=\"1108\" data-end=\"1144\">Sekskantbeholder med moderne design<\/p>\n<\/li>\n<li data-start=\"1145\" data-end=\"1168\">\n<p data-start=\"1147\" data-end=\"1168\">Fremstillet af BAT<\/p>\n<\/li>\n<\/ul>","protected":false},"excerpt":{"rendered":"<p>VELO <strong data-start=\"166\" data-end=\"191\">Shift Cool Peppermint<\/strong> i <strong data-start=\"195\" data-end=\"203\">Slim<\/strong> er en tobaksfri hvid pude med en frisk pebermynte- og mentholsmag. Hver pude indeholder <strong data-start=\"298\" data-end=\"306\">8 mg<\/strong> nikotin og kommer i en sekskantbeholder med afrundede portioner.<\/p>","protected":false},"featured_media":32575,"comment_status":"open","ping_status":"closed","template":"","format":[206],"meta":{"_acf_changed":false},"product_brand":[],"product_cat":[48],"product_tag":[16583],"flavours":[199],"nicotine":[208,236],"class_list":{"0":"post-32570","1":"product","2":"type-product","3":"status-publish","4":"has-post-thumbnail","6":"product_cat-velo","7":"product_tag-8-mg-pouch","8":"pa_quantity-1-pack","9":"pa_quantity-10-pack","10":"pa_quantity-3-pack","11":"pa_quantity-30-pack","12":"pa_quantity-5-pack","13":"pa_quantity-60-pack","14":"flavours-mint","15":"format-slim","16":"nicotine-11-mg-g","17":"nicotine-strong","19":"first","20":"instock","21":"taxable","22":"shipping-taxable","23":"purchasable","24":"product-type-variable"},"acf":[],"_links":{"self":[{"href":"https:\/\/whitelip.com\/da\/wp-json\/wp\/v2\/product\/32570","targetHints":{"allow":["GET"]}}],"collection":[{"href":"https:\/\/whitelip.com\/da\/wp-json\/wp\/v2\/product"}],"about":[{"href":"https:\/\/whitelip.com\/da\/wp-json\/wp\/v2\/types\/product"}],"replies":[{"embeddable":true,"href":"https:\/\/whitelip.com\/da\/wp-json\/wp\/v2\/comments?post=32570"}],"wp:featuredmedia":[{"embeddable":true,"href":"https:\/\/whitelip.com\/da\/wp-json\/wp\/v2\/media\/32575"}],"wp:attachment":[{"href":"https:\/\/whitelip.com\/da\/wp-json\/wp\/v2\/media?parent=32570"}],"wp:term":[{"taxonomy":"product_brand","embeddable":true,"href":"https:\/\/whitelip.com\/da\/wp-json\/wp\/v2\/product_brand?post=32570"},{"taxonomy":"product_cat","embeddable":true,"href":"https:\/\/whitelip.com\/da\/wp-json\/wp\/v2\/product_cat?post=32570"},{"taxonomy":"product_tag","embeddable":true,"href":"https:\/\/whitelip.com\/da\/wp-json\/wp\/v2\/product_tag?post=32570"},{"taxonomy":"flavours","embeddable":true,"href":"https:\/\/whitelip.com\/da\/wp-json\/wp\/v2\/flavours?post=32570"},{"taxonomy":"format","embeddable":true,"href":"https:\/\/whitelip.com\/da\/wp-json\/wp\/v2\/format?post=32570"},{"taxonomy":"nicotine","embeddable":true,"href":"https:\/\/whitelip.com\/da\/wp-json\/wp\/v2\/nicotine?post=32570"}],"curies":[{"name":"wp","href":"https:\/\/api.w.org\/{rel}","templated":true}]}}