{"id":32562,"date":"2025-10-27T11:35:52","date_gmt":"2025-10-27T11:35:52","guid":{"rendered":"https:\/\/whitelip.com\/?post_type=product&#038;p=32562"},"modified":"2026-04-17T13:28:10","modified_gmt":"2026-04-17T13:28:10","slug":"velo-shift-hot-peach","status":"publish","type":"product","link":"https:\/\/whitelip.com\/da\/velo\/velo-shift-hot-peach\/","title":{"rendered":"VELO Shift Hot Peach"},"content":{"rendered":"<p data-start=\"393\" data-end=\"775\">VELO <strong data-start=\"398\" data-end=\"417\">Shift Hot Peach<\/strong> i <strong data-start=\"421\" data-end=\"429\">Slim<\/strong> er en hvid nikotinpose fra BAT med s\u00e6rskildt ferskne smag og en st\u00e6rk nikotinprofil. Produktet indeholder nikotin men er tobaksfrit og klassificeret som st\u00e6rkt. Poserne er lavet af plantebasserede fibre og har afrundede kanter for en behagelig pasform under l\u00e6ben. D\u00e5sen har en sekskantform, karakteristisk for VELO Shift-linien. Hver pose indeholder <strong data-start=\"797\" data-end=\"805\">8 mg<\/strong> nikotin (nikotinstyrke 11,4 mg\/g) og kommer i <strong data-start=\"865\" data-end=\"873\">Slim<\/strong> format til en diskret og smal pasform.<\/p>\n<table>\n<tbody>\n<tr>\n<td><b>Attribute<\/b><\/td>\n<td><b>Detaljer<\/b><\/td>\n<\/tr>\n<tr>\n<td><span style=\"font-weight: 400;\">M\u00e6rke<\/span><\/td>\n<td><span style=\"font-weight: 400;\">VELO<\/span><\/td>\n<\/tr>\n<tr>\n<td><span style=\"font-weight: 400;\">Produkttype<\/span><\/td>\n<td><span style=\"font-weight: 400;\">Alt hvide nikotinposer<\/span><\/td>\n<\/tr>\n<tr>\n<td><span style=\"font-weight: 400;\">Format<\/span><\/td>\n<td><span style=\"font-weight: 400;\">Slim<\/span><\/td>\n<\/tr>\n<tr>\n<td><span style=\"font-weight: 400;\">Smag<\/span><\/td>\n<td><span style=\"font-weight: 400;\">Fersken<\/span><\/td>\n<\/tr>\n<tr>\n<td><span style=\"font-weight: 400;\">Nikotinstyrke<\/span><\/td>\n<td><span style=\"font-weight: 400;\">11,4 mg\/g (8 mg pr. pude)<\/span><\/td>\n<\/tr>\n<tr>\n<td><span style=\"font-weight: 400;\">Portionsv\u00e6gt<\/span><\/td>\n<td><span style=\"font-weight: 400;\">0,7 gram<\/span><\/td>\n<\/tr>\n<tr>\n<td><span style=\"font-weight: 400;\">Antal portioner<\/span><\/td>\n<td><span style=\"font-weight: 400;\">20 pr. d\u00e5se<\/span><\/td>\n<\/tr>\n<tr>\n<td><span style=\"font-weight: 400;\">Samlet d\u00e5sev\u00e6gt<\/span><\/td>\n<td><span style=\"font-weight: 400;\">14 gram<\/span><\/td>\n<\/tr>\n<tr>\n<td><span style=\"font-weight: 400;\">Producent<\/span><\/td>\n<td><span style=\"font-weight: 400;\">BAT<\/span><\/td>\n<\/tr>\n<tr>\n<td><span style=\"font-weight: 400;\">Bem\u00e6rkelsesv\u00e6rdige funktioner<\/span><\/td>\n<td><span style=\"font-weight: 400;\">Tobaksfrit, diskrete slanke portioner, afbalanceret smag profil<\/span><\/td>\n<\/tr>\n<\/tbody>\n<\/table>\n<h2 data-start=\"918\" data-end=\"931\">Funktioner<\/h2>\n<ul data-start=\"932\" data-end=\"1135\">\n<li data-start=\"932\" data-end=\"959\">\n<p data-start=\"934\" data-end=\"959\">Frugtigt <strong data-start=\"941\" data-end=\"950\">fersken<\/strong> smag<\/p>\n<\/li>\n<li data-start=\"960\" data-end=\"998\">\n<p data-start=\"962\" data-end=\"998\"><strong data-start=\"962\" data-end=\"970\">Slim<\/strong> format med afrundede kanter<\/p>\n<\/li>\n<li data-start=\"999\" data-end=\"1068\">\n<p data-start=\"1001\" data-end=\"1068\">Tobaksfri hvid pude med st\u00e6rk nikotinstyrke (<strong data-start=\"1057\" data-end=\"1065\">8 mg<\/strong>)<\/p>\n<\/li>\n<li data-start=\"1069\" data-end=\"1111\">\n<p data-start=\"1071\" data-end=\"1111\">Sekskantede d\u00e5se og plantebasseret materiale<\/p>\n<\/li>\n<li data-start=\"1112\" data-end=\"1135\">\n<p data-start=\"1114\" data-end=\"1135\">Fremstillet af BAT<\/p>\n<\/li>\n<\/ul>","protected":false},"excerpt":{"rendered":"<p>VELO <strong data-start=\"164\" data-end=\"183\">Shift Hot Peach<\/strong> i <strong data-start=\"187\" data-end=\"195\">Slim<\/strong> er en tobaksfri hvid pose med s\u00f8dt og frugtigt ferskne smag. Hver pose indeholder <strong data-start=\"284\" data-end=\"292\">8 mg<\/strong> nikotin og er designet med afrundede kanter i en sekskantede d\u00e5se.<\/p>","protected":false},"featured_media":32567,"comment_status":"open","ping_status":"closed","template":"","format":[206],"meta":{"_acf_changed":false},"product_brand":[],"product_cat":[48],"product_tag":[16583],"flavours":[196],"nicotine":[208,236],"class_list":{"0":"post-32562","1":"product","2":"type-product","3":"status-publish","4":"has-post-thumbnail","6":"product_cat-velo","7":"product_tag-8-mg-pouch","8":"pa_quantity-1-pack","9":"pa_quantity-10-pack","10":"pa_quantity-3-pack","11":"pa_quantity-30-pack","12":"pa_quantity-5-pack","13":"pa_quantity-60-pack","14":"flavours-fruits-berries","15":"format-slim","16":"nicotine-11-mg-g","17":"nicotine-strong","19":"first","20":"instock","21":"taxable","22":"shipping-taxable","23":"purchasable","24":"product-type-variable"},"acf":[],"_links":{"self":[{"href":"https:\/\/whitelip.com\/da\/wp-json\/wp\/v2\/product\/32562","targetHints":{"allow":["GET"]}}],"collection":[{"href":"https:\/\/whitelip.com\/da\/wp-json\/wp\/v2\/product"}],"about":[{"href":"https:\/\/whitelip.com\/da\/wp-json\/wp\/v2\/types\/product"}],"replies":[{"embeddable":true,"href":"https:\/\/whitelip.com\/da\/wp-json\/wp\/v2\/comments?post=32562"}],"wp:featuredmedia":[{"embeddable":true,"href":"https:\/\/whitelip.com\/da\/wp-json\/wp\/v2\/media\/32567"}],"wp:attachment":[{"href":"https:\/\/whitelip.com\/da\/wp-json\/wp\/v2\/media?parent=32562"}],"wp:term":[{"taxonomy":"product_brand","embeddable":true,"href":"https:\/\/whitelip.com\/da\/wp-json\/wp\/v2\/product_brand?post=32562"},{"taxonomy":"product_cat","embeddable":true,"href":"https:\/\/whitelip.com\/da\/wp-json\/wp\/v2\/product_cat?post=32562"},{"taxonomy":"product_tag","embeddable":true,"href":"https:\/\/whitelip.com\/da\/wp-json\/wp\/v2\/product_tag?post=32562"},{"taxonomy":"flavours","embeddable":true,"href":"https:\/\/whitelip.com\/da\/wp-json\/wp\/v2\/flavours?post=32562"},{"taxonomy":"format","embeddable":true,"href":"https:\/\/whitelip.com\/da\/wp-json\/wp\/v2\/format?post=32562"},{"taxonomy":"nicotine","embeddable":true,"href":"https:\/\/whitelip.com\/da\/wp-json\/wp\/v2\/nicotine?post=32562"}],"curies":[{"name":"wp","href":"https:\/\/api.w.org\/{rel}","templated":true}]}}