{"id":32540,"date":"2025-10-27T11:13:34","date_gmt":"2025-10-27T11:13:34","guid":{"rendered":"https:\/\/whitelip.com\/?post_type=product&#038;p=32540"},"modified":"2026-05-06T10:11:36","modified_gmt":"2026-05-06T10:11:36","slug":"velo-shift-hot-spearmint","status":"publish","type":"product","link":"https:\/\/whitelip.com\/da\/velo\/velo-shift-hot-spearmint\/","title":{"rendered":"VELO Shift Hot Spearmint"},"content":{"rendered":"<p data-start=\"401\" data-end=\"770\">VELO <strong data-start=\"406\" data-end=\"429\">Shift Hot Spearmint<\/strong> i <strong data-start=\"433\" data-end=\"441\">Slim<\/strong> er en hvid nikotinpose fra BAT med klart spearmint-smag. Produktet indeholder nikotin men er tobaksfrit og klassificeret som st\u00e6rkt. Poserne er lavet af plantebasserede fibre og designet med afrundede kanter for en behagelig pasform under l\u00e6ben. Designet af sekskantd\u00e5sen er karakteristisk for VELO Shift-serien. Hver pose indeholder <strong data-start=\"792\" data-end=\"800\">8 mg<\/strong> nikotin (nikotinstyrke 11,4 mg\/g), og <strong data-start=\"852\" data-end=\"860\">Slim<\/strong> format giver en diskret og smal pasform.<\/p>\n<table>\n<tbody>\n<tr>\n<td><b>Attribute<\/b><\/td>\n<td><b>Detaljer<\/b><\/td>\n<\/tr>\n<tr>\n<td><span style=\"font-weight: 400;\">M\u00e6rke<\/span><\/td>\n<td><span style=\"font-weight: 400;\">VELO<\/span><\/td>\n<\/tr>\n<tr>\n<td><span style=\"font-weight: 400;\">Produkttype<\/span><\/td>\n<td><span style=\"font-weight: 400;\">Alt hvide nikotinposer<\/span><\/td>\n<\/tr>\n<tr>\n<td><span style=\"font-weight: 400;\">Format<\/span><\/td>\n<td><span style=\"font-weight: 400;\">Slim<\/span><\/td>\n<\/tr>\n<tr>\n<td><span style=\"font-weight: 400;\">Smag<\/span><\/td>\n<td><span style=\"font-weight: 400;\">Spearmint<\/span><\/td>\n<\/tr>\n<tr>\n<td><span style=\"font-weight: 400;\">Nikotinstyrke<\/span><\/td>\n<td><span style=\"font-weight: 400;\">11,4 mg\/g (8 mg pr. pude)<\/span><\/td>\n<\/tr>\n<tr>\n<td><span style=\"font-weight: 400;\">Portionsv\u00e6gt<\/span><\/td>\n<td><span style=\"font-weight: 400;\">0,7 gram<\/span><\/td>\n<\/tr>\n<tr>\n<td><span style=\"font-weight: 400;\">Antal portioner<\/span><\/td>\n<td><span style=\"font-weight: 400;\">20 pr. d\u00e5se<\/span><\/td>\n<\/tr>\n<tr>\n<td><span style=\"font-weight: 400;\">Samlet d\u00e5sev\u00e6gt<\/span><\/td>\n<td><span style=\"font-weight: 400;\">14 gram<\/span><\/td>\n<\/tr>\n<tr>\n<td><span style=\"font-weight: 400;\">Producent<\/span><\/td>\n<td><span style=\"font-weight: 400;\">BAT<\/span><\/td>\n<\/tr>\n<tr>\n<td><span style=\"font-weight: 400;\">Bem\u00e6rkelsesv\u00e6rdige funktioner<\/span><\/td>\n<td><span style=\"font-weight: 400;\">Tobaksfrit, diskrete slanke portioner, afbalanceret smag profil<\/span><\/td>\n<\/tr>\n<\/tbody>\n<\/table>\n<h2 data-start=\"910\" data-end=\"923\">Funktioner<\/h2>\n<ul data-start=\"924\" data-end=\"1127\">\n<li data-start=\"924\" data-end=\"951\">\n<p data-start=\"926\" data-end=\"951\">Smag af <strong data-start=\"936\" data-end=\"949\">gr\u00f8n mynte<\/strong><\/p>\n<\/li>\n<li data-start=\"952\" data-end=\"990\">\n<p data-start=\"954\" data-end=\"990\"><strong data-start=\"954\" data-end=\"962\">Slim<\/strong> format med afrundede kanter<\/p>\n<\/li>\n<li data-start=\"991\" data-end=\"1060\">\n<p data-start=\"993\" data-end=\"1060\">Tobaksfri hvid pude med st\u00e6rk nikotinstyrke (<strong data-start=\"1049\" data-end=\"1057\">8 mg<\/strong>)<\/p>\n<\/li>\n<li data-start=\"1061\" data-end=\"1103\">\n<p data-start=\"1063\" data-end=\"1103\">Sekskantede d\u00e5se og plantebasseret materiale<\/p>\n<\/li>\n<li data-start=\"1104\" data-end=\"1127\">\n<p data-start=\"1106\" data-end=\"1127\">Fremstillet af BAT<\/p>\n<\/li>\n<\/ul>","protected":false},"excerpt":{"rendered":"<p>VELO <strong data-start=\"184\" data-end=\"207\">Shift Hot Spearmint<\/strong> i <strong data-start=\"211\" data-end=\"219\">Slim<\/strong> er en tobaksfri hvid pose med spearmint-smag. Hver pose indeholder <strong data-start=\"295\" data-end=\"303\">8 mg<\/strong> nikotin og kommer i en sekskantbeholder med afrundede portioner.<\/p>","protected":false},"featured_media":32545,"comment_status":"open","ping_status":"closed","template":"","format":[206],"meta":{"_acf_changed":false},"product_brand":[],"product_cat":[48],"product_tag":[16583],"flavours":[199],"nicotine":[208,236],"class_list":{"0":"post-32540","1":"product","2":"type-product","3":"status-publish","4":"has-post-thumbnail","6":"product_cat-velo","7":"product_tag-8-mg-pouch","8":"pa_quantity-1-pack","9":"pa_quantity-10-pack","10":"pa_quantity-3-pack","11":"pa_quantity-30-pack","12":"pa_quantity-5-pack","13":"pa_quantity-60-pack","14":"flavours-mint","15":"format-slim","16":"nicotine-11-mg-g","17":"nicotine-strong","19":"first","20":"instock","21":"taxable","22":"shipping-taxable","23":"purchasable","24":"product-type-variable"},"acf":[],"_links":{"self":[{"href":"https:\/\/whitelip.com\/da\/wp-json\/wp\/v2\/product\/32540","targetHints":{"allow":["GET"]}}],"collection":[{"href":"https:\/\/whitelip.com\/da\/wp-json\/wp\/v2\/product"}],"about":[{"href":"https:\/\/whitelip.com\/da\/wp-json\/wp\/v2\/types\/product"}],"replies":[{"embeddable":true,"href":"https:\/\/whitelip.com\/da\/wp-json\/wp\/v2\/comments?post=32540"}],"wp:featuredmedia":[{"embeddable":true,"href":"https:\/\/whitelip.com\/da\/wp-json\/wp\/v2\/media\/32545"}],"wp:attachment":[{"href":"https:\/\/whitelip.com\/da\/wp-json\/wp\/v2\/media?parent=32540"}],"wp:term":[{"taxonomy":"product_brand","embeddable":true,"href":"https:\/\/whitelip.com\/da\/wp-json\/wp\/v2\/product_brand?post=32540"},{"taxonomy":"product_cat","embeddable":true,"href":"https:\/\/whitelip.com\/da\/wp-json\/wp\/v2\/product_cat?post=32540"},{"taxonomy":"product_tag","embeddable":true,"href":"https:\/\/whitelip.com\/da\/wp-json\/wp\/v2\/product_tag?post=32540"},{"taxonomy":"flavours","embeddable":true,"href":"https:\/\/whitelip.com\/da\/wp-json\/wp\/v2\/flavours?post=32540"},{"taxonomy":"format","embeddable":true,"href":"https:\/\/whitelip.com\/da\/wp-json\/wp\/v2\/format?post=32540"},{"taxonomy":"nicotine","embeddable":true,"href":"https:\/\/whitelip.com\/da\/wp-json\/wp\/v2\/nicotine?post=32540"}],"curies":[{"name":"wp","href":"https:\/\/api.w.org\/{rel}","templated":true}]}}