{"id":30041,"date":"2025-10-09T13:31:42","date_gmt":"2025-10-09T13:31:42","guid":{"rendered":"https:\/\/whitelip.com\/?post_type=product&#038;p=30041"},"modified":"2026-05-09T13:26:25","modified_gmt":"2026-05-09T13:26:25","slug":"zyn-red-berry-fizz-11mg","status":"publish","type":"product","link":"https:\/\/whitelip.com\/da\/zyn\/zyn-red-berry-fizz-11mg\/","title":{"rendered":"ZYN Red Berry Fizz 11mg"},"content":{"rendered":"<h2>ZYN Red Berry Fizz 11mg<\/h2>\n<p><span style=\"font-weight: 400;\">ZYN Red Berry Fizz 11mg tilbyder en <\/span><b>rig og s\u00f8dt r\u00f8dt b\u00e6r-smag med antydninger af citrus<\/b><span style=\"font-weight: 400;\">, leverer en glat og tilfredsstillende nikotinoplevelse med hver pouch. Den dybe, frugtede smag af modne r\u00f8de b\u00e6r er perfekt afbalanceret med subtil syrlighed, hvilket skaber en smagfuld og opfriskende oplevelse. Hver slim, helt hvid pouch indeholder <\/span><b>11 mg nikotin<\/b><span style=\"font-weight: 400;\">, hvilket giver en intens og stabil frigivelse, ideel for dem, der s\u00f8ger en h\u00f8j nikotinoption.<\/span><\/p>\n<p><span style=\"font-weight: 400;\">Det slanke format sikrer en diskret og komfortabel pasform under l\u00e6ben, hvilket tillader ren, pletfri brug p\u00e5 ethvert tidspunkt. Fremstillet helt tobaksfrit og lavet af materialer af h\u00f8j kvalitet, ZYN Red Berry Fizz 11mg tilbyder et moderne og behageligt nikotinalternativ med en vibrant r\u00f8dt b\u00e6r-smag.<\/span><\/p>\n<table>\n<tbody>\n<tr>\n<td><b>Attribute<\/b><\/td>\n<td><b>Detaljer<\/b><\/td>\n<\/tr>\n<tr>\n<td><b>M\u00e6rke<\/b><\/td>\n<td><span style=\"font-weight: 400;\">ZYN<\/span><\/td>\n<\/tr>\n<tr>\n<td><b>Produkttype<\/b><\/td>\n<td><span style=\"font-weight: 400;\">Alt hvide nikotinposer<\/span><\/td>\n<\/tr>\n<tr>\n<td><b>Format<\/b><\/td>\n<td><span style=\"font-weight: 400;\">Slim<\/span><\/td>\n<\/tr>\n<tr>\n<td><b>Smag<\/b><\/td>\n<td><span style=\"font-weight: 400;\">R\u00f8de b\u00e6r og citrus<\/span><\/td>\n<\/tr>\n<tr>\n<td><b>Nikotinstyrke<\/b><\/td>\n<td><span style=\"font-weight: 400;\">11 mg pr. pude<\/span><\/td>\n<\/tr>\n<tr>\n<td><b>Portionsv\u00e6gt<\/b><\/td>\n<td><span style=\"font-weight: 400;\">0,7 gram<\/span><\/td>\n<\/tr>\n<tr>\n<td><b>Antal portioner<\/b><\/td>\n<td><span style=\"font-weight: 400;\">21 pr. boks<\/span><\/td>\n<\/tr>\n<tr>\n<td><b>Samlet d\u00e5sev\u00e6gt<\/b><\/td>\n<td><span style=\"font-weight: 400;\">14,3 gram<\/span><\/td>\n<\/tr>\n<tr>\n<td><b>Producent<\/b><\/td>\n<td><span style=\"font-weight: 400;\">Swedish Match<\/span><\/td>\n<\/tr>\n<tr>\n<td><b>Bem\u00e6rkelsesv\u00e6rdige funktioner<\/b><\/td>\n<td><span style=\"font-weight: 400;\">Tobaksfrit, slim format, s\u00f8dt og syrligt sort kirseb\u00e6r smag<\/span><\/td>\n<\/tr>\n<\/tbody>\n<\/table>","protected":false},"excerpt":{"rendered":"<p>ZYN <strong data-start=\"4\" data-end=\"22\">Red Berry Fizz<\/strong> <strong data-start=\"23\" data-end=\"31\">slim<\/strong> leverer rige, s\u00f8de r\u00f8de b\u00e6r med subtil citrus for en glat, opfriskende profil. Det <strong data-start=\"122\" data-end=\"130\">slim<\/strong>helt hvide poser er diskrete og komfortable. Hver pose indeholder <strong data-start=\"200\" data-end=\"218\">11 mg nikotin<\/strong> for en intens, stabil frigivelse egnet til h\u00f8j-nikotin-brugere.<\/p>","protected":false},"featured_media":30046,"comment_status":"open","ping_status":"closed","template":"","format":[206],"meta":{"_acf_changed":false},"product_brand":[],"product_cat":[37],"product_tag":[16551],"flavours":[196],"nicotine":[213,232],"class_list":{"0":"post-30041","1":"product","2":"type-product","3":"status-publish","4":"has-post-thumbnail","6":"product_cat-zyn","7":"product_tag-11-mg-pouch","8":"pa_quantity-1-pack","9":"pa_quantity-10-pack","10":"pa_quantity-3-pack","11":"pa_quantity-30-pack","12":"pa_quantity-5-pack","13":"pa_quantity-60-pack","14":"flavours-fruits-berries","15":"format-slim","16":"nicotine-16-mg-g","17":"nicotine-extra-strong","19":"first","20":"instock","21":"taxable","22":"shipping-taxable","23":"purchasable","24":"product-type-variable"},"acf":[],"_links":{"self":[{"href":"https:\/\/whitelip.com\/da\/wp-json\/wp\/v2\/product\/30041","targetHints":{"allow":["GET"]}}],"collection":[{"href":"https:\/\/whitelip.com\/da\/wp-json\/wp\/v2\/product"}],"about":[{"href":"https:\/\/whitelip.com\/da\/wp-json\/wp\/v2\/types\/product"}],"replies":[{"embeddable":true,"href":"https:\/\/whitelip.com\/da\/wp-json\/wp\/v2\/comments?post=30041"}],"wp:featuredmedia":[{"embeddable":true,"href":"https:\/\/whitelip.com\/da\/wp-json\/wp\/v2\/media\/30046"}],"wp:attachment":[{"href":"https:\/\/whitelip.com\/da\/wp-json\/wp\/v2\/media?parent=30041"}],"wp:term":[{"taxonomy":"product_brand","embeddable":true,"href":"https:\/\/whitelip.com\/da\/wp-json\/wp\/v2\/product_brand?post=30041"},{"taxonomy":"product_cat","embeddable":true,"href":"https:\/\/whitelip.com\/da\/wp-json\/wp\/v2\/product_cat?post=30041"},{"taxonomy":"product_tag","embeddable":true,"href":"https:\/\/whitelip.com\/da\/wp-json\/wp\/v2\/product_tag?post=30041"},{"taxonomy":"flavours","embeddable":true,"href":"https:\/\/whitelip.com\/da\/wp-json\/wp\/v2\/flavours?post=30041"},{"taxonomy":"format","embeddable":true,"href":"https:\/\/whitelip.com\/da\/wp-json\/wp\/v2\/format?post=30041"},{"taxonomy":"nicotine","embeddable":true,"href":"https:\/\/whitelip.com\/da\/wp-json\/wp\/v2\/nicotine?post=30041"}],"curies":[{"name":"wp","href":"https:\/\/api.w.org\/{rel}","templated":true}]}}