{"id":29005,"date":"2025-10-01T14:09:53","date_gmt":"2025-10-01T14:09:53","guid":{"rendered":"https:\/\/whitelip.com\/?post_type=product&#038;p=29005"},"modified":"2026-05-07T10:11:38","modified_gmt":"2026-05-07T10:11:38","slug":"fumi-minty-blueberry-strong","status":"publish","type":"product","link":"https:\/\/whitelip.com\/da\/fumi\/fumi-minty-blueberry-strong\/","title":{"rendered":"FUMI Minty Blueberry Strong"},"content":{"rendered":"<h2><b>FUMI Minty Blueberry Strong<\/b><\/h2>\n<p><span style=\"font-weight: 400;\">FUMI Minty Blueberry Strong leverer en forfriskende fusion af s\u00f8de, saftige bl\u00e5b\u00e6r og spr\u00f8d mint for en k\u00f8lings- og frugtig nikotinoplevelse. Disse slim nikotinpouches er perfekte for brugere, der nyder en afbalanceret blanding af frugtigbed og friskhed med en nikotinstyrke p\u00e5 8 mg pr. pouch. Designet til diskret og komfortabel brug passer FUMI Minty Blueberry Strong s\u00f8ml\u00f8st under l\u00e6ben, hvilket g\u00f8r det nemt at nyde p\u00e5 farten.\u00a0<\/span><\/p>\n<table>\n<tbody>\n<tr>\n<td><b>Attribute<\/b><\/td>\n<td><b>Detaljer<\/b><\/td>\n<\/tr>\n<tr>\n<td><span style=\"font-weight: 400;\">Indhold pr. D\u00e5se<\/span><\/td>\n<td><span style=\"font-weight: 400;\">14g (20 poser)<\/span><\/td>\n<\/tr>\n<tr>\n<td><span style=\"font-weight: 400;\">Nikotin Indhold<\/span><\/td>\n<td><span style=\"font-weight: 400;\">11 mg\/g<\/span><\/td>\n<\/tr>\n<tr>\n<td><span style=\"font-weight: 400;\">Pouch Format<\/span><\/td>\n<td><span style=\"font-weight: 400;\">Slim<\/span><\/td>\n<\/tr>\n<tr>\n<td><span style=\"font-weight: 400;\">Producent<\/span><\/td>\n<td><span style=\"font-weight: 400;\">FUMI<\/span><\/td>\n<\/tr>\n<tr>\n<td><span style=\"font-weight: 400;\">Smag<\/span><\/td>\n<td><span style=\"font-weight: 400;\">Bl\u00e5b\u00e6r &amp; Mint (Minty Blueberry)<\/span><\/td>\n<\/tr>\n<tr>\n<td><span style=\"font-weight: 400;\">Type<\/span><\/td>\n<td><span style=\"font-weight: 400;\">Alt hvid pouch, Tobaksri<\/span><\/td>\n<\/tr>\n<\/tbody>\n<\/table>","protected":false},"excerpt":{"rendered":"<p>S\u00f8d, saftig <strong>bl\u00e5b\u00e6r<\/strong> m\u00f8des med spr\u00f8d mint for et k\u00f8ligt, frugtigt kick. Den <strong>slim<\/strong>, diskret pasform sidder komfortabelt under l\u00e6ben, ideel n\u00e5r du er p\u00e5 farten. Hver pouch leverer <strong data-start=\"211\" data-end=\"228\">8 mg nikotin<\/strong> for en afbalanceret, st\u00e6rk oplevelse med en moderne <strong>mint-b\u00e6r<\/strong> profil.<\/p>","protected":false},"featured_media":29009,"comment_status":"open","ping_status":"closed","template":"","format":[206],"meta":{"_acf_changed":false},"product_brand":[],"product_cat":[245],"product_tag":[16583],"flavours":[199,196],"nicotine":[208,236],"class_list":{"0":"post-29005","1":"product","2":"type-product","3":"status-publish","4":"has-post-thumbnail","6":"product_cat-fumi","7":"product_tag-8-mg-pouch","8":"pa_quantity-1-pack","9":"pa_quantity-10-pack","10":"pa_quantity-3-pack","11":"pa_quantity-30-pack","12":"pa_quantity-5-pack","13":"pa_quantity-60-pack","14":"flavours-mint","15":"flavours-fruits-berries","16":"format-slim","17":"nicotine-11-mg-g","18":"nicotine-strong","20":"first","21":"instock","22":"taxable","23":"shipping-taxable","24":"purchasable","25":"product-type-variable"},"acf":[],"_links":{"self":[{"href":"https:\/\/whitelip.com\/da\/wp-json\/wp\/v2\/product\/29005","targetHints":{"allow":["GET"]}}],"collection":[{"href":"https:\/\/whitelip.com\/da\/wp-json\/wp\/v2\/product"}],"about":[{"href":"https:\/\/whitelip.com\/da\/wp-json\/wp\/v2\/types\/product"}],"replies":[{"embeddable":true,"href":"https:\/\/whitelip.com\/da\/wp-json\/wp\/v2\/comments?post=29005"}],"wp:featuredmedia":[{"embeddable":true,"href":"https:\/\/whitelip.com\/da\/wp-json\/wp\/v2\/media\/29009"}],"wp:attachment":[{"href":"https:\/\/whitelip.com\/da\/wp-json\/wp\/v2\/media?parent=29005"}],"wp:term":[{"taxonomy":"product_brand","embeddable":true,"href":"https:\/\/whitelip.com\/da\/wp-json\/wp\/v2\/product_brand?post=29005"},{"taxonomy":"product_cat","embeddable":true,"href":"https:\/\/whitelip.com\/da\/wp-json\/wp\/v2\/product_cat?post=29005"},{"taxonomy":"product_tag","embeddable":true,"href":"https:\/\/whitelip.com\/da\/wp-json\/wp\/v2\/product_tag?post=29005"},{"taxonomy":"flavours","embeddable":true,"href":"https:\/\/whitelip.com\/da\/wp-json\/wp\/v2\/flavours?post=29005"},{"taxonomy":"format","embeddable":true,"href":"https:\/\/whitelip.com\/da\/wp-json\/wp\/v2\/format?post=29005"},{"taxonomy":"nicotine","embeddable":true,"href":"https:\/\/whitelip.com\/da\/wp-json\/wp\/v2\/nicotine?post=29005"}],"curies":[{"name":"wp","href":"https:\/\/api.w.org\/{rel}","templated":true}]}}