{"id":28866,"date":"2025-09-30T15:25:05","date_gmt":"2025-09-30T15:25:05","guid":{"rendered":"https:\/\/whitelip.com\/?post_type=product&#038;p=28866"},"modified":"2026-05-09T10:11:14","modified_gmt":"2026-05-09T10:11:14","slug":"xqs-fizzy-peach-strong","status":"publish","type":"product","link":"https:\/\/whitelip.com\/da\/xqs\/xqs-fizzy-peach-strong\/","title":{"rendered":"XQS Brusende Fersken St\u00e6rk"},"content":{"rendered":"<h2><strong>XQS Brusende Fersken St\u00e6rk<\/strong><\/h2>\n<p>XQS Fizzy Peach Strong er en helt hvid nikotinpose med smagen af fizzy fersken. Poserne kommer i et slim format med en nikotinstyrke p\u00e5 16 mg\/g.<\/p>\n<ul>\n<li>Smag: Fersken<\/li>\n<li>Format: Slankt<\/li>\n<li>Nikotin: 16 mg\/g<\/li>\n<li>Poser: 20 stk.<\/li>\n<li>V\u00e6gt: 10 g<\/li>\n<li>Brand: <a href=\"https:\/\/whitelip.se\/en\/xqs\/\" target=\"_blank\" rel=\"noopener\">XQS<\/a><\/li>\n<li>Producent: <a href=\"https:\/\/www.st-group.com\/\" target=\"_blank\" rel=\"noopener\">Insurgent Ventures II<\/a><\/li>\n<\/ul>\n<p><em><strong>Om m\u00e6rket: XQS<\/strong><\/em><\/p>\n<p>Udforsk en verden af smag og bekvemmelighed med XQS nikotinposer \u2013 et sortiment, der tilbyder fremragende smagsvariation og diskrethed. Med forskellige sp\u00e6ndende smage og nikotinstyrker tilg\u00e6ngelige tilbyder XQS en bekvem og stilfuld l\u00f8sning til at opfylde dine nikotinbehov. Oplev ogs\u00e5 den ekstra naturlighed af XQS \u2013 deres piller er naturligt farvede for en autentisk og behagelig nikotinoplevelse. Udforsk det omfattende sortiment af XQS nikotinposer og find dine favoritter for en behagelig og tilpasset nikotinoplevelse til din bekvemmelighed.<\/p>","protected":false},"excerpt":{"rendered":"<p>XQS<strong> Fizzy Peach<\/strong> Strong er en helt hvid nikotinpose med smagen af fizzy fersken. Poserne kommer i et <strong>slim<\/strong> format med en nikotinstyrke p\u00e5 <strong>16 mg\/g.<\/strong><\/p>","protected":false},"featured_media":84312,"comment_status":"open","ping_status":"closed","template":"","format":[206],"meta":{"_acf_changed":false},"product_brand":[],"product_cat":[27],"product_tag":[16583],"flavours":[196],"nicotine":[213,232],"class_list":{"0":"post-28866","1":"product","2":"type-product","3":"status-publish","4":"has-post-thumbnail","6":"product_cat-xqs","7":"product_tag-8-mg-pouch","8":"pa_quantity-1-pack","9":"pa_quantity-10-pack","10":"pa_quantity-3-pack","11":"pa_quantity-30-pack","12":"pa_quantity-5-pack","13":"pa_quantity-60-pack","14":"flavours-fruits-berries","15":"format-slim","16":"nicotine-16-mg-g","17":"nicotine-extra-strong","19":"first","20":"instock","21":"taxable","22":"shipping-taxable","23":"purchasable","24":"product-type-variable","25":"has-default-attributes"},"acf":[],"_links":{"self":[{"href":"https:\/\/whitelip.com\/da\/wp-json\/wp\/v2\/product\/28866","targetHints":{"allow":["GET"]}}],"collection":[{"href":"https:\/\/whitelip.com\/da\/wp-json\/wp\/v2\/product"}],"about":[{"href":"https:\/\/whitelip.com\/da\/wp-json\/wp\/v2\/types\/product"}],"replies":[{"embeddable":true,"href":"https:\/\/whitelip.com\/da\/wp-json\/wp\/v2\/comments?post=28866"}],"wp:featuredmedia":[{"embeddable":true,"href":"https:\/\/whitelip.com\/da\/wp-json\/wp\/v2\/media\/84312"}],"wp:attachment":[{"href":"https:\/\/whitelip.com\/da\/wp-json\/wp\/v2\/media?parent=28866"}],"wp:term":[{"taxonomy":"product_brand","embeddable":true,"href":"https:\/\/whitelip.com\/da\/wp-json\/wp\/v2\/product_brand?post=28866"},{"taxonomy":"product_cat","embeddable":true,"href":"https:\/\/whitelip.com\/da\/wp-json\/wp\/v2\/product_cat?post=28866"},{"taxonomy":"product_tag","embeddable":true,"href":"https:\/\/whitelip.com\/da\/wp-json\/wp\/v2\/product_tag?post=28866"},{"taxonomy":"flavours","embeddable":true,"href":"https:\/\/whitelip.com\/da\/wp-json\/wp\/v2\/flavours?post=28866"},{"taxonomy":"format","embeddable":true,"href":"https:\/\/whitelip.com\/da\/wp-json\/wp\/v2\/format?post=28866"},{"taxonomy":"nicotine","embeddable":true,"href":"https:\/\/whitelip.com\/da\/wp-json\/wp\/v2\/nicotine?post=28866"}],"curies":[{"name":"wp","href":"https:\/\/api.w.org\/{rel}","templated":true}]}}