{"id":28860,"date":"2025-09-30T15:25:06","date_gmt":"2025-09-30T15:25:06","guid":{"rendered":"https:\/\/whitelip.com\/?post_type=product&#038;p=28860"},"modified":"2026-04-23T10:11:26","modified_gmt":"2026-04-23T10:11:26","slug":"xqs-dark-banana-strong","status":"publish","type":"product","link":"https:\/\/whitelip.com\/da\/xqs\/xqs-dark-banana-strong\/","title":{"rendered":"XQS M\u00f8rk Banan St\u00e6rk"},"content":{"rendered":"<h2><strong>XQS M\u00f8rk Banan St\u00e6rk<\/strong><\/h2>\n<p>XQS Dark Banana Strong er en helt hvid nikotinpouch med smagen af m\u00f8rk chokolade og banan. Poserne kommer i et slim format med en nikotinstyrke p\u00e5 16 mg\/g.<\/p>\n<ul>\n<li>Smag: M\u00f8rk chokolade og banan<\/li>\n<li>Format: Slankt<\/li>\n<li>Nikotin: 16 mg\/g<\/li>\n<li>Poser: 20 stk.<\/li>\n<li>V\u00e6gt: 10 g<\/li>\n<li>Brand: <a href=\"https:\/\/whitelip.se\/en\/xqs\/\" target=\"_blank\" rel=\"noopener\">XQS<\/a><\/li>\n<li>Producent: <a href=\"https:\/\/www.st-group.com\/\" target=\"_blank\" rel=\"noopener\">Insurgent Ventures II<\/a><\/li>\n<\/ul>\n<p><em><strong>Om m\u00e6rket: XQS<\/strong><\/em><\/p>\n<p>Udforsk en verden af smag og bekvemmelighed med XQS nikotinposer \u2013 et sortiment, der tilbyder fremragende smagsvariation og diskrethed. Med forskellige sp\u00e6ndende smage og nikotinstyrker tilg\u00e6ngelige tilbyder XQS en bekvem og stilfuld l\u00f8sning til at opfylde dine nikotinbehov. Oplev ogs\u00e5 den ekstra naturlighed af XQS \u2013 deres piller er naturligt farvede for en autentisk og behagelig nikotinoplevelse. Udforsk det omfattende sortiment af XQS nikotinposer og find dine favoritter for en behagelig og tilpasset nikotinoplevelse til din bekvemmelighed.<\/p>","protected":false},"excerpt":{"rendered":"<p>XQS <strong data-start=\"4\" data-end=\"19\">Dark Banana<\/strong> <strong data-start=\"20\" data-end=\"30\">St\u00e6rk<\/strong> leverer m\u00f8rk chokolade og banan i en helt hvid profil. De <strong data-start=\"95\" data-end=\"103\">slim<\/strong> pouches er diskrete og komfortable. Nikotinstyrke: <strong>16 mg\/g.<\/strong><\/p>","protected":false},"featured_media":84311,"comment_status":"open","ping_status":"closed","template":"","format":[206],"meta":{"_acf_changed":false},"product_brand":[],"product_cat":[27],"product_tag":[16583],"flavours":[188,196],"nicotine":[213,232],"class_list":{"0":"post-28860","1":"product","2":"type-product","3":"status-publish","4":"has-post-thumbnail","6":"product_cat-xqs","7":"product_tag-8-mg-pouch","8":"pa_quantity-1-pack","9":"pa_quantity-10-pack","10":"pa_quantity-3-pack","11":"pa_quantity-30-pack","12":"pa_quantity-5-pack","13":"pa_quantity-60-pack","14":"flavours-chocolate","15":"flavours-fruits-berries","16":"format-slim","17":"nicotine-16-mg-g","18":"nicotine-extra-strong","20":"first","21":"instock","22":"taxable","23":"shipping-taxable","24":"purchasable","25":"product-type-variable","26":"has-default-attributes"},"acf":[],"_links":{"self":[{"href":"https:\/\/whitelip.com\/da\/wp-json\/wp\/v2\/product\/28860","targetHints":{"allow":["GET"]}}],"collection":[{"href":"https:\/\/whitelip.com\/da\/wp-json\/wp\/v2\/product"}],"about":[{"href":"https:\/\/whitelip.com\/da\/wp-json\/wp\/v2\/types\/product"}],"replies":[{"embeddable":true,"href":"https:\/\/whitelip.com\/da\/wp-json\/wp\/v2\/comments?post=28860"}],"wp:featuredmedia":[{"embeddable":true,"href":"https:\/\/whitelip.com\/da\/wp-json\/wp\/v2\/media\/84311"}],"wp:attachment":[{"href":"https:\/\/whitelip.com\/da\/wp-json\/wp\/v2\/media?parent=28860"}],"wp:term":[{"taxonomy":"product_brand","embeddable":true,"href":"https:\/\/whitelip.com\/da\/wp-json\/wp\/v2\/product_brand?post=28860"},{"taxonomy":"product_cat","embeddable":true,"href":"https:\/\/whitelip.com\/da\/wp-json\/wp\/v2\/product_cat?post=28860"},{"taxonomy":"product_tag","embeddable":true,"href":"https:\/\/whitelip.com\/da\/wp-json\/wp\/v2\/product_tag?post=28860"},{"taxonomy":"flavours","embeddable":true,"href":"https:\/\/whitelip.com\/da\/wp-json\/wp\/v2\/flavours?post=28860"},{"taxonomy":"format","embeddable":true,"href":"https:\/\/whitelip.com\/da\/wp-json\/wp\/v2\/format?post=28860"},{"taxonomy":"nicotine","embeddable":true,"href":"https:\/\/whitelip.com\/da\/wp-json\/wp\/v2\/nicotine?post=28860"}],"curies":[{"name":"wp","href":"https:\/\/api.w.org\/{rel}","templated":true}]}}