{"id":28739,"date":"2025-09-29T13:47:39","date_gmt":"2025-09-29T13:47:39","guid":{"rendered":"https:\/\/whitelip.com\/?post_type=product&#038;p=28739"},"modified":"2026-04-18T12:26:05","modified_gmt":"2026-04-18T12:26:05","slug":"whitelip-can-dispenser","status":"publish","type":"product","link":"https:\/\/whitelip.com\/da\/merch\/whitelip-can-dispenser\/","title":{"rendered":"Whitelip d\u00e5sedispenser"},"content":{"rendered":"<p data-start=\"0\" data-end=\"54\"><strong>L\u00f8ft dit rum med Whitelip d\u00e5sedispenseren<\/strong><\/p>\n<p data-start=\"56\" data-end=\"271\">Opdag den ultimative opbevaringl\u00f8sning, der kombinerer sofistikeret design med daglig funktionalitet. Whitelip d\u00e5sedispenseren er designet til at bringe orden og stil til dine bordplader, under dem eller i k\u00f8leskabet.<\/p>\n<p data-start=\"273\" data-end=\"296\"><strong data-start=\"273\" data-end=\"294\">Vigtige funktioner:<\/strong><\/p>\n<ul data-start=\"298\" data-end=\"749\">\n<li data-start=\"298\" data-end=\"412\">\n<p data-start=\"300\" data-end=\"412\"><strong data-start=\"300\" data-end=\"319\">Moderne \u00e6stetik:<\/strong> Et glat glanset sort finish og det ikoniske Whitelip-logo skaber et elegant indtryk.<\/p>\n<\/li>\n<li data-start=\"413\" data-end=\"514\">\n<p data-start=\"415\" data-end=\"514\"><strong data-start=\"415\" data-end=\"439\">Beskyttet og forseglet:<\/strong> Det fuldt lukket design holder d\u00e5ser st\u00f8vfrie og p\u00e6nt stablet.<\/p>\n<\/li>\n<li data-start=\"515\" data-end=\"634\">\n<p data-start=\"517\" data-end=\"634\"><strong data-start=\"517\" data-end=\"536\">Let adgang:<\/strong> En push-mekanisme leverer \u00e9n d\u00e5se ad gangen gennem den gennemsigtige frontdispenser.<\/p>\n<\/li>\n<li data-start=\"635\" data-end=\"749\">\n<p data-start=\"637\" data-end=\"749\"><strong data-start=\"637\" data-end=\"662\">Robust konstruktion:<\/strong> H\u00e5ndlavet af h\u00f8j kvalitets akryl for en stabil og langvarig opbevaringl\u00f8sning.<\/p>\n<\/li>\n<\/ul>","protected":false},"excerpt":{"rendered":"<p>Hold dine d\u00e5ser organiseret og klar med Whitelip d\u00e5sedispenseren. Det minimalistiske glanset sort design passer perfekt ind i ethvert moderne k\u00f8kken, kontor eller underholdningsplads. Beholderen h\u00e5ndlavede holder dine d\u00e5ser rene, mens den frontvendte dispenser sikrer, at n\u00e6ste d\u00e5se altid er inden for r\u00e6kkevidde.<\/p>","protected":false},"featured_media":28740,"comment_status":"open","ping_status":"closed","template":"","format":[],"meta":{"_acf_changed":false},"product_brand":[],"product_cat":[81],"product_tag":[],"flavours":[],"nicotine":[],"class_list":{"0":"post-28739","1":"product","2":"type-product","3":"status-publish","4":"has-post-thumbnail","6":"product_cat-merch","7":"pa_quantity-1-pack","9":"first","10":"instock","11":"taxable","12":"shipping-taxable","13":"purchasable","14":"product-type-variable","15":"has-default-attributes"},"acf":[],"_links":{"self":[{"href":"https:\/\/whitelip.com\/da\/wp-json\/wp\/v2\/product\/28739","targetHints":{"allow":["GET"]}}],"collection":[{"href":"https:\/\/whitelip.com\/da\/wp-json\/wp\/v2\/product"}],"about":[{"href":"https:\/\/whitelip.com\/da\/wp-json\/wp\/v2\/types\/product"}],"replies":[{"embeddable":true,"href":"https:\/\/whitelip.com\/da\/wp-json\/wp\/v2\/comments?post=28739"}],"wp:featuredmedia":[{"embeddable":true,"href":"https:\/\/whitelip.com\/da\/wp-json\/wp\/v2\/media\/28740"}],"wp:attachment":[{"href":"https:\/\/whitelip.com\/da\/wp-json\/wp\/v2\/media?parent=28739"}],"wp:term":[{"taxonomy":"product_brand","embeddable":true,"href":"https:\/\/whitelip.com\/da\/wp-json\/wp\/v2\/product_brand?post=28739"},{"taxonomy":"product_cat","embeddable":true,"href":"https:\/\/whitelip.com\/da\/wp-json\/wp\/v2\/product_cat?post=28739"},{"taxonomy":"product_tag","embeddable":true,"href":"https:\/\/whitelip.com\/da\/wp-json\/wp\/v2\/product_tag?post=28739"},{"taxonomy":"flavours","embeddable":true,"href":"https:\/\/whitelip.com\/da\/wp-json\/wp\/v2\/flavours?post=28739"},{"taxonomy":"format","embeddable":true,"href":"https:\/\/whitelip.com\/da\/wp-json\/wp\/v2\/format?post=28739"},{"taxonomy":"nicotine","embeddable":true,"href":"https:\/\/whitelip.com\/da\/wp-json\/wp\/v2\/nicotine?post=28739"}],"curies":[{"name":"wp","href":"https:\/\/api.w.org\/{rel}","templated":true}]}}