{"id":28727,"date":"2025-10-01T09:30:20","date_gmt":"2025-10-01T09:30:20","guid":{"rendered":"https:\/\/whitelip.com\/?post_type=product&#038;p=28727"},"modified":"2026-04-19T04:23:06","modified_gmt":"2026-04-19T04:23:06","slug":"greatest-arctic-edition","status":"publish","type":"product","link":"https:\/\/whitelip.com\/da\/greatest\/greatest-arctic-edition\/","title":{"rendered":"GREATEST Arctic Edition"},"content":{"rendered":"<h2><b>GREATEST Arctic Edition<\/b><\/h2>\n<p><span style=\"font-weight: 400;\">GREATEST Arctic Edition nikotinposer tilbyder en isig og invigorerende mintsmag med en ekstra-k\u00f8lig effekt for en forfriskende nikotinoplevelse. Med en nikotinstyrke p\u00e5 16 mg pr. gram, svarende til cirka 12 mg pr. poulse, leverer disse slim-format poser et st\u00e6rkt slag ideelt for erfarne brugere. Hver d\u00e5se indeholder 20 helt hvide poser designet til diskret og komfortabel brug uden at plette t\u00e6nder. Produceret af Puff &amp; Pouch, en finsk producent kendt for sin innovative tilgang og konsistente kvalitet, GREATEST Arctic Edition er h\u00e5ndv\u00e6rket for at tilfredsstille dem, der nyder dristige mintsmag med maksimal friskhed.<\/span><\/p>\n<table>\n<tbody>\n<tr>\n<td><b>Attribute<\/b><\/td>\n<td><b>Detaljer<\/b><\/td>\n<\/tr>\n<tr>\n<td><b>Indhold pr. d\u00e5se<\/b><\/td>\n<td><span style=\"font-weight: 400;\">12g (20 poser)<\/span><\/td>\n<\/tr>\n<tr>\n<td><b>Nikotinindhold<\/b><\/td>\n<td><span style=\"font-weight: 400;\">16 mg\/g (12 mg pr. poulse)<\/span><\/td>\n<\/tr>\n<tr>\n<td><b>Poseformat<\/b><\/td>\n<td><span style=\"font-weight: 400;\">Slim<\/span><\/td>\n<\/tr>\n<tr>\n<td><b>Producent<\/b><\/td>\n<td><span style=\"font-weight: 400;\">Puff &amp; Pouch<\/span><\/td>\n<\/tr>\n<tr>\n<td><b>Smag<\/b><\/td>\n<td><span style=\"font-weight: 400;\">Arctic Mint<\/span><\/td>\n<\/tr>\n<tr>\n<td><b>Type<\/b><\/td>\n<td><span style=\"font-weight: 400;\">Helt hvid pose<\/span><\/td>\n<\/tr>\n<\/tbody>\n<\/table>","protected":false},"excerpt":{"rendered":"<p>Isig, invigorerende <strong data-start=\"18\" data-end=\"26\">mynte<\/strong> med et ekstra-k\u00f8lig slag. <strong data-start=\"56\" data-end=\"64\">Slim<\/strong>, helt hvide poser sidder diskret under l\u00e6ben uden at plette t\u00e6nder; hver d\u00e5se indeholder 20. Hver poulse indeholder <strong data-start=\"179\" data-end=\"198\">~12 mg nikotin<\/strong> (16 mg\/g), hvilket leverer et st\u00e6rkt slag for erfarne brugere. H\u00e5ndv\u00e6rket af Puff &amp; Pouch (Finland) for konsistent kvalitet og maksimal friskhed.<\/p>","protected":false},"featured_media":28731,"comment_status":"open","ping_status":"closed","template":"","format":[206],"meta":{"_acf_changed":false},"product_brand":[],"product_cat":[87],"product_tag":[16561],"flavours":[199],"nicotine":[213,232],"class_list":{"0":"post-28727","1":"product","2":"type-product","3":"status-publish","4":"has-post-thumbnail","6":"product_cat-greatest","7":"product_tag-12-mg-pouch","8":"pa_quantity-1-pack","9":"pa_quantity-10-pack","10":"pa_quantity-3-pack","11":"pa_quantity-30-pack","12":"pa_quantity-5-pack","13":"pa_quantity-60-pack","14":"flavours-mint","15":"format-slim","16":"nicotine-16-mg-g","17":"nicotine-extra-strong","19":"first","20":"instock","21":"taxable","22":"shipping-taxable","23":"purchasable","24":"product-type-variable"},"acf":[],"_links":{"self":[{"href":"https:\/\/whitelip.com\/da\/wp-json\/wp\/v2\/product\/28727","targetHints":{"allow":["GET"]}}],"collection":[{"href":"https:\/\/whitelip.com\/da\/wp-json\/wp\/v2\/product"}],"about":[{"href":"https:\/\/whitelip.com\/da\/wp-json\/wp\/v2\/types\/product"}],"replies":[{"embeddable":true,"href":"https:\/\/whitelip.com\/da\/wp-json\/wp\/v2\/comments?post=28727"}],"wp:featuredmedia":[{"embeddable":true,"href":"https:\/\/whitelip.com\/da\/wp-json\/wp\/v2\/media\/28731"}],"wp:attachment":[{"href":"https:\/\/whitelip.com\/da\/wp-json\/wp\/v2\/media?parent=28727"}],"wp:term":[{"taxonomy":"product_brand","embeddable":true,"href":"https:\/\/whitelip.com\/da\/wp-json\/wp\/v2\/product_brand?post=28727"},{"taxonomy":"product_cat","embeddable":true,"href":"https:\/\/whitelip.com\/da\/wp-json\/wp\/v2\/product_cat?post=28727"},{"taxonomy":"product_tag","embeddable":true,"href":"https:\/\/whitelip.com\/da\/wp-json\/wp\/v2\/product_tag?post=28727"},{"taxonomy":"flavours","embeddable":true,"href":"https:\/\/whitelip.com\/da\/wp-json\/wp\/v2\/flavours?post=28727"},{"taxonomy":"format","embeddable":true,"href":"https:\/\/whitelip.com\/da\/wp-json\/wp\/v2\/format?post=28727"},{"taxonomy":"nicotine","embeddable":true,"href":"https:\/\/whitelip.com\/da\/wp-json\/wp\/v2\/nicotine?post=28727"}],"curies":[{"name":"wp","href":"https:\/\/api.w.org\/{rel}","templated":true}]}}