{"id":28722,"date":"2025-09-29T12:34:36","date_gmt":"2025-09-29T12:34:36","guid":{"rendered":"https:\/\/whitelip.com\/?post_type=product&#038;p=28722"},"modified":"2026-04-19T04:23:06","modified_gmt":"2026-04-19T04:23:06","slug":"greatest-lemonade-edition","status":"publish","type":"product","link":"https:\/\/whitelip.com\/da\/greatest\/greatest-lemonade-edition\/","title":{"rendered":"GREATEST Lemonade Edition"},"content":{"rendered":"<h2><b>GREATEST Lemonade Edition<\/b><\/h2>\n<p><span style=\"font-weight: 400;\">GREATEST Lemonade Edition nikotinposer leverer en frisk og forfriskende limonadesmag med den perfekte balance mellem citrusagtig s\u00f8dhed og syrlighed. Med en nikotinstyrke p\u00e5 16 mg pr. gram, svarende til cirka 12 mg pr. pose, giver disse slim-format poser en st\u00e6rk og steady frigivelse ideel for erfarne brugere. Hver d\u00e5se indeholder 20 diskrete, helt hvide poser, der er komfortable under l\u00e6ben og ikke pletter t\u00e6nder. Produceret af Puff &amp; Pouch, en finsk producent anerkendt for at kombinere moderne innovation med traditionel kvalitet, tilbyder GREATEST Lemonade Edition en dristig og forfriskende nikotinoplevelse.<\/span><\/p>\n<table>\n<tbody>\n<tr>\n<td><b>Attribute<\/b><\/td>\n<td><b>Detaljer<\/b><\/td>\n<\/tr>\n<tr>\n<td><b>Indhold pr. d\u00e5se<\/b><\/td>\n<td><span style=\"font-weight: 400;\">12g (20 poser)<\/span><\/td>\n<\/tr>\n<tr>\n<td><b>Nikotinindhold<\/b><\/td>\n<td><span style=\"font-weight: 400;\">16 mg\/g (12 mg pr. poulse)<\/span><\/td>\n<\/tr>\n<tr>\n<td><b>Poseformat<\/b><\/td>\n<td><span style=\"font-weight: 400;\">Slim<\/span><\/td>\n<\/tr>\n<tr>\n<td><b>Producent<\/b><\/td>\n<td><span style=\"font-weight: 400;\">Premium Pouch Global<\/span><\/td>\n<\/tr>\n<tr>\n<td><b>Smag<\/b><\/td>\n<td><span style=\"font-weight: 400;\">Limonade<\/span><\/td>\n<\/tr>\n<tr>\n<td><b>Type<\/b><\/td>\n<td><span style=\"font-weight: 400;\">Helt hvid pose<\/span><\/td>\n<\/tr>\n<\/tbody>\n<\/table>","protected":false},"excerpt":{"rendered":"<p>Spr\u00f8d, forfriskende <strong data-start=\"18\" data-end=\"30\">limonade<\/strong> med afbalanceret citruss\u00f8dhed og syrlighed. <strong data-start=\"72\" data-end=\"80\">Slim<\/strong>, helt hvide poser sidder diskret under l\u00e6ben og vil ikke plette t\u00e6nder; 20 pr. d\u00e5se. Hver pose indeholder <strong data-start=\"184\" data-end=\"203\">~12 mg nikotin<\/strong> (16 mg\/g), som leverer en st\u00e6rk, steady frigivelse for erfarne brugere. H\u00e5ndlavet af Puff &amp; Pouch (Finland) for konsistent kvalitet.<\/p>","protected":false},"featured_media":28726,"comment_status":"open","ping_status":"closed","template":"","format":[206],"meta":{"_acf_changed":false},"product_brand":[],"product_cat":[87],"product_tag":[16561],"flavours":[190],"nicotine":[213,232],"class_list":{"0":"post-28722","1":"product","2":"type-product","3":"status-publish","4":"has-post-thumbnail","6":"product_cat-greatest","7":"product_tag-12-mg-pouch","8":"pa_quantity-1-pack","9":"pa_quantity-10-pack","10":"pa_quantity-3-pack","11":"pa_quantity-30-pack","12":"pa_quantity-5-pack","13":"pa_quantity-60-pack","14":"flavours-citrus","15":"format-slim","16":"nicotine-16-mg-g","17":"nicotine-extra-strong","19":"first","20":"instock","21":"taxable","22":"shipping-taxable","23":"purchasable","24":"product-type-variable"},"acf":[],"_links":{"self":[{"href":"https:\/\/whitelip.com\/da\/wp-json\/wp\/v2\/product\/28722","targetHints":{"allow":["GET"]}}],"collection":[{"href":"https:\/\/whitelip.com\/da\/wp-json\/wp\/v2\/product"}],"about":[{"href":"https:\/\/whitelip.com\/da\/wp-json\/wp\/v2\/types\/product"}],"replies":[{"embeddable":true,"href":"https:\/\/whitelip.com\/da\/wp-json\/wp\/v2\/comments?post=28722"}],"wp:featuredmedia":[{"embeddable":true,"href":"https:\/\/whitelip.com\/da\/wp-json\/wp\/v2\/media\/28726"}],"wp:attachment":[{"href":"https:\/\/whitelip.com\/da\/wp-json\/wp\/v2\/media?parent=28722"}],"wp:term":[{"taxonomy":"product_brand","embeddable":true,"href":"https:\/\/whitelip.com\/da\/wp-json\/wp\/v2\/product_brand?post=28722"},{"taxonomy":"product_cat","embeddable":true,"href":"https:\/\/whitelip.com\/da\/wp-json\/wp\/v2\/product_cat?post=28722"},{"taxonomy":"product_tag","embeddable":true,"href":"https:\/\/whitelip.com\/da\/wp-json\/wp\/v2\/product_tag?post=28722"},{"taxonomy":"flavours","embeddable":true,"href":"https:\/\/whitelip.com\/da\/wp-json\/wp\/v2\/flavours?post=28722"},{"taxonomy":"format","embeddable":true,"href":"https:\/\/whitelip.com\/da\/wp-json\/wp\/v2\/format?post=28722"},{"taxonomy":"nicotine","embeddable":true,"href":"https:\/\/whitelip.com\/da\/wp-json\/wp\/v2\/nicotine?post=28722"}],"curies":[{"name":"wp","href":"https:\/\/api.w.org\/{rel}","templated":true}]}}