{"id":27951,"date":"2025-09-23T12:50:07","date_gmt":"2025-09-23T12:50:07","guid":{"rendered":"https:\/\/whitelip.com\/?post_type=product&#038;p=27951"},"modified":"2026-05-11T13:26:59","modified_gmt":"2026-05-11T13:26:59","slug":"bjorn-cola-ice","status":"publish","type":"product","link":"https:\/\/whitelip.com\/da\/bjorn\/bjorn-cola-ice\/","title":{"rendered":"BJ\u00d6RN Cola Ice"},"content":{"rendered":"<h2><strong>BJ\u00d6RN Cola Ice<\/strong><\/h2>\n<p class=\"\" data-start=\"76\" data-end=\"609\">BJ\u00d6RN Cola Ice nikotinposer leverer den klassiske, s\u00f8de colasmag parret med en blivende k\u00f8leeffekt. Kombinationen af velkendt sodavandsmag og isk\u00f8lende friskhed skaber en dristig og forfriskende puseOplevelse, der skiller sig ud. Hver slank, helt hvid pose indeholder 19,5 mg nikotin og tilbyder et kraftigt spark tilpasset erfarne brugere, der s\u00f8ger b\u00e5de intensitet og smag. Diskret, komfortabel og pletfri er BJ\u00d6RN Cola Ice produceret af 77 Group for at sikre h\u00f8j kvalitet, autentisk smag og et tobaksfrit alternativ.<\/p>\n<table>\n<tbody>\n<tr>\n<td><b>Attribute<\/b><\/td>\n<td><b>Detaljer<\/b><\/td>\n<\/tr>\n<tr>\n<td><b>Indhold pr. d\u00e5se<\/b><\/td>\n<td><span style=\"font-weight: 400;\">13g (20 poser)<\/span><\/td>\n<\/tr>\n<tr>\n<td><b>Nikotinindhold<\/b><\/td>\n<td><span style=\"font-weight: 400;\">30 mg\/g (19,5 mg per pose)<\/span><\/td>\n<\/tr>\n<tr>\n<td><b>Poseformat<\/b><\/td>\n<td><span style=\"font-weight: 400;\">Slim<\/span><\/td>\n<\/tr>\n<tr>\n<td><b>Producent<\/b><\/td>\n<td><span style=\"font-weight: 400;\">77 Group<\/span><\/td>\n<\/tr>\n<tr>\n<td><b>Smag<\/b><\/td>\n<td><span style=\"font-weight: 400;\">Cola &amp; Cooling (Cola Ice)<\/span><\/td>\n<\/tr>\n<tr>\n<td><b>Type<\/b><\/td>\n<td><span style=\"font-weight: 400;\">Helt hvid pose<\/span><\/td>\n<\/tr>\n<\/tbody>\n<\/table>","protected":false},"excerpt":{"rendered":"<p>Klassisk, s\u00f8d <strong data-start=\"15\" data-end=\"40\">cola <\/strong>med isk\u00f8lende k\u00f8ling for et dristigt, friskende sodavandslignende hit. Det <strong data-start=\"83\" data-end=\"102\">smalle, <\/strong>helt hvide poser hviler diskret og behageligt under l\u00e6ben for ren, n\u00e5r som helst brug. Hver pose indeholder <strong data-start=\"201\" data-end=\"221\">19,5 mg nikotin<\/strong>, hvilket giver et kraftigt spark tilpasset erfarne brugere. Produceret af 77 Group for autentisk smag i et tobaksfrit format.<\/p>","protected":false},"featured_media":27955,"comment_status":"open","ping_status":"closed","template":"","format":[206],"meta":{"_acf_changed":false},"product_brand":[],"product_cat":[239],"product_tag":[16557],"flavours":[193],"nicotine":[221,233],"class_list":{"0":"post-27951","1":"product","2":"type-product","3":"status-publish","4":"has-post-thumbnail","6":"product_cat-bjorn","7":"product_tag-19-5-mg-pouch","8":"pa_quantity-1-pack","9":"pa_quantity-10-pack","10":"pa_quantity-3-pack","11":"pa_quantity-30-pack","12":"pa_quantity-5-pack","13":"pa_quantity-60-pack","14":"flavours-cola","15":"format-slim","16":"nicotine-30-mg-g","17":"nicotine-extreme","19":"first","20":"instock","21":"taxable","22":"shipping-taxable","23":"purchasable","24":"product-type-variable"},"acf":[],"_links":{"self":[{"href":"https:\/\/whitelip.com\/da\/wp-json\/wp\/v2\/product\/27951","targetHints":{"allow":["GET"]}}],"collection":[{"href":"https:\/\/whitelip.com\/da\/wp-json\/wp\/v2\/product"}],"about":[{"href":"https:\/\/whitelip.com\/da\/wp-json\/wp\/v2\/types\/product"}],"replies":[{"embeddable":true,"href":"https:\/\/whitelip.com\/da\/wp-json\/wp\/v2\/comments?post=27951"}],"wp:featuredmedia":[{"embeddable":true,"href":"https:\/\/whitelip.com\/da\/wp-json\/wp\/v2\/media\/27955"}],"wp:attachment":[{"href":"https:\/\/whitelip.com\/da\/wp-json\/wp\/v2\/media?parent=27951"}],"wp:term":[{"taxonomy":"product_brand","embeddable":true,"href":"https:\/\/whitelip.com\/da\/wp-json\/wp\/v2\/product_brand?post=27951"},{"taxonomy":"product_cat","embeddable":true,"href":"https:\/\/whitelip.com\/da\/wp-json\/wp\/v2\/product_cat?post=27951"},{"taxonomy":"product_tag","embeddable":true,"href":"https:\/\/whitelip.com\/da\/wp-json\/wp\/v2\/product_tag?post=27951"},{"taxonomy":"flavours","embeddable":true,"href":"https:\/\/whitelip.com\/da\/wp-json\/wp\/v2\/flavours?post=27951"},{"taxonomy":"format","embeddable":true,"href":"https:\/\/whitelip.com\/da\/wp-json\/wp\/v2\/format?post=27951"},{"taxonomy":"nicotine","embeddable":true,"href":"https:\/\/whitelip.com\/da\/wp-json\/wp\/v2\/nicotine?post=27951"}],"curies":[{"name":"wp","href":"https:\/\/api.w.org\/{rel}","templated":true}]}}